{"id":740,"date":"2014-05-26T07:00:04","date_gmt":"2014-05-26T07:00:04","guid":{"rendered":"http:\/\/www.veomit.com\/test\/bsb\/?page_id=740"},"modified":"2014-05-26T07:00:04","modified_gmt":"2014-05-26T07:00:04","slug":"diversite","status":"publish","type":"page","link":"https:\/\/bsbharco.com\/fr\/diversite\/","title":{"rendered":"Diversit\u00e9"},"content":{"rendered":"<p>Le Cabinet Brijnandan Singh Bhar &#038; Co. pratique une politique d\u2019int\u00e9gration, avec des possibilit\u00e9s de d\u00e9veloppement de carri\u00e8re accessibles \u00e0 tous et tout \u00e0 fait \u00e9videntes.<\/p>\n<p>Nous croyons que la promotion de l&rsquo;\u00e9galit\u00e9, de la diversit\u00e9 et de l&rsquo;inclusion nous permet d&rsquo;acqu\u00e9rir les meilleurs talents et nous formons des \u00e9quipes des plus efficaces pour offrir des services de qualit\u00e9 \u00e0 nos clients.<br \/>\nCela fait partie de notre mani\u00e8re d\u2019appliquer nos valeurs &#8211; nos principes BSB8. <\/p>\n<p>Gr\u00e2ce \u00e0 nos diff\u00e9rentes initiatives, nous nous concentrons sur l&rsquo;\u00e9limination des obstacles \u00e0 la carri\u00e8re juridique des jeunes sous-repr\u00e9sent\u00e9s.<\/p>\n<p>Pour s&rsquo;attaquer \u00e0 ce probl\u00e8me syst\u00e9mique, nous nous effor\u00e7ons d&rsquo;utiliser nos ressources et les comp\u00e9tences de chacun d\u2019entre nous pour permettre aux jeunes talents de tous horizons d&rsquo;acc\u00e9der et de progresser dans une carri\u00e8re juridique. <\/p>\n<p>L&rsquo;initiative commence par nos programmes de bourses et de stages et par notre syst\u00e8me de recrutement et de carri\u00e8re au sein de l&rsquo;entreprise.<\/p>\n","protected":false},"excerpt":{"rendered":"<p>Le Cabinet Brijnandan Singh Bhar &#038; Co. pratique une politique d\u2019int\u00e9gration, avec des possibilit\u00e9s de d\u00e9veloppement de carri\u00e8re accessibles \u00e0 tous et tout \u00e0 fait \u00e9videntes. Nous croyons que la promotion de l&rsquo;\u00e9galit\u00e9, de la diversit\u00e9 et de l&rsquo;inclusion nous permet d&rsquo;acqu\u00e9rir les meilleurs talents et nous formons des \u00e9quipes des plus efficaces pour offrir [&hellip;]<\/p>\n","protected":false},"author":1,"featured_media":0,"parent":0,"menu_order":0,"comment_status":"open","ping_status":"open","template":"single-csr.php","meta":{"_acf_changed":false,"footnotes":""},"class_list":["post-740","page","type-page","status-publish","hentry"],"acf":[],"_links":{"self":[{"href":"https:\/\/bsbharco.com\/fr\/wp-json\/wp\/v2\/pages\/740","targetHints":{"allow":["GET"]}}],"collection":[{"href":"https:\/\/bsbharco.com\/fr\/wp-json\/wp\/v2\/pages"}],"about":[{"href":"https:\/\/bsbharco.com\/fr\/wp-json\/wp\/v2\/types\/page"}],"author":[{"embeddable":true,"href":"https:\/\/bsbharco.com\/fr\/wp-json\/wp\/v2\/users\/1"}],"replies":[{"embeddable":true,"href":"https:\/\/bsbharco.com\/fr\/wp-json\/wp\/v2\/comments?post=740"}],"version-history":[{"count":1,"href":"https:\/\/bsbharco.com\/fr\/wp-json\/wp\/v2\/pages\/740\/revisions"}],"predecessor-version":[{"id":741,"href":"https:\/\/bsbharco.com\/fr\/wp-json\/wp\/v2\/pages\/740\/revisions\/741"}],"wp:attachment":[{"href":"https:\/\/bsbharco.com\/fr\/wp-json\/wp\/v2\/media?parent=740"}],"curies":[{"name":"wp","href":"https:\/\/api.w.org\/{rel}","templated":true}]}}