{"id":738,"date":"2014-05-26T06:57:46","date_gmt":"2014-05-26T06:57:46","guid":{"rendered":"http:\/\/www.veomit.com\/test\/bsb\/?page_id=738"},"modified":"2014-08-22T05:30:49","modified_gmt":"2014-08-22T05:30:49","slug":"environnement-durable","status":"publish","type":"page","link":"https:\/\/bsbharco.com\/fr\/environnement-durable\/","title":{"rendered":"Environnement Durable"},"content":{"rendered":"<p><\/br><br \/>\nNous nous effor\u00e7ons de g\u00e9rer l&rsquo;impact environnemental de la gestion d&rsquo;un cabinet d&rsquo;avocats moderne.<\/p>\n<p>Nous nous nous effor\u00e7ons continuellement de r\u00e9duire notre empreinte environnementale.<\/p>\n<p>&nbsp;<\/p>\n<p>\u00c0 cette fin, nous devons :<\/p>\n<p>&nbsp;<\/p>\n<ul>\n<li>explorer les moyens de nous assurer que l&rsquo;entreprise fonctionne d\u2019une mani\u00e8re respectueuse de l&rsquo;environnement<\/li>\n<li>promouvoir la conscience environnementale chez notre personnel et nos fournisseurs<\/li>\n<li>veiller \u00e0 ce que nos initiatives refl\u00e8tent les valeurs de l&rsquo;entreprise et contribuent \u00e0 l&rsquo;engagement de la responsabilit\u00e9 de l&rsquo;entreprise<\/li>\n<li>travailler avec des fournisseurs qui partagent nos valeurs et notre souci de l&rsquo;environnement.<\/li>\n<\/ul>\n<p>&nbsp;<\/p>\n<p>D\u00c9M\u00c9NAGEMENT DU BUREAU DE KUALA LUMPUR<\/p>\n<p>Le d\u00e9m\u00e9nagement du bureau vers Jalan Sultan Ismail en septembre 2012 a \u00e9t\u00e9 l&rsquo;occasion de revoir les syst\u00e8mes et d&rsquo;am\u00e9liorer les performances.<\/p>\n<p>Dans la p\u00e9riode qui a pr\u00e9c\u00e9d\u00e9 le d\u00e9m\u00e9nagement, le volume des dossiers et de papier stock\u00e9s sur le site a \u00e9t\u00e9 consid\u00e9rablement r\u00e9duit gr\u00e2ce \u00e0 diverses initiatives d&rsquo;\u00e9limination.<\/p>\n<p>Parall\u00e8lement, l&rsquo;entreprise encourage l&rsquo;utilisation accrue des m\u00e9thodes \u00e9lectroniques de d\u00e9p\u00f4t des r\u00e9clamations et de classement.<\/p>\n<p>Le mobilier de bureau a \u00e9t\u00e9 remis \u00e0 divers organismes et organisations de bienfaisance.<\/p>\n<p>Du nouveau mobilier de bureau et des tapis recyclables et fabriqu\u00e9s avec des mati\u00e8res recycl\u00e9es, ont \u00e9t\u00e9 achet\u00e9s.<\/p>\n<p>L&rsquo;entreprise a \u00e9galement revu son \u00e9quipement informatique et ses installations de r\u00e9seaux pour \u00eatre plus \u00e9conome en \u00e9nergie.<\/p>\n<p>L&rsquo;entreprise a \u00e9galement mis \u00e0 jour son \u00e9quipement de cuisine afin d\u2019atteindre la norme d&rsquo;efficacit\u00e9 \u00e9nerg\u00e9tique la plus \u00e9lev\u00e9e.<\/p>\n<p>Nous avons \u00e9tendu ces initiatives couronn\u00e9es de succ\u00e8s \u00e0 nos autres bureaux en Malaisie.<\/p>\n<p>Le Cabinet r\u00e9alise cette initiative par \u00e9tapes, la premi\u00e8re \u00e9tape \u00e9tant de disposer des dossiers et autres documents en suivant les directives du chapitre 20 des lignes directrices du Conseil du Barreau de Malaisie pour l&rsquo;\u00e9limination des fichiers.<\/p>\n<p>Une fois ces dossiers soigneusement retir\u00e9s, l&rsquo;entreprise a l&rsquo;intention de les utiliser \u00e0 des fins de recyclage.<\/p>\n<p>Parall\u00e8lement \u00e0 ce qui pr\u00e9c\u00e8de, la soci\u00e9t\u00e9 a l&rsquo;intention de faire des \u00e9conomies d\u2019\u00e9nergie en \u00e9teignant ou en baissant les lumi\u00e8res et les climatiseurs pendant la pause d\u00e9jeuner de 13h00 \u00e0 14h00.<\/p>\n<p>Dans la mesure du possible, et avec l&rsquo;aval de nos clients, nous avons l&rsquo;intention d\u2019organiser nos r\u00e9unions d&rsquo;affaires par l&rsquo;interm\u00e9diaire de t\u00e9l\u00e9conf\u00e9rences et de courriers \u00e9lectroniques.<\/p>\n<p>La soci\u00e9t\u00e9 et ses membres se sont engag\u00e9s \u00e0 la durabilit\u00e9 environnementale et sont toujours \u00e0 la recherche de nouveaux moyens pour am\u00e9liorer leurs contributions \u00e0 la r\u00e9duction de leur impact sur l&rsquo;environnement.<\/p>\n<p>Nous sommes ouverts \u00e0 toutes les suggestions.<\/p>\n<p>N\u2019h\u00e9sitez pas \u00e0 nous contacter \u00e0 : <a href=\"mailto:enquiries@bsbharco.com\">enquiries@bsbharco.com<\/a>.<\/p>\n","protected":false},"excerpt":{"rendered":"<p>Nous nous effor\u00e7ons de g\u00e9rer l&rsquo;impact environnemental de la gestion d&rsquo;un cabinet d&rsquo;avocats moderne. Nous nous nous effor\u00e7ons continuellement de r\u00e9duire notre empreinte environnementale. &nbsp; \u00c0 cette fin, nous devons : &nbsp; explorer les moyens de nous assurer que l&rsquo;entreprise fonctionne d\u2019une mani\u00e8re respectueuse de l&rsquo;environnement promouvoir la conscience environnementale chez notre personnel et nos [&hellip;]<\/p>\n","protected":false},"author":1,"featured_media":0,"parent":0,"menu_order":0,"comment_status":"open","ping_status":"open","template":"single-csr.php","meta":{"_acf_changed":false,"footnotes":""},"class_list":["post-738","page","type-page","status-publish","hentry"],"acf":[],"_links":{"self":[{"href":"https:\/\/bsbharco.com\/fr\/wp-json\/wp\/v2\/pages\/738","targetHints":{"allow":["GET"]}}],"collection":[{"href":"https:\/\/bsbharco.com\/fr\/wp-json\/wp\/v2\/pages"}],"about":[{"href":"https:\/\/bsbharco.com\/fr\/wp-json\/wp\/v2\/types\/page"}],"author":[{"embeddable":true,"href":"https:\/\/bsbharco.com\/fr\/wp-json\/wp\/v2\/users\/1"}],"replies":[{"embeddable":true,"href":"https:\/\/bsbharco.com\/fr\/wp-json\/wp\/v2\/comments?post=738"}],"version-history":[{"count":4,"href":"https:\/\/bsbharco.com\/fr\/wp-json\/wp\/v2\/pages\/738\/revisions"}],"predecessor-version":[{"id":2030,"href":"https:\/\/bsbharco.com\/fr\/wp-json\/wp\/v2\/pages\/738\/revisions\/2030"}],"wp:attachment":[{"href":"https:\/\/bsbharco.com\/fr\/wp-json\/wp\/v2\/media?parent=738"}],"curies":[{"name":"wp","href":"https:\/\/api.w.org\/{rel}","templated":true}]}}