{"id":736,"date":"2014-05-26T06:53:46","date_gmt":"2014-05-26T06:53:46","guid":{"rendered":"http:\/\/www.veomit.com\/test\/bsb\/?page_id=736"},"modified":"2014-08-22T08:03:36","modified_gmt":"2014-08-22T08:03:36","slug":"secretaires-et-employees-de-bureau","status":"publish","type":"page","link":"https:\/\/bsbharco.com\/fr\/secretaires-et-employees-de-bureau\/","title":{"rendered":"Secr\u00e9taires Et Employ\u00e9(E)S De Bureau"},"content":{"rendered":"<p>Le Cabinet Brijnandan Singh Bhar &#038; Co recherche constamment des secr\u00e9taires et du personnel de bureau pour rejoindre une \u00e9quipe en pleine expansion. <\/p>\n<p>Nous appr\u00e9cions les contributions que notre personnel apporte \u00e0 la soci\u00e9t\u00e9 et le consid\u00e9rons comme notre pilier. <\/p>\n<p>Si vous avez d&rsquo;excellentes comp\u00e9tences dans le domaine du secr\u00e9tariat et du travail de bureau et savez garder la t\u00eate froide sous pression, Brijnandan Singh Bhar &#038; Co est l&rsquo;entreprise qui vous convient.  <\/p>\n<p>Notre environnement de travail est exigeant et requiert une certaine souplesse. <\/p>\n<p>En retour, nous offrons d&rsquo;excellentes r\u00e9mun\u00e9rations et de nombreuses possibilit\u00e9s de d\u00e9veloppement professionnel.<br \/>\n\u2003<br \/>\nSECR\u00c9TAIRE<\/p>\n<p>\u041e\u043d\u0438 \u0434\u043e\u043b\u0436\u043d\u044b \u043e\u0431\u043b\u0430\u0434\u0430\u0442\u044c \u0441\u043b\u0435\u0434\u0443\u044e\u0449\u0438\u043c\u0438 \u043a\u0430\u0447\u0435\u0441\u0442\u0432\u0430\u043c\u0438:<\/p>\n<ul>\n<li>les candidats devront poss\u00e9der une formation en secr\u00e9tariat\n<li>une exp\u00e9rience du secr\u00e9tariat d&rsquo;au moins une ann\u00e9e est souhait\u00e9e mais les nouveaux dipl\u00f4m\u00e9s peuvent \u00e9galement postuler\n<li>la ma\u00eetrise de l&rsquo;anglais et du malais bahasa est essentielle ainsi que la capacit\u00e9 de traduire certains documents\n<li>de bonnes comp\u00e9tences en dactylographie et en informatique sont un atout ainsi qu\u2019une connaissance pratique de Microsoft Office\n<li>une exp\u00e9rience du travail au sein d\u2019un cabinet d\u2019avocats est un plus. <\/li>\n<\/ul>\n<p>EMPLOY\u00c9(E)S DE BUREAU\/COMMIS <\/p>\n<ul>\n<li>qualifications SPM minimum<\/li>\n<li>au moins deux ans d&rsquo;exp\u00e9rience de travail dans un domaine pertinent<\/li>\n<li>ma\u00eetrise de l&rsquo;anglais et du malais bahasa \u00e9crit et parl\u00e9 sont essentiels ainsi que la capacit\u00e9 de traduire certains documents<\/li>\n<li>comp\u00e9tences en dactylographie et connaissances en informatique <\/li>\n<li>l&rsquo;exp\u00e9rience du travail au sein d\u2019un cabinet d\u2019avocats est un plus<\/li>\n<\/ul>\n<p>En retour, nous vous offrons une r\u00e9mun\u00e9ration g\u00e9n\u00e9reuse et de nombreux avantages, en fonction de vos capacit\u00e9s et de votre exp\u00e9rience.<br \/>\nPour de plus amples informations, veuillez s\u2019il vous pla\u00eet nous contacter \u00e0 l\u2019adresse suivante : applications@bsbharco.com.<\/p>\n","protected":false},"excerpt":{"rendered":"<p>Le Cabinet Brijnandan Singh Bhar &#038; Co recherche constamment des secr\u00e9taires et du personnel de bureau pour rejoindre une \u00e9quipe en pleine expansion. Nous appr\u00e9cions les contributions que notre personnel apporte \u00e0 la soci\u00e9t\u00e9 et le consid\u00e9rons comme notre pilier. Si vous avez d&rsquo;excellentes comp\u00e9tences dans le domaine du secr\u00e9tariat et du travail de bureau [&hellip;]<\/p>\n","protected":false},"author":1,"featured_media":0,"parent":0,"menu_order":0,"comment_status":"open","ping_status":"open","template":"single-join_us.php","meta":{"_acf_changed":false,"footnotes":""},"class_list":["post-736","page","type-page","status-publish","hentry"],"acf":[],"_links":{"self":[{"href":"https:\/\/bsbharco.com\/fr\/wp-json\/wp\/v2\/pages\/736","targetHints":{"allow":["GET"]}}],"collection":[{"href":"https:\/\/bsbharco.com\/fr\/wp-json\/wp\/v2\/pages"}],"about":[{"href":"https:\/\/bsbharco.com\/fr\/wp-json\/wp\/v2\/types\/page"}],"author":[{"embeddable":true,"href":"https:\/\/bsbharco.com\/fr\/wp-json\/wp\/v2\/users\/1"}],"replies":[{"embeddable":true,"href":"https:\/\/bsbharco.com\/fr\/wp-json\/wp\/v2\/comments?post=736"}],"version-history":[{"count":3,"href":"https:\/\/bsbharco.com\/fr\/wp-json\/wp\/v2\/pages\/736\/revisions"}],"predecessor-version":[{"id":2093,"href":"https:\/\/bsbharco.com\/fr\/wp-json\/wp\/v2\/pages\/736\/revisions\/2093"}],"wp:attachment":[{"href":"https:\/\/bsbharco.com\/fr\/wp-json\/wp\/v2\/media?parent=736"}],"curies":[{"name":"wp","href":"https:\/\/api.w.org\/{rel}","templated":true}]}}