{"id":729,"date":"2014-05-26T06:40:22","date_gmt":"2014-05-26T06:40:22","guid":{"rendered":"http:\/\/www.veomit.com\/test\/bsb\/?page_id=729"},"modified":"2014-08-25T10:54:55","modified_gmt":"2014-08-25T10:54:55","slug":"associes","status":"publish","type":"page","link":"https:\/\/bsbharco.com\/fr\/associes\/","title":{"rendered":"Associ\u00e9s"},"content":{"rendered":"<div class=\"su-tabs su-tabs-style-default su-tabs-mobile-stack\" data-active=\"1\" data-scroll-offset=\"0\" data-anchor-in-url=\"no\"><div class=\"su-tabs-nav\"><span class=\"\" data-url=\"\" data-target=\"blank\" tabindex=\"0\" role=\"button\">Natasha Bhar<\/span><span class=\"\" data-url=\"\" data-target=\"blank\" tabindex=\"0\" role=\"button\">Mr. Dheeraj BHAR<\/span><\/div><div class=\"su-tabs-panes\"><div class=\"su-tabs-pane su-u-clearfix su-u-trim\" data-title=\"Natasha Bhar\">\n<h2>Natasha Bhar<\/h2>\n<p><b>LLB (Hons), Barrister at Law (Middle Temple, London)<\/b><\/p>\n<p>Natasha est membre du Barreau d\u2019Angleterre et du Pays de Galles depuis le 25 novembre 2004.<\/p>\n<p>Elle a par la suite effectu\u00e9 un pupillage aupr\u00e8s du Tribunal de James Ramsden, situ\u00e9 maintenant au 39 Essex Street, l\u2019un des meilleurs juristes en droit des affaires et de la planification, entre autres.<\/p>\n<p>Au tribunal, elle a eu l\u2019occasion de traiter une vaste gamme d\u2019affaires, allant des affaires commerciales, \u00e0 des questions de droit public, touchant les autorit\u00e9s locales et les questions de r\u00e9glementation. Son travailimpliquait autres autresdes r\u00e9visions judiciaires, les injonctions, le conseil aux autorit\u00e9s locales ainsi que la pr\u00e9paration des documents judiciaires y aff\u00e9rents et le conseil aux clients priv\u00e9s sur diverses autres questions.<\/p>\n<p>En 2006, Natasha a d\u00e9but\u00e9 un pupillage avec Datuk Jagjit Singh de MM Jagjit Singh &amp; Co.<\/p>\n<p>Elle a d\u00e9fendu plusieurs affaires d&rsquo;int\u00e9r\u00eat public, dont le scandale du Conseil CLP entra\u00eenant des accusations \u00e0 la charge de son directeur, ainsi que la d\u00e9sormais c\u00e9l\u00e8bre affaire Nirmala Bonat.<\/p>\n<p>Elle a \u00e9galement trait\u00e9 des questions disciplinaires avec le Conseil du Barreau, des poursuites en diffamation et r\u00e9dig\u00e9 des avis juridiques pour diverses compagnies d&rsquo;assurance.<\/p>\n<p>En f\u00e9vrier 2007, apr\u00e8s avoir \u00e9t\u00e9 admise au Barreau de Malaisie, elle a rejoint MM Brijnandan Singh Bhar &amp; Co.<\/p>\n<p>Elle s&rsquo;est sp\u00e9cialis\u00e9e depuis lors dans les l\u00e9sions corporelles, les questions immobili\u00e8res et le droit de la famille. Son nom figure dans de nombreuses affaires parmi lesquelles :<\/p>\n<h3>COUR F\u00c9D\u00c9RALE<\/h3>\n<ul>\n<li>Abdul Ghaffar Md Min v Ibrahim Yusoff &amp; Amor [2008] 5 CLJ 1<\/li>\n<\/ul>\n<h3>HAUTE COUR DE JUSTICE<\/h3>\n<ul>\n<li>Mohd Fariz Mohd Taib &amp; Amor v Abdul Rahim Alias &amp; Amor [2011] 10 CLJ 470; [2010] 1 LNS 596<\/li>\n<\/ul>\n<h5>Natasha est membre du\/de :<\/h5>\n<ul>\n<li>Barreau d\u2019Angleterre et du Pays de Galle<\/li>\n<li>L\u2019Honourable Society of the Middle Temple, London<\/li>\n<li>Barreau de Malaisie<\/li>\n<li>Barreau de Kuala Lumpur<\/li>\n<li>La Malaysia Middle Temple Alumni Association<\/li>\n<\/ul>\n<p>Natasha parle couramment l&rsquo;anglais, l&rsquo;hindi, le punjabi et le malais.<\/p>\n<div class=\"vcard_main\">\n<p>Les coordonn\u00e9es de Natasha sont les suivantes :<\/p>\n<p>Email:<a href=\"mailto:natasha@bsbharco.com\"> natasha@bsbharco.com<\/a><\/p>\n<p>T\u00e9l. : 03 \u2013 2142 8134; 2142 8135; 2110 3586<\/p>\n<p>Fax: 03 \u2013 2141 3981<\/p>\n[hcardvcard title=\u00a0\u00bbNatasha peut \u00eatre contact\u00e9 par:\u00a0\u00bb user=\u00a0\u00bbNatasha Bhar\u00a0\u00bb display_vcard=true display_hcard=true]\n<\/p><\/div>\n<\/div>\n<div class=\"su-tabs-pane su-u-clearfix su-u-trim\" data-title=\"Mr. Dheeraj BHAR\">\n<h2>Mr. Dheeraj BHAR<\/h2>\n<p><b>MBBS (Hons), MRCS ( Glasgow ) FAGE, PGDipLaw (Hons), ADRg (London), MCIArb (Londres), Avocat inscrit au Barreau (Middle Temple, London)<\/b><\/p>\n<p>Dheeraj a une exp\u00e9rience unique dans deux des domaines les plus nobles et les plus recherch\u00e9s au monde.<\/p>\n<p>Il appartient \u00e0 la poign\u00e9e d\u2019\u00e9lites au monde qui est qualifi\u00e9e dans les domaines de la chirurgie et du droit.<\/p>\n<p>Il a obtenu un First Class Honors en m\u00e9decine d\u00e9livr\u00e9 par le Coll\u00e8ge M\u00e9dical de Kasturba, Manipal, \u00e0 la suite de quoi il est all\u00e9 \u00e0 Londres suivre une formation de chirurgien qu\u2019il a obtenue.<\/p>\n<p>En 2008, Dheeraj a obtenu un dipl\u00f4me de sp\u00e9cialiste de chirurgie plastique d\u00e9livr\u00e9 par le Royal College of Physicians &amp; Surgeons de Glasgow. Il s\u2019est alors sp\u00e9cialis\u00e9 en chirurgie plastique, esth\u00e9tique et r\u00e9paratrice.<\/p>\n<p>En 2008, Dheeraj a obtenu le dipl\u00f4me d&rsquo;\u00e9tudes sup\u00e9rieures en droit, tout en exer\u00e7ant en tant que chirurgien pour le National Health Service (Service national de sant\u00e9) et dans le secteur priv\u00e9, dans la rue la plus \u00ab m\u00e9dicale \u00bb au monde, Harley Street \u00e0 Londres. Il a obtenu son dipl\u00f4me avec mention en 2009.<\/p>\n<p>En 2010, tout en travaillant \u00e0 plein temps, il a entrepris un Bar Professional Training Course (Cours de formation professionnelle du Barreau) \u00e0 Londres avec l\u2019Honorable Society of the Middle Temple et a \u00e9t\u00e9 nomm\u00e9 au Barreau d&rsquo;Angleterre &amp; du Pays de Galles en 2011.<br \/>\nDheeraj a ensuite commenc\u00e9 un pupillage aupr\u00e8s du Tribunal de Soo Thien Ming et Nashrah sous la supervision de M. Soo Thien Ming et du Juge retrait\u00e9 de la cour f\u00e9d\u00e9rale, Datuk Seri Gopal Sri Ram.<\/p>\n<p>En 2013, Dheeraj a \u00e9t\u00e9 nomm\u00e9 au Barreau malaisien et nomm\u00e9 avocat et procureur aupr\u00e8s de la Haute Cour de Justice de Malaisie.<\/p>\n<p>Dheeraj est m\u00e9diateur accr\u00e9dit\u00e9 aupr\u00e8s du groupe charg\u00e9 du Mode Alternatif de R\u00e8glement des Conflits, \u00e0 Londres.<\/p>\n<p>Il travaille comme m\u00e9decin praticien aupr\u00e8s de\/du :<\/p>\n<p>&#8211; Conseil g\u00e9n\u00e9ral de la M\u00e9decine, Royaume-Uni<\/p>\n<p>&#8211; Indian Medical Council, Inde<\/p>\n<p>Il est membre et membre adjoint des Barreaux de :<\/p>\n<p>&#8211; Angleterre et Pays de Galles<\/p>\n<p>&#8211; Malaisie<\/p>\n<p>Dheeraj est membre de\/du :<\/p>\n<p>&#8211; Coll\u00e8ge royal des m\u00e9decins et chirurgiens de Glasgow<\/p>\n<p>&#8211; Chartered Institute of Arbitrators, Londres<\/p>\n<p>&#8211; Conseil international pour l&rsquo;arbitrage commercial<\/p>\n<p>&#8211; Association internationale du barreau<\/p>\n<p>&#8211; Association de droit international<\/p>\n<p>&#8211; Society of Construction Law (Soci\u00e9t\u00e9 du droit de la construction), Londres<\/p>\n<p>&#8211; Society of Construction Law (Soci\u00e9t\u00e9 du droit de la construction), Kuala Lumpur<\/p>\n<p>&#8211; British Association of Sport and Law (Association britannique du sport et du droit), Londres<\/p>\n<p>&#8211; World Association for Medical Law (Association mondiale de m\u00e9decine l\u00e9gale), Londres<\/p>\n<p>Dheeraj est \u00e9galement :<\/p>\n<p>&#8211; Membre de l&rsquo;Acad\u00e9mie de l&rsquo;enseignement g\u00e9n\u00e9ral (Academy of General Education)<\/p>\n<p>Dheeraj est vers\u00e9 dans les langues : il parle l\u2019anglais, le bahasa malais, l\u2019hindi, le punjabi et l\u2019ourdou.<\/p>\n<div class=\"vcard_main\">\nLes coordonn\u00e9es de Dheeraj sont les suivantes :<\/p>\n<p>Email : <a href=\"mailto:dheeraj@bsbharco.com\">dheeraj@bsbharco.com<\/a><\/p>\n<p>T\u00e9l : + 603 2142 8134 \/ 8135 ; 2110 3586<\/p>\n<p>Fax : + 603 2141 3981<\/p>\n[hcardvcard title=\u00a0\u00bbDheeraj peut \u00eatre contact\u00e9 par:\u00a0\u00bb user=\u00a0\u00bbMr Dheeraj Bhar\u00a0\u00bb display_vcard=true display_hcard=true]\n<\/div>\n<\/div><\/div><\/div>\n","protected":false},"excerpt":{"rendered":"","protected":false},"author":1,"featured_media":0,"parent":0,"menu_order":0,"comment_status":"closed","ping_status":"closed","template":"single-our_people.php","meta":{"_acf_changed":false,"footnotes":""},"class_list":["post-729","page","type-page","status-publish","hentry"],"acf":[],"_links":{"self":[{"href":"https:\/\/bsbharco.com\/fr\/wp-json\/wp\/v2\/pages\/729","targetHints":{"allow":["GET"]}}],"collection":[{"href":"https:\/\/bsbharco.com\/fr\/wp-json\/wp\/v2\/pages"}],"about":[{"href":"https:\/\/bsbharco.com\/fr\/wp-json\/wp\/v2\/types\/page"}],"author":[{"embeddable":true,"href":"https:\/\/bsbharco.com\/fr\/wp-json\/wp\/v2\/users\/1"}],"replies":[{"embeddable":true,"href":"https:\/\/bsbharco.com\/fr\/wp-json\/wp\/v2\/comments?post=729"}],"version-history":[{"count":15,"href":"https:\/\/bsbharco.com\/fr\/wp-json\/wp\/v2\/pages\/729\/revisions"}],"predecessor-version":[{"id":2288,"href":"https:\/\/bsbharco.com\/fr\/wp-json\/wp\/v2\/pages\/729\/revisions\/2288"}],"wp:attachment":[{"href":"https:\/\/bsbharco.com\/fr\/wp-json\/wp\/v2\/media?parent=729"}],"curies":[{"name":"wp","href":"https:\/\/api.w.org\/{rel}","templated":true}]}}