{"id":718,"date":"2014-05-26T06:28:17","date_gmt":"2014-05-26T06:28:17","guid":{"rendered":"http:\/\/www.veomit.com\/test\/bsb\/?page_id=718"},"modified":"2014-08-26T11:34:56","modified_gmt":"2014-08-26T11:34:56","slug":"possibilites-de-stage","status":"publish","type":"page","link":"https:\/\/bsbharco.com\/fr\/possibilites-de-stage\/","title":{"rendered":"Possibilit\u00e9s De Stage"},"content":{"rendered":"<p>Brijnandan Singh Bhar &#038; amp; Co propose un lieu stimulant et enrichissant dans lequel entreprendre une pupilage.<\/p>\n<p>Nous esp\u00e9rons que vous avez eu l&rsquo;occasion d&rsquo;explorer d&rsquo;autres domaines de notre site et de voir les domaines d&rsquo;activit\u00e9 dans lesquels nous nous engageons fr\u00e9quemment et sp\u00e9cialis\u00e9s.<\/p>\n<p>Nous offrons un m\u00e9lange unique de domaines de pratique contentieuse et non contentieuse.<\/p>\n<p>Les domaines que nous sp\u00e9cialisons et les nombreux cas rapport\u00e9s dans les m\u00e9dias et revues juridiques parlent de nos plus grandes forces.<\/p>\n<p>Nous structurons nos pupilages de mani\u00e8re \u00e0 donner \u00e0 nos \u00e9l\u00e8ves le meilleur aper\u00e7u possible dans les domaines de sp\u00e9cialisation de l&rsquo;entreprise.<\/p>\n<p>Nos superviseurs de pupilage proviennent de l&rsquo;ensemble de la gamme de domaines de pratique, et l&rsquo;occasion de s&rsquo;asseoir avec nos superviseurs au cours de neuf mois pupilage donne \u00e0 nos \u00e9l\u00e8ves la possibilit\u00e9 de suivre non seulement les diff\u00e9rentes personnalit\u00e9s mais l&rsquo;exp\u00e9rience de diff\u00e9rents domaines du droit.<\/p>\n<p>Nous nous assurons \u00e9galement que nos \u00e9l\u00e8ves ont la possibilit\u00e9 non seulement de l&rsquo;exp\u00e9rience de la vie professionnelle d&rsquo;un avocat et l&rsquo;avocat du fait d&rsquo;autrui, mais \u00e0 la pratique de leur propre chef, une fois \u00e0 court appel\u00e9, par des mentions et des audiences mineures. Cela contribue \u00e9galement \u00e0 leur exp\u00e9rience et pr\u00e9paration de l&rsquo;avenir.<\/p>\n<p>Nous attendons beaucoup de nos \u00e9l\u00e8ves et attendons d&rsquo;eux d&rsquo;\u00eatre ambitieux d\u00e8s le d\u00e9but de leur pupilage. En retour, nous attendons qu&rsquo;ils devraient \u00eatre r\u00e9mun\u00e9r\u00e9s convenablement, et offrons un prix de pupilage g\u00e9n\u00e9reux. Le prix comprendra une r\u00e9mun\u00e9ration concurrentielle et de l&rsquo;allocation; subventions pour l&rsquo;inscription et les frais de d\u00e9p\u00f4t avec le Conseil de l&rsquo;Ordre de la Malaisie et de la Haute Cour en ce qui concerne l&rsquo;admission au Barreau de Malaisie; et jetons de pr\u00e9sence pour les cours organis\u00e9s par le Conseil de l&rsquo;Ordre de la Malaisie dans le cadre de son programme de pupilage.<\/p>\n<p>Nous sommes fiers de notre convivialit\u00e9 et l&rsquo;accessibilit\u00e9 comme un cabinet d&rsquo;avocats, et nous croyons que cette attitude se refl\u00e8te dans l&rsquo;exp\u00e9rience de nos \u00e9l\u00e8ves. En outre, tandis que nos \u00e9l\u00e8ves travaillent dur pendant la journ\u00e9e, nous ne nous attendons pas \u00e0 travailler tard dans la nuit ou le week-end.<\/p>\n<p>Toutes les demandes de pupilage devraient inclure les \u00e9l\u00e9ments suivants:<\/p>\n<ul>\n<li> examens de LLB r\u00e9sultats (avec les relev\u00e9s de notes) et amp; Certificat de pratique juridique ou certificats Bar Vocational Course (avec relev\u00e9s de notes) <\/li>\n<li> SijilPelajaran Malaisie (SPM), SijilTinggiPelajaran Malaisie (STPM), O-Level, IGCSE ou A-level certificats <\/li>\n<li> prix ou bourses octroy\u00e9es (le cas \u00e9ch\u00e9ant) <\/li>\n<li> activit\u00e9s parascolaires et les positions d\u00e9tenues (le cas \u00e9ch\u00e9ant) <\/li>\n<li> P\u00e9riode de disponibilit\u00e9 <\/li>\n<\/ul>\n<p>Nous sommes un employeur \u00e9gale et nous croyons fermement que les r\u00e9sultats scolaires ne refl\u00e8tent pas toujours les meilleurs candidats de pupilage.<\/p>\n<p>Nos \u00e9l\u00e8ves doivent \u00e9galement \u00eatre <em> \u00ab\u00a0d\u00e9brouillard\u00a0\u00bb <\/em> et \u00eatre en mesure de <em> \u00ab\u00a0penser hors de la bo\u00eete\u00a0\u00bb <\/em> pour \u00eatre en mesure de fournir des solutions pour r\u00e9pondre aux attentes de nos clients. Les candidats doivent \u00e9galement prendre cela en consid\u00e9ration lors de l&rsquo;application pour un pupilage avec nous.<\/p>\n<p>Veuillez nous faire parvenir votre curriculum vitae \u00e0 <a href=\"mailto:applications@bsbharco.com\"> applications@bsbharco.com <\/a> ou utiliser notre formulaire de demande en ligne ci-dessous.<\/p>\n<h2>D\u00c9TAILS PERSONNELS<\/h2>\n\n<div class=\"wpcf7 no-js\" id=\"wpcf7-f2333-o1\" lang=\"en-US\" dir=\"ltr\" data-wpcf7-id=\"2333\">\n<div class=\"screen-reader-response\"><p role=\"status\" aria-live=\"polite\" aria-atomic=\"true\"><\/p> <ul><\/ul><\/div>\n<form action=\"\/fr\/wp-json\/wp\/v2\/pages\/718#wpcf7-f2333-o1\" method=\"post\" class=\"wpcf7-form init\" aria-label=\"Contact form\" enctype=\"multipart\/form-data\" novalidate=\"novalidate\" data-status=\"init\">\n<fieldset class=\"hidden-fields-container\"><input type=\"hidden\" name=\"_wpcf7\" value=\"2333\" \/><input type=\"hidden\" name=\"_wpcf7_version\" value=\"6.1.5\" \/><input type=\"hidden\" name=\"_wpcf7_locale\" value=\"en_US\" \/><input type=\"hidden\" name=\"_wpcf7_unit_tag\" value=\"wpcf7-f2333-o1\" \/><input type=\"hidden\" name=\"_wpcf7_container_post\" value=\"0\" \/><input type=\"hidden\" name=\"_wpcf7_posted_data_hash\" value=\"\" \/>\n<\/fieldset>\n<p> titre\n<\/p>\n<p><span class=\"wpcf7-form-control-wrap\" data-name=\"title\"><select class=\"wpcf7-form-control wpcf7-select\" aria-invalid=\"false\" name=\"title\"><option value=\"M.\">M.<\/option><option value=\"Mlle\">Mlle<\/option><option value=\"mme\">mme<\/option><option value=\"Dr\">Dr<\/option><\/select><\/span>\n<\/p>\n<p>forName\n<\/p>\n<p><span class=\"wpcf7-form-control-wrap\" data-name=\"Forename\"><input size=\"40\" maxlength=\"400\" class=\"wpcf7-form-control wpcf7-text wpcf7-validates-as-required\" aria-required=\"true\" aria-invalid=\"false\" placeholder=\"requis\" value=\"\" type=\"text\" name=\"Forename\" \/><\/span>\n<\/p>\n<p>nom de famille\n<\/p>\n<p><span class=\"wpcf7-form-control-wrap\" data-name=\"Surname\"><input size=\"40\" maxlength=\"400\" class=\"wpcf7-form-control wpcf7-text wpcf7-validates-as-required\" aria-required=\"true\" aria-invalid=\"false\" placeholder=\"requis\" value=\"\" type=\"text\" name=\"Surname\" \/><\/span>\n<\/p>\n<p>email\n<\/p>\n<p><span class=\"wpcf7-form-control-wrap\" data-name=\"Email\"><input size=\"40\" maxlength=\"400\" class=\"wpcf7-form-control wpcf7-email wpcf7-validates-as-required wpcf7-text wpcf7-validates-as-email\" aria-required=\"true\" aria-invalid=\"false\" placeholder=\"requis\" value=\"\" type=\"email\" name=\"Email\" \/><\/span>\n<\/p>\n<p>adresse\n<\/p>\n<p><span class=\"wpcf7-form-control-wrap\" data-name=\"Address\"><input size=\"40\" maxlength=\"400\" class=\"wpcf7-form-control wpcf7-text wpcf7-validates-as-required\" aria-required=\"true\" aria-invalid=\"false\" placeholder=\"requis\" value=\"\" type=\"text\" name=\"Address\" \/><\/span>\n<\/p>\n<p>t\u00e9l\u00e9phone\n<\/p>\n<p><span class=\"wpcf7-form-control-wrap\" data-name=\"Telephone\"><input size=\"40\" maxlength=\"400\" class=\"wpcf7-form-control wpcf7-tel wpcf7-validates-as-required wpcf7-text wpcf7-validates-as-tel\" aria-required=\"true\" aria-invalid=\"false\" placeholder=\"requis\" value=\"\" type=\"tel\" name=\"Telephone\" \/><\/span>\n<\/p>\n<h3>Pupillage Date de d\u00e9but\n<\/h3>\n<p>poule pr\u00e9voyez-vous de commencer la pupillage?\n<\/p>\n<p>D\u00e9marrer * : <span class=\"wpcf7-form-control-wrap\" data-name=\"Start\"><input class=\"wpcf7-form-control wpcf7-date wpcf7-validates-as-required wpcf7-validates-as-date\" aria-required=\"true\" aria-invalid=\"false\" placeholder=\"YYYY-MM-DD\" value=\"\" type=\"date\" name=\"Start\" \/><\/span> fin * : <span class=\"wpcf7-form-control-wrap\" data-name=\"End\"><input class=\"wpcf7-form-control wpcf7-date wpcf7-validates-as-required wpcf7-validates-as-date\" aria-required=\"true\" aria-invalid=\"false\" placeholder=\"YYYY-MM-DD\" value=\"\" type=\"date\" name=\"End\" \/><\/span>\n<\/p>\n<h4>L'int\u00e9r\u00eat pour Brijnandan Singh Bhar & co\n<\/h4>\n<p>S'il vous pla\u00eet expliquer pourquoi vous souhaitez passer une pi\u00e8ce jointe \u00e0 Brijnandan Singh Bhar & Co. (200 mots maximum)\n<\/p>\n<p><span class=\"wpcf7-form-control-wrap\" data-name=\"attachement\"><textarea cols=\"40\" rows=\"10\" maxlength=\"200\" class=\"wpcf7-form-control wpcf7-textarea wpcf7-validates-as-required\" aria-required=\"true\" aria-invalid=\"false\" placeholder=\"requis\" name=\"attachement\"><\/textarea><\/span>\n<\/p>\n<h4>\u00e9ducation\n<\/h4>\n<p>S'il vous pla\u00eet la liste de toutes les qualifications de SPM \/ GCS (ou \u00e9quivalent) \u00e0 ce jour avec le titre de l'objet et les noms des \u00e9tablissements o\u00f9 les qualifications ont \u00e9t\u00e9 prises. Une ventilation compl\u00e8te de tous les r\u00e9sultats d'\u00e9tudes par sujet est n\u00e9cessaire. Si vous \u00e9tudiez en ce moment s'il vous pla\u00eet fournir le nom de l'institution et les notes obtenues dans les examens de cours \u00e0 la date ou aux teneurs pr\u00e9vues.<br \/>\n- Voir plus: http:\/\/www.veomit.com\/test\/bsb\/pupillage-opportunities\/#sthash.ATJzrQcA.dpuf\n<\/p>\n<p><span class=\"wpcf7-form-control-wrap\" data-name=\"Education\"><textarea cols=\"40\" rows=\"10\" maxlength=\"2000\" class=\"wpcf7-form-control wpcf7-textarea wpcf7-validates-as-required\" aria-required=\"true\" aria-invalid=\"false\" placeholder=\"requis\" name=\"Education\"><\/textarea><\/span>\n<\/p>\n<p>Dressez la liste des prix, bourses ou des prix d\u00e9cern\u00e9s\n<\/p>\n<p><span class=\"wpcf7-form-control-wrap\" data-name=\"Awards\"><textarea cols=\"40\" rows=\"10\" maxlength=\"2000\" class=\"wpcf7-form-control wpcf7-textarea wpcf7-validates-as-required\" aria-required=\"true\" aria-invalid=\"false\" placeholder=\"requis\" name=\"Awards\"><\/textarea><\/span>\n<\/p>\n<h3>Juridique Exp\u00e9rience professionnelle\n<\/h3>\n<p>S'il vous pla\u00eet fournir une liste de toute exp\u00e9rience de travail l\u00e9gal ou autre exp\u00e9rience pertinente, par exemple, l'exp\u00e9rience de travail \u00e0 des cabinets d'avocats, des mini-pupillages, le travail b\u00e9n\u00e9vole, de plaidoirie, de d\u00e9battre ou d'une autre la parole en public.<br \/>\n- Voir plus: http:\/\/www.veomit.com\/test\/bsb\/pupillage-opportunities\/#sthash.ATJzrQcA.dpuf\n<\/p>\n<p><span class=\"wpcf7-form-control-wrap\" data-name=\"List\"><textarea cols=\"40\" rows=\"10\" maxlength=\"2000\" class=\"wpcf7-form-control wpcf7-textarea wpcf7-validates-as-required\" aria-required=\"true\" aria-invalid=\"false\" placeholder=\"requis\" name=\"List\"><\/textarea><\/span>\n<\/p>\n<h4>g\u00e9n\u00e9ral\n<\/h4>\n<p>Quelles qualit\u00e9s personnelles que vous avez qui vous fera r\u00e9ussir \u00e0 la barre?(200 mots maximum)\n<\/p>\n<p><span class=\"wpcf7-form-control-wrap\" data-name=\"personal\"><textarea cols=\"40\" rows=\"10\" maxlength=\"200\" class=\"wpcf7-form-control wpcf7-textarea wpcf7-validates-as-required\" aria-required=\"true\" aria-invalid=\"false\" placeholder=\"requis\" name=\"personal\"><\/textarea><\/span>\n<\/p>\n<p>S'il vous pla\u00eet fournir les d\u00e9tails de vos passe-temps ou d'autres int\u00e9r\u00eats\n<\/p>\n<p><span class=\"wpcf7-form-control-wrap\" data-name=\"hobbies\"><textarea cols=\"40\" rows=\"10\" maxlength=\"2000\" class=\"wpcf7-form-control wpcf7-textarea wpcf7-validates-as-required\" aria-required=\"true\" aria-invalid=\"false\" placeholder=\"requis\" name=\"hobbies\"><\/textarea><\/span>\n<\/p>\n<h3>surveillance de la diversit\u00e9\n<\/h3>\n<p>Cette partie du formulaire est facultative et n'est pas utilis\u00e9 pour la s\u00e9lection.\n<\/p>\n<p>sexe :\n<\/p>\n<p><span class=\"wpcf7-form-control-wrap\" data-name=\"Gender\"><span class=\"wpcf7-form-control wpcf7-radio\"><span class=\"wpcf7-list-item first\"><input type=\"radio\" name=\"Gender\" value=\"m\u00e2le\" \/><span class=\"wpcf7-list-item-label\">m\u00e2le<\/span><\/span><span class=\"wpcf7-list-item last\"><input type=\"radio\" name=\"Gender\" value=\"femelle\" \/><span class=\"wpcf7-list-item-label\">femelle<\/span><\/span><\/span><\/span>\n<\/p>\n<p>Vous consid\u00e9rez-vous comme ayant un handicap? :\n<\/p>\n<p><span class=\"wpcf7-form-control-wrap\" data-name=\"Disability\"><span class=\"wpcf7-form-control wpcf7-radio\"><span class=\"wpcf7-list-item first\"><input type=\"radio\" name=\"Disability\" value=\"oui\" \/><span class=\"wpcf7-list-item-label\">oui<\/span><\/span><span class=\"wpcf7-list-item last\"><input type=\"radio\" name=\"Disability\" value=\"aucun\" \/><span class=\"wpcf7-list-item-label\">aucun<\/span><\/span><\/span><\/span>\n<\/p>\n<p>Comment d\u00e9cririez-vous votre nationalit\u00e9?\n<\/p>\n<p><span class=\"wpcf7-form-control-wrap\" data-name=\"race\"><input size=\"40\" maxlength=\"400\" class=\"wpcf7-form-control wpcf7-text wpcf7-validates-as-required\" aria-required=\"true\" aria-invalid=\"false\" placeholder=\"requis\" value=\"\" type=\"text\" name=\"race\" \/><\/span>\n<\/p>\n<p>Date de naissance* : <span class=\"wpcf7-form-control-wrap\" data-name=\"DOB\"><input class=\"wpcf7-form-control wpcf7-date wpcf7-validates-as-required wpcf7-validates-as-date\" aria-required=\"true\" aria-invalid=\"false\" placeholder=\"YYYY-MM-DD\" value=\"\" type=\"date\" name=\"DOB\" \/><\/span>\n<\/p>\n<h3>Autres surveillance\n<\/h3>\n<p>Comment avez-vous entendu parler de Brijnandan Singh Bhar & Co?\n<\/p>\n<p><span class=\"wpcf7-form-control-wrap\" data-name=\"Aboutbsb\"><span class=\"wpcf7-form-control wpcf7-radio\"><span class=\"wpcf7-list-item first\"><input type=\"radio\" name=\"Aboutbsb\" value=\"pupillage juste\" \/><span class=\"wpcf7-list-item-label\">pupillage juste<\/span><\/span><span class=\"wpcf7-list-item\"><input type=\"radio\" name=\"Aboutbsb\" value=\"visite de l&#039;Universit\u00e9\" \/><span class=\"wpcf7-list-item-label\">visite de l&#039;Universit\u00e9<\/span><\/span><span class=\"wpcf7-list-item\"><input type=\"radio\" name=\"Aboutbsb\" value=\"Publications\" \/><span class=\"wpcf7-list-item-label\">Publications<\/span><\/span><span class=\"wpcf7-list-item\"><input type=\"radio\" name=\"Aboutbsb\" value=\"site Web\" \/><span class=\"wpcf7-list-item-label\">site Web<\/span><\/span><span class=\"wpcf7-list-item last\"><input type=\"radio\" name=\"Aboutbsb\" value=\"annuaires Autres\" \/><span class=\"wpcf7-list-item-label\">annuaires Autres<\/span><\/span><\/span><\/span>\n<\/p>\n<h3>File Upload\n<\/h3>\n<p>Si vous avez un CV au format DOC ou PDF, vous pouvez le t\u00e9l\u00e9charger et de nous l'envoyer.\n<\/p>\n<p><span class=\"wpcf7-form-control-wrap\" data-name=\"ChooseFile\"><input size=\"40\" class=\"wpcf7-form-control wpcf7-file\" accept=\"audio\/*,video\/*,image\/*\" aria-invalid=\"false\" type=\"file\" name=\"ChooseFile\" \/><\/span>\n<\/p>\n<h3>s\u00e9curit\u00e9\n<\/h3>\n<p>S'il vous pla\u00eet entrer les caract\u00e8res dans l'image ci-dessous\n<\/p>\n<p><input type=\"hidden\" name=\"_wpcf7_captcha_challenge_captcha-1\" value=\"3278837699\" \/><img loading=\"lazy\" decoding=\"async\" class=\"wpcf7-form-control wpcf7-captchac wpcf7-captcha-captcha-1\" width=\"60\" height=\"20\" alt=\"captcha\" src=\"https:\/\/bsbharco.com\/wp-content\/uploads\/wpcf7_captcha\/3278837699.png\" \/>\n<\/p>\n<p><span class=\"wpcf7-form-control-wrap\" data-name=\"captcha-1\"><input size=\"40\" class=\"wpcf7-form-control wpcf7-captchar\" autocomplete=\"off\" aria-invalid=\"false\" value=\"\" type=\"text\" name=\"captcha-1\" \/><\/span>\n<\/p>\n<p><input class=\"wpcf7-form-control wpcf7-submit has-spinner\" type=\"submit\" value=\"envoyer\" \/>\n<\/p><p style=\"display: none !important;\" class=\"akismet-fields-container\" data-prefix=\"_wpcf7_ak_\"><label>&#916;<textarea name=\"_wpcf7_ak_hp_textarea\" cols=\"45\" rows=\"8\" maxlength=\"100\"><\/textarea><\/label><input type=\"hidden\" id=\"ak_js_1\" name=\"_wpcf7_ak_js\" value=\"237\"\/><script>document.getElementById( \"ak_js_1\" ).setAttribute( \"value\", ( new Date() ).getTime() );<\/script><\/p><div class=\"wpcf7-response-output\" aria-hidden=\"true\"><\/div>\n<\/form>\n<\/div>\n\n","protected":false},"excerpt":{"rendered":"<p>Brijnandan Singh Bhar &#038; amp; Co propose un lieu stimulant et enrichissant dans lequel entreprendre une pupilage. Nous esp\u00e9rons que vous avez eu l&rsquo;occasion d&rsquo;explorer d&rsquo;autres domaines de notre site et de voir les domaines d&rsquo;activit\u00e9 dans lesquels nous nous engageons fr\u00e9quemment et sp\u00e9cialis\u00e9s. Nous offrons un m\u00e9lange unique de domaines de pratique contentieuse et [&hellip;]<\/p>\n","protected":false},"author":1,"featured_media":0,"parent":0,"menu_order":0,"comment_status":"open","ping_status":"open","template":"single-join_us.php","meta":{"_acf_changed":false,"footnotes":""},"class_list":["post-718","page","type-page","status-publish","hentry"],"acf":[],"_links":{"self":[{"href":"https:\/\/bsbharco.com\/fr\/wp-json\/wp\/v2\/pages\/718","targetHints":{"allow":["GET"]}}],"collection":[{"href":"https:\/\/bsbharco.com\/fr\/wp-json\/wp\/v2\/pages"}],"about":[{"href":"https:\/\/bsbharco.com\/fr\/wp-json\/wp\/v2\/types\/page"}],"author":[{"embeddable":true,"href":"https:\/\/bsbharco.com\/fr\/wp-json\/wp\/v2\/users\/1"}],"replies":[{"embeddable":true,"href":"https:\/\/bsbharco.com\/fr\/wp-json\/wp\/v2\/comments?post=718"}],"version-history":[{"count":7,"href":"https:\/\/bsbharco.com\/fr\/wp-json\/wp\/v2\/pages\/718\/revisions"}],"predecessor-version":[{"id":2353,"href":"https:\/\/bsbharco.com\/fr\/wp-json\/wp\/v2\/pages\/718\/revisions\/2353"}],"wp:attachment":[{"href":"https:\/\/bsbharco.com\/fr\/wp-json\/wp\/v2\/media?parent=718"}],"curies":[{"name":"wp","href":"https:\/\/api.w.org\/{rel}","templated":true}]}}