{"id":715,"date":"2014-05-26T06:26:01","date_gmt":"2014-05-26T06:26:01","guid":{"rendered":"http:\/\/www.veomit.com\/test\/bsb\/?page_id=715"},"modified":"2014-08-25T10:53:48","modified_gmt":"2014-08-25T10:53:48","slug":"directeurs-adjoints","status":"publish","type":"page","link":"https:\/\/bsbharco.com\/fr\/directeurs-adjoints\/","title":{"rendered":"Directeurs Adjoints"},"content":{"rendered":"<div class=\"su-tabs su-tabs-style-default su-tabs-mobile-stack\" data-active=\"1\" data-scroll-offset=\"0\" data-anchor-in-url=\"no\"><div class=\"su-tabs-nav\"><span class=\"\" data-url=\"\" data-target=\"blank\" tabindex=\"0\" role=\"button\">Shailender Bhar<\/span><span class=\"\" data-url=\"\" data-target=\"blank\" tabindex=\"0\" role=\"button\">Prochainement<\/span><\/div><div class=\"su-tabs-panes\"><div class=\"su-tabs-pane su-u-clearfix su-u-trim\" data-title=\"Shailender Bhar\">\n<h2>Shailender Bhar<\/h2>\n<p><b>LLB (Hons), Barrister at Law (Middle Temple, London)<\/b><\/p>\n<p><img loading=\"lazy\" decoding=\"async\" class=\"alignright size-medium wp-image-1591\" src=\"http:\/\/bsbharco.com\/wp-content\/uploads\/2013\/04\/27186_10150161206390311_5016456_n-209x300.jpg\" alt=\"27186_10150161206390311_5016456_n\" width=\"209\" height=\"300\" \/>Shailender a \u00e9t\u00e9 admis au barreau d&rsquo;Angleterre et du Pays de Galles en 2003, apr\u00e8s avoir termin\u00e9 son Bar Vocational Course aupr\u00e8s de l&rsquo; Honorable Society of the Middle Temple .<\/p>\n<p>Il a ensuite commenc\u00e9 son pupillage avec Timothy Straker QC et Elizabeth Appleby QC au Tribunal du 4-5 Gray\u2019s Inn Square, sous la supervision de James Ramsden.<\/p>\n<p>\u00c0 la fin de son pupillage, Shailender a accept\u00e9 une invitation en tant qu\u2019avocat plaidant aupr\u00e8s d\u2019une cour prestigieuse.<\/p>\n<p>Au 4-5 Gray\u2019s Inn Square, Shailender a exerc\u00e9 dans tous les domaines d\u2019activit\u00e9, avec un int\u00e9r\u00eat particulier pour la r\u00e9solution des diff\u00e9rends commerciaux, r\u00e9glementaires, disciplinaires, les m\u00e9dias, les sports et le droit public.<\/p>\n<p>Parmi les affaires qu\u2019il a instruites \u00e0 Londres, figurent les suivantes :<\/p>\n<ul>\n<li>Avis juridique \u00e0 un Conseil local sur un contrat de services d&rsquo;entretien d\u2019un terrain contest\u00e9<\/li>\n<li>Assistance dans la d\u00e9fense de clients italiens dans un diff\u00e9rend contractuel de plusieurs millions de livres sur des tissus et des mat\u00e9riaux import\u00e9s<\/li>\n<li>M\u00e9diation pour un plaignant contre une soci\u00e9t\u00e9 fabriquant des F1 en Grande-Bretagne sur un diff\u00e9rend portant sur l\u2019organisation d\u2019un \u00e9v\u00e8nement et de la vente au d\u00e9tail de billets pour cet \u00e9v\u00e9nement<\/li>\n<li>Avis juridique \u00e0 un Conseil local concernant une revendication impliquant plusieurs millions de livres contre un haut responsable de l\u2019exploitation de pipelines et un entrepreneur de g\u00e9nie civil<\/li>\n<li>Conseil et instruction d\u2019une plainte pour un client priv\u00e9 dans une affaire impliquant la n\u00e9gligence professionnelle d\u2019un ancien avocat<\/li>\n<li>Conseil d&rsquo;une soci\u00e9t\u00e9 de marketing sur l\u2019\u00e9ventualit\u00e9 d\u2019une r\u00e9clamation contractuelle contre un distributeur national de mail pour d\u00e9faut de livraison de mat\u00e9riel de marketing<\/li>\n<li>Conseil \u00e0 un promoteur immobilier pour une demande d&rsquo;injonction de suspension contre un plaignant<\/li>\n<li>Participation \u00e0 la d\u00e9fense d&rsquo;une soci\u00e9t\u00e9 hypoth\u00e9caire, assurances vie et retraites dans un conflit sur les commissions d\u2019un contrat d\u2019agence<\/li>\n<li>Participation \u00e0 une action pour n\u00e9gligence professionnelle chez un ancien joueur de la Premi\u00e8re League anglaise<\/li>\n<li>Assistance dans la repr\u00e9sentation d&rsquo;un joker et entra\u00eeneur international sur un diff\u00e9rend n\u00e9 de l&rsquo;\u00e9valuation et l\u2019entra\u00eenement d&rsquo;un cheval<\/li>\n<li>Assistance dans la repr\u00e9sentation de caisses d\u2019assurance de sant\u00e9 contre des opticiens pour demandes de remboursement ill\u00e9gales, profits illicites et trop-pay\u00e9s<\/li>\n<li>Implication dans un diff\u00e9rend entre un imprimeur de presse et un fournisseur d&rsquo;\u00e9quipement<\/li>\n<li>Participation \u00e0 l\u2019examen d\u2019une plainte pour agression sexuelle grave par un employ\u00e9 d&rsquo;une grande entreprise de relations professionnelles contre un important constructeur automobile allemand.<\/li>\n<\/ul>\n<p>En 2005, Shailender a \u00e9t\u00e9 admis au barreau de Malaisie.<\/p>\n<p>Il a par la suite cr\u00e9\u00e9 un cabinet avec MM Brijnandan Singh Bhar &amp; Co. se concentrant principalement sur les domaines du travail de l&rsquo;entreprise, y compris les l\u00e9sions corporelles, la n\u00e9gligence m\u00e9dicale et commerciale, les co\u00fbts et les questions fiscales.<\/p>\n<p>Les procureurs recherchent souvent l\u2019opinion de Shailender sur des questions de proc\u00e9dure et les co\u00fbts connexes.<\/p>\n<p>Il est en outre fr\u00e9quemment nomm\u00e9 \u00e0 titre de conseiller par d&rsquo;autres entreprises pour instruire des appels et diverses questions interlocutoires devant la Haute Cour de Justice et la Cour d&rsquo;appel.<\/p>\n<p>Shailender a r\u00e9cemment \u00e9t\u00e9 charg\u00e9 de d\u00e9poser un recours collectif dans une affaire de responsabilit\u00e9 civile engageant plusieurs millions de dollars, contre un fabricant multinational de lentilles de contact et contre le fournisseur, affaire qui a \u00e9t\u00e9 r\u00e9gl\u00e9 avec succ\u00e8s en faveur d\u2019une action conjointe en 2012.<\/p>\n<p>Shailender se sp\u00e9cialise \u00e9galement dans un large \u00e9ventail de questions civiles, commerciales et d&rsquo;amiraut\u00e9, qui engagent plusieurs millions de dollars, des diff\u00e9rends sur des questions de mazoutage, des litiges de construction et des augmentations de b\u00e9n\u00e9fices illicites.<\/p>\n<p>Plusieurs d\u00e9cisions rendues par Shailender ont \u00e9t\u00e9 publi\u00e9es dans les m\u00e9dias et les revues juridiques, parmi lesquelles :<\/p>\n<h3>COUR F\u00c9D\u00c9RALE<\/h3>\n<ul>\n<li>Abdul Ghaffar Md Amin v Ibrahim Yusoff &amp; Anor [2008] 5 CLJ 1<\/li>\n<\/ul>\n<h3>COUR D\u2019APPEL<\/h3>\n<ul>\n<li>Pacific &amp; Orient Insurance Co Bhd v Muniammah Muniandy [2011] 1 CLJ 947<\/li>\n<li>Annamalay Retnam v Mah Chong Peng &amp; Anor [2010] 6 CLJ 487<\/li>\n<li>Sukatno v Lee Seng Kee &amp; Anor [2009] 4 CLJ 171; [2009] 1 LNS 115<\/li>\n<li>Mohd Nor Afandi Mohamed Junus v Rahman Shah Alang Ibrahim &amp; Anor [2008] 2 CLJ 369<\/li>\n<li>Ibrahim Yusoff &amp; Anor v Abdul Ghaffar Md Amin [2009] 1 LNS 1383<\/li>\n<li>Azizi Amran v Hizzam Che Hassan [2006] 2 CLJ 821; [2006] 1 LNS 24<\/li>\n<\/ul>\n<h3>HAUTE COUR DE JUSTICE<\/h3>\n<ul>\n<li>Anum Bin Adnan &amp; Anor v Gadong Bin Singkok [2012] MLJ 575<\/li>\n<li>Mohd Fariz Mohd Taib &amp; Anor v Abdul Rahim Alias &amp; Anor [2011] 10 CLJ 470; [2010] 1 LNS 596<\/li>\n<li>Pacific &amp; Orient Insurance Co Bhd v Muniammah Muniandy [2011] 9 CLJ 569; [2010] 1 LNS 1102<\/li>\n<li>Fauziah Hassan Khutoos v Dr Ahmad Kamal Mohamed &amp; Anor [2010] 1 LNS 1576<\/li>\n<li>Adnan Idris v Norsharina Othman [2009] 1 LNS 874<\/li>\n<li>Abdul Rahman Mohd Shariff &amp; Anor v Mohd Fauzi Selamat [2007] 1 LNS 684<\/li>\n<\/ul>\n<h3>POSITIONS IMPORTANTES<\/h3>\n<ul>\n<li>2010-aujourd\u2019hui : Membre du Rotary Club de Bangsar et actuaire titulaire chez Paul Harris<\/li>\n<li>2010-aujourd\u2019hui : Membre de divers sous-comit\u00e9s du Malaysian Bar Council<\/li>\n<li>1999-2002: Pr\u00e9sident de la Soci\u00e9t\u00e9 universitaire de Malaisie et de Singapour<\/li>\n<li>1999-2001: Pr\u00e9sident du Forum des soci\u00e9t\u00e9s universitaires<\/li>\n<li>1999-2001: Repr\u00e9sentant des soci\u00e9t\u00e9s aupr\u00e8s de la Commission des\u00e9tudiants universitaires<\/li>\n<\/ul>\n<p>Shailender est vers\u00e9 dans les langues :il parle anglais, malais, hindi, punjabi et ourdou.<\/p>\n<div class=\"vcard_main\">\n<p>Les coordonn\u00e9es de Shailender sont les suivantes :<\/p>\n<p>Email: <a href=\"mailto:shailender@bsbharco.com\">shailender@bsbharco.com<\/a><\/p>\n<p>T\u00e9l. : +603 2142 8134 \/ 8135; 2110 3586<\/p>\n<p>Fax : +603 2141 3981<\/p>\n[hcardvcard title=\u00a0\u00bbShailender can be contacted through:\u00a0\u00bb user=\u00a0\u00bbShailender Bhar\u00a0\u00bb display_vcard=true display_hcard=true]\n<\/div>\n<\/div>\n<div class=\"su-tabs-pane su-u-clearfix su-u-trim\" data-title=\"Prochainement\">\n<p>To be announced shortly.<\/div><\/div><\/div>\n","protected":false},"excerpt":{"rendered":"","protected":false},"author":1,"featured_media":0,"parent":0,"menu_order":0,"comment_status":"open","ping_status":"open","template":"single-our_people.php","meta":{"_acf_changed":false,"footnotes":""},"class_list":["post-715","page","type-page","status-publish","hentry"],"acf":[],"_links":{"self":[{"href":"https:\/\/bsbharco.com\/fr\/wp-json\/wp\/v2\/pages\/715","targetHints":{"allow":["GET"]}}],"collection":[{"href":"https:\/\/bsbharco.com\/fr\/wp-json\/wp\/v2\/pages"}],"about":[{"href":"https:\/\/bsbharco.com\/fr\/wp-json\/wp\/v2\/types\/page"}],"author":[{"embeddable":true,"href":"https:\/\/bsbharco.com\/fr\/wp-json\/wp\/v2\/users\/1"}],"replies":[{"embeddable":true,"href":"https:\/\/bsbharco.com\/fr\/wp-json\/wp\/v2\/comments?post=715"}],"version-history":[{"count":9,"href":"https:\/\/bsbharco.com\/fr\/wp-json\/wp\/v2\/pages\/715\/revisions"}],"predecessor-version":[{"id":2287,"href":"https:\/\/bsbharco.com\/fr\/wp-json\/wp\/v2\/pages\/715\/revisions\/2287"}],"wp:attachment":[{"href":"https:\/\/bsbharco.com\/fr\/wp-json\/wp\/v2\/media?parent=715"}],"curies":[{"name":"wp","href":"https:\/\/api.w.org\/{rel}","templated":true}]}}