{"id":713,"date":"2014-05-26T06:22:28","date_gmt":"2014-05-26T06:22:28","guid":{"rendered":"http:\/\/www.veomit.com\/test\/bsb\/?page_id=713"},"modified":"2014-08-22T07:53:09","modified_gmt":"2014-08-22T07:53:09","slug":"praticiens-etrangers","status":"publish","type":"page","link":"https:\/\/bsbharco.com\/fr\/praticiens-etrangers\/","title":{"rendered":"Praticiens \u00c9trangers"},"content":{"rendered":"<p>En juillet 2012, le Parlement malaisien a adopt\u00e9 le Legal Profession (Amendment) Act 2012 (Loi sur les professions juridiques (amendement), 2012). <\/p>\n<p>La loi a \u00e9t\u00e9 publi\u00e9e le 20 septembre 2012. <\/p>\n<p>Cette nouvelle loi a permis aux entreprises de droit \u00e9trang\u00e8res et aux avocats \u00e9trangers de pratiquer en Malaisie, comme stipul\u00e9 dans la nouvelle l\u00e9gislation mentionn\u00e9e ci-dessus. <\/p>\n<p>Nous sommes toujours satisfaits de voir des praticiens \u00e9trangers rejoindre nos rangs et entrer dans notre r\u00e9seau juridique de plus en plus vaste. <\/p>\n<p>Pour plus d&rsquo;informations, nous vous invitons \u00e0 nous contacter \u00e0 l\u2019adresse suivante : applications@bsbharco.com.<\/p>\n","protected":false},"excerpt":{"rendered":"<p>En juillet 2012, le Parlement malaisien a adopt\u00e9 le Legal Profession (Amendment) Act 2012 (Loi sur les professions juridiques (amendement), 2012). La loi a \u00e9t\u00e9 publi\u00e9e le 20 septembre 2012. Cette nouvelle loi a permis aux entreprises de droit \u00e9trang\u00e8res et aux avocats \u00e9trangers de pratiquer en Malaisie, comme stipul\u00e9 dans la nouvelle l\u00e9gislation mentionn\u00e9e [&hellip;]<\/p>\n","protected":false},"author":1,"featured_media":0,"parent":0,"menu_order":0,"comment_status":"open","ping_status":"open","template":"single-join_us.php","meta":{"_acf_changed":false,"footnotes":""},"class_list":["post-713","page","type-page","status-publish","hentry"],"acf":[],"_links":{"self":[{"href":"https:\/\/bsbharco.com\/fr\/wp-json\/wp\/v2\/pages\/713","targetHints":{"allow":["GET"]}}],"collection":[{"href":"https:\/\/bsbharco.com\/fr\/wp-json\/wp\/v2\/pages"}],"about":[{"href":"https:\/\/bsbharco.com\/fr\/wp-json\/wp\/v2\/types\/page"}],"author":[{"embeddable":true,"href":"https:\/\/bsbharco.com\/fr\/wp-json\/wp\/v2\/users\/1"}],"replies":[{"embeddable":true,"href":"https:\/\/bsbharco.com\/fr\/wp-json\/wp\/v2\/comments?post=713"}],"version-history":[{"count":5,"href":"https:\/\/bsbharco.com\/fr\/wp-json\/wp\/v2\/pages\/713\/revisions"}],"predecessor-version":[{"id":2083,"href":"https:\/\/bsbharco.com\/fr\/wp-json\/wp\/v2\/pages\/713\/revisions\/2083"}],"wp:attachment":[{"href":"https:\/\/bsbharco.com\/fr\/wp-json\/wp\/v2\/media?parent=713"}],"curies":[{"name":"wp","href":"https:\/\/api.w.org\/{rel}","templated":true}]}}