{"id":706,"date":"2014-05-26T06:06:48","date_gmt":"2014-05-26T06:06:48","guid":{"rendered":"http:\/\/www.veomit.com\/test\/bsb\/?page_id=706"},"modified":"2014-08-22T11:03:44","modified_gmt":"2014-08-22T11:03:44","slug":"partenaires","status":"publish","type":"page","link":"https:\/\/bsbharco.com\/fr\/partenaires\/","title":{"rendered":"Partenaires"},"content":{"rendered":"<div class=\"su-tabs su-tabs-style-default su-tabs-mobile-stack\" data-active=\"1\" data-scroll-offset=\"0\" data-anchor-in-url=\"no\"><div class=\"su-tabs-nav\"><span class=\"\" data-url=\"\" data-target=\"blank\" tabindex=\"0\" role=\"button\">Dato\u2019 Brijnandan Singh Bhar<\/span><span class=\"\" data-url=\"\" data-target=\"blank\" tabindex=\"0\" role=\"button\">Nimal De Silva @ Nasaruddin Nimal Abdullah<\/span><\/div><div class=\"su-tabs-panes\"><div class=\"su-tabs-pane su-u-clearfix su-u-trim\" data-title=\"Dato\u2019 Brijnandan Singh Bhar\">\n<h2>Dato\u2019 Brijnandan Singh Bhar<\/h2>\n<p><b>\u00a0DSPN (Penang), Barrister at Law (Middle Temple, London)<\/b><\/p>\n<p>Brijnandan a plus de 40 ans d&rsquo;exp\u00e9rience du barreau.<\/p>\n<p>Il a \u00e9t\u00e9 admis au barreau d&rsquo;Angleterre et du Pays de Galles en 1971.<\/p>\n<p>Il a par la suite int\u00e9gr\u00e9 le Cabinet juridique de Michael Carr QC comme stagiaire avant de rentrer en Malaisie.<\/p>\n<p>Il a \u00e9t\u00e9 admis au Barreau de Malaisie en 1972 et a d\u00e9but\u00e9 sa pratique avec un cabinet d&rsquo;avocats \u00ab sur mesure \u00bb, se sp\u00e9cialisant dans les principaux domaines du droit p\u00e9nal et les questions de n\u00e9gligence.<\/p>\n<p>En 1975, Brijnandan eut le privil\u00e8ge d\u2019\u00eatre appel\u00e9 aupr\u00e8s du Conseil Priv\u00e9 de la Reine, \u00e0 Londres.<\/p>\n<p>En 1977, Brijnandan a cr\u00e9\u00e9 son propre cabinet sp\u00e9cialis\u00e9 dans les domaines du droit p\u00e9nal et de la n\u00e9gligence.<\/p>\n<p>Il est intervenu dans des affaires allant de la Cour de Magistrat \u00e0 la Haute Cour de Justice.<\/p>\n<p>Il a ensuite cr\u00e9\u00e9 des cabinets dans d&rsquo;autres r\u00e9gions de Malaisie, pour r\u00e9pondre \u00e0 la demande de sa client\u00e8le.<\/p>\n<p>Brijnandan s\u2019est constamment impliqu\u00e9 dans des d\u00e9cisions r\u00e9volutionnaires dans le domaine juridique.<\/p>\n<p>Il poss\u00e8de une vaste exp\u00e9rience en droit civil et en droit des affaires et est toujours consult\u00e9 et nomm\u00e9 avocat principal par d&rsquo;autres entreprises pour mener les proc\u00e8s, les appels, et diverses questions interlocutoires devant la Haute Cour de Justice, la Cour d&rsquo;appel et la Cour F\u00e9d\u00e9rale.<\/p>\n<p>Brijnandan a trait\u00e9 d\u2019innombrables affaires qui ont \u00e9t\u00e9 publi\u00e9es ou non et parmi lesquelles figurent notamment :<\/p>\n<h3>CONSEIL PRIV\u00c9 DE LA REINE<\/h3>\n<ul>\n<li>. Yahaya Bin Mohamad v Chin Tuan Nam [1975] 2 MLJ 117<\/li>\n<\/ul>\n<h3>COUR F\u00c9D\u00c9RALE<\/h3>\n<ul>\n<li>Abdul Ghaffar Md Amin v Ibrahim Yusoff &amp; Anor [2008] 5 CLJ 1<\/li>\n<li>Gooi Hock Seng v Chuah Guat Khim [2001] 1 CLJ 583<\/li>\n<li>Teoh Kim Seng v Hassan Mohamad &amp; Anor [1987]2 CLJ 205<\/li>\n<\/ul>\n<h3>COUR D\u2019APPEL<\/h3>\n<ul>\n<li>Lim Gim Seah v Lokman Talib &amp; Ors [2012] 5 CLJ 561; [2012] 1 LNS 253; [2012] MLJU 83<\/li>\n<li>Pacific &amp; Orient Insurance Co Bhd v Muniammah Muniandy [2011] 1 CLJ 947<\/li>\n<li>Annamalay Retnam v Mah Chong Peng &amp; Anor [2010] 6 CLJ 487; [2010] MLJU 449<\/li>\n<li>Sukatno v Lee Seng Kee &amp; Anor [2009] 4 CLJ 171; [2009] 1 LNS 115<\/li>\n<li>Ibrahim Yusoff &amp; Anor v Abdul Ghaffar Md Amin [2009] 1 LNS 1383<\/li>\n<li>Mohd Nor Afandi Mohamed Junus v Rahman Shah Alang Ibrahim &amp; Anor [2008] 2 CLJ 369; [2007] 1 LNS 351<\/li>\n<li>Firstcrest Global Ltd &amp; Ors v Indexia Assets Ltd &amp; Ors [2006] 3 CLJ 860; [2006] 1 LNS 65<\/li>\n<li>Azizi Amran v Hizzam Che Hassan [2006] 2 CLJ 821; [2006] 1 LNS 24<\/li>\n<li>Noraini Omar &amp; Anor v Rohaini Said &amp; Another Appeal [2006] 1 CLJ 895<\/li>\n<li>Karumalay Vanniyan &amp; Anor v Ananthan Rethinam [2005] 2 CLJ 429<\/li>\n<li>Raja Guppal Ramasamy v Sagaran Pakiam [1999] 2 CLJ 972<\/li>\n<\/ul>\n<h3>HAUTE COUR DE JUSTICE<\/h3>\n<ul>\n<li>Divian Michael a\/l Augustin Paes v Mohd Falil Bin Md Amin &amp; Anor [2013] 7 MLJ 313<\/li>\n<li>Shaiful Nizam bin Ismail v Mohd Azrul bin Rosli &amp; Anor [2013] 7 MLJ 671<\/li>\n<li>Devadass a\/l Raju v Tham Soon Kum &amp; Ors [2013] 1 MLJ 700<\/li>\n<li>Yeow Siow Huat v Lim Shuh Shin &amp; Anor [2012] MLJU 763<\/li>\n<li>Letchumay Palaniappan v Mahalingam Subramaniam &amp; Anor [2012] 7 CLJ 271; [2012] 1 LNS 444; [2012] MLJU 572<\/li>\n<li>Mohd Fariz Mohd Taib &amp; Anor v Abdul Rahim Alias &amp; Anor [2011] 10 CLJ 470; [2010] 1 LNS 596<\/li>\n<li>Pacific &amp; Orient Insurance Co Bhd v Muniammah Muniandy [2011] 9 CLJ 569; [2010] 1 LNS 1102<\/li>\n<li>Muralitharan Naraisamy &amp; Anor v Ahmad Nowawi Saad [2011] 1 CLJ 201; [2010] 1 LNS 151<\/li>\n<li>Fauziah Hassan Khutoos v Dr Ahmad Kamal Mohamed &amp; Anor [2010] 1 LNS 1576<\/li>\n<li>Lee Hock Lai v Yeoh Wah Pein [2010] 9 CLJ 586<\/li>\n<li>Adnan Idris v Norsharina Othman [2009] 1 LNS 874<\/li>\n<li>Sarbanum Mahdi &amp; Anor v Johnson Arul Arulsamy &amp; Ors [2009] 1 LNS 1218<\/li>\n<li>Pacific &amp; Orient Insurance Co Berhad v Krishnan Moorthy Veerappan [2009] 1 LNS 1552<\/li>\n<li>Zainuddin Uyub v Jalil Tumirin &amp; Anor [2009] 1 LNS 1139<\/li>\n<li>Kurnia Insurans Malaysia Berhad v Seeralandevan Thanda Moorthy [2009] 1 LNS 1675<\/li>\n<li>Noor Afzal Ahmad v Saifuddin Md Mokhtaruddin [2008] 1 LNS 593<\/li>\n<li>Faizal Osman v Neelakandan Manarsamy [2008] 9 CLJ 536; [2008] 1 LNS 455<\/li>\n<li>Abdul Rahman Mohd Shariff &amp; Anor v Mohd Fauzi Selamat [2007] 1 LNS 684<\/li>\n<li>Marimuthu Velappan v Abdullah Ismail [2007] 1 CLJ 436<\/li>\n<li>Anchur Tang Velaitham &amp; Anor v Lee Yu Hwang [2007] 1 LNS 328<\/li>\n<li>Yeoh Loh Huat v Chan Huan Seng [2006] 6 CLJ 142; [2003] 1 LNS 693<\/li>\n<li>Azizi Amran v Hizzam Che Hassan [2003] 7 CLJ 509; [2003] 1 LNS 437<\/li>\n<li>Loh Hee Thuan v Mohd Zani Abdullah [2003] 1 CLJ 410<\/li>\n<li>Tan Tok Nam And Ors v Pan Global Insurance Sdn Bhd [2002] 1 LNS 155<\/li>\n<li>Goh Sook Kim &amp; Satu Lagi v Lee Weng Kooi &amp; Yang Lain [2001] 7 CLJ 324<\/li>\n<li>Mohamad Mat Amin &amp; Ors v Mohd Rabu Ihsan [2002] 5 CLJ 47<\/li>\n<li>Karumalay Vanniyan &amp; Anor v Ananthan Rethinam [2001] 1 LNS 80<\/li>\n<li>Mohd Ismail Mukri v Annadorai Narayansamy [2001] 1 LNS 62<\/li>\n<li>Mohd Zin Abdullah v Aznizal Rajari [2001] 1 CLJ 672<\/li>\n<li>Tan Kim Swee v Pegawai Pentadbir Pusaka Harta Pusaka Norazmi Ahmad [2001] 1 CLJ 719<\/li>\n<li>Murugasan Kuppusamy &amp; Anor v Chiew Eng Chai [2000] 1 CLJ 42<\/li>\n<li>Kerajaan Negeri Kedah v Sobri Bin Salleh [2000] 8 CLJ 256; [1997] 1 LNS 564<\/li>\n<li>Lee Hock Lai v Yeoh Wah Pein [1998] 1 LNS 364<\/li>\n<li>Lee Yee Yew v United Oriental Assurance Sdn Bhd &amp; Another Case [1998] 4 CLJ 763<\/li>\n<li>Raja Guppal Ramasamy v Sagaran Pakiam [1998] 5 CLJ 656<\/li>\n<li>Halimah Bte Abdullah Dan Satu Lagi v Yusof Bin Darus [1997] 1 LNS 205<\/li>\n<li>Ewe Thuan Khay &amp; Tan Suak Wak v Mathuran Narayanan [1997] 3 CLJ 903<\/li>\n<li>Salleh Fauzi Bin Hassan Mutahi &amp; Anor v Muhammad Tarmizi Bin Pandak Ismail [1996] 1 LNS 36<\/li>\n<li>Md Saad Bin Kassim v Tan Siew Looi &amp; Anor [1996] 1 LNS 382<\/li>\n<li>Abdul Halim Bin Ibrahim v Kilang Beras Hanafi &amp; Anak-Anak Sdn Bhd [1995] 1 LNS 431<\/li>\n<li>Lee Ewe Teik v Ariffin Hussain [1990] 1 CLJ 191<\/li>\n<li>Kuppusamy L. Sundarajoo v Nithanathan Muniandy [1990] 1 CLJ 1148<\/li>\n<li>Anuar Bin Mat Amin v Abdullah Bin Mohd Zain [1989] 1 LNS 74<\/li>\n<li>Dewaramah Ellapin v Ibrahim Abdul Hamid &amp; Anor [1989] 1 CLJ 18<\/li>\n<li>Hassam Bin Mohamad &amp; Anor v Teoh Kim Seng [1986] 1 LNS 53<\/li>\n<li>Tan Goon Gan v Ang Teik Beng [1984] 1 CLJ 388<\/li>\n<li>QBE Insurance Ltd v Hashim Bin Abdul &amp; Anor [1980] 1 LNS 157<\/li>\n<li>Mohamed Hanif &amp; Anor v Chin Ah Bah [1973] 1 LNS 91<\/li>\n<\/ul>\n<div class=\"vcard_main\">\nLes coordonn\u00e9es de Brijnandan sont les suivantes :<\/p>\n<p>email: <a href=\"mailto:brijnandan@bsbharco.com\">brijnandan@bsbharco.com<\/a><\/p>\n<p>T\u00e9l. : 03 \u2013 2142 8134 \/ 8135; 2110 3586<\/p>\n<p>04 \u2013 229 2984; 229 3025<\/p>\n<p>Fax: 03 \u2013 2141 3981; 04 \u2013 229 2985<\/p>\n[hcardvcard title=\u00a0\u00bbNimal Abdullah can be contacted through:\u00a0\u00bb user=\u00a0\u00bbNimal de Silva @ Nasaruddin Nimal Abdullah\u00a0\u00bb display_vcard=true display_hcard=true]\n<\/div>\n<\/div>\n<div class=\"su-tabs-pane su-u-clearfix su-u-trim\" data-title=\"Nimal De Silva @ Nasaruddin Nimal Abdullah\">\n<h2>Nimal DE Silva @ Nasaruddin Nimal Abdullah<\/h2>\n<p><b>Barrister at Law (Lincoln\u2019s Inn, London)<\/b><\/p>\n<p>Nimal exerce depuis plus de 30 ans.<\/p>\n<p>Il est membre de l\u2019\u00abHonourable Society of Lincoln\u2019s Inn\u00bb.<\/p>\n<p>Il a \u00e9t\u00e9 admis au barreau d&rsquo;Angleterre et du Pays de Galles en 1983.<\/p>\n<p>Avant d&rsquo;\u00eatre admis, Nimal a travaill\u00e9 aux c\u00f4t\u00e9s de plusieurs avocats et procureurs c\u00e9l\u00e8bres \u00e0 Londres, dont Julian Lee, un avocat de droit p\u00e9nal renomm\u00e9 d&rsquo;Offenbach &amp; Co.<\/p>\n<p>Nimal a particip\u00e9 \u00e0 un certain nombre d\u2019affaires tr\u00e8s m\u00e9diatis\u00e9es dont les proc\u00e8s pour meurtre au tribunal londonien d&rsquo;Old Bailey et les affaires de trafic de drogue pour n&rsquo;en nommer que quelques-unes.<\/p>\n<p>Son travail dans ce genre d\u2019affaires lui a permis de se faire remarquer de Sir Peter Jackson QC, Juge de la Haute Cour de Justice d&rsquo;Angleterre, de Rudi Fortson QC, du Tribunal de 25 Bedford Row, \u00e0 Londres, et de Roderick Price du Tribunal de 187 Fleet Street, \u00e0 Londres, tous doyens du barreau anglais.<\/p>\n<p>Nimal a ensuite eu la possibilit\u00e9 de revenir en Malaisie o\u00f9 il a travaill\u00e9 avec Karpal Singh, sp\u00e9cialiste de droit p\u00e9nal et constitutionnel.<\/p>\n<p>Durant son mandat avec Karpal Singh &amp; Co., Nimal a repr\u00e9sent\u00e9 des clients qui ont fait les manchettes de journaux \u00e0 grande distribution.<\/p>\n<p>Son expertise s&rsquo;\u00e9tend \u00e9galement aux affaires devant la Cour martiale et aux injonctions de la Cour.<\/p>\n<p>Nimal est entr\u00e9 au Cabinet Brijnandan Singh Bhar &amp; Co. il y a plus de 25 ans.<\/p>\n<p>Il a poursuivi sa passion pour le droit p\u00e9nal et au fil du temps d\u00e9velopp\u00e9 un int\u00e9r\u00eat particulier pour les affaires de n\u00e9gligence g\u00e9n\u00e9rale.<\/p>\n<p>Nimal est devenu partenaire et dirige le bureau d\u2019Alor Setar, il est consid\u00e9r\u00e9 comme l\u2019un des piliers de la r\u00e9ussite de BSB &amp; Co.<\/p>\n<p>Nimal est reconnu parmi ses pairs comme un expert dans des domaines tels que les cas de parapl\u00e9gie, de mort pr\u00e9matur\u00e9e, d\u2019\u00e9valuation de la preuve de causalit\u00e9 de blessures, et d\u2019affaires de d\u00e9ni de participation.<\/p>\n<p>Nimal a une capacit\u00e9 extraordinaire \u00e0 d\u00e9m\u00ealer les affaires les plus complexes qui embarrassent m\u00eame les esprits les plus pointus.<\/p>\n<p>Nimal a trait\u00e9 des centaines d\u2019affaires, publi\u00e9es ou non, qui incluent mais ne se limitent pas \u00e0 ce qui suit :<\/p>\n<h3>AFFAIRES PUBLI\u00c9ES<\/h3>\n<ul>\n<li>Yusman b Mohd Yusoff v Zaidi b Isa &amp; 2 Ors [2012] 1 PIR 438<\/li>\n<li>Hassim b Hashim v Mohd Azwar b Ayob [2012] 1 PIR 337<\/li>\n<li>Hamize Isa v Mohamad Azhar Saad [2009] 1 LNS 1604<\/li>\n<li>Kerajaan Negeri Kedah v Sobri Bin Salleh [2000] 8 CLJ 256; [1997] 1 LNS 564<\/li>\n<li>Jamail Bin Mat Diah v K S Abd Samad A\/L Sahul Hamid [1994] MLJU 406<\/li>\n<li>Public Prosecutor v Chiong Cheng Wah [1988] 2 CLJ; [1988] 3 MLJ 56<\/li>\n<\/ul>\n<div class=\"vcard_main\">\nLes coordonn\u00e9es de Nimal sont les suivantes :<\/p>\n<p>email:<a href=\"mailto:nimal@bsbharco.com\"> nimal@bsbharco.com<\/a><\/p>\n<p>T\u00e9l. : 04 \u2013 7313 732; 7313 037<\/p>\n<p>Fax : 04 \u2013 7317 129<\/p>\n[hcardvcard title=\u00a0\u00bbNimal Abdullah can be contacted through:\u00a0\u00bb user=\u00a0\u00bbNimal de Silva @ Nasaruddin Nimal Abdullah\u00a0\u00bb display_vcard=true display_hcard=true]\n<\/div>\n<\/div><\/div><\/div>\n","protected":false},"excerpt":{"rendered":"","protected":false},"author":1,"featured_media":0,"parent":0,"menu_order":0,"comment_status":"open","ping_status":"open","template":"single-our_people.php","meta":{"_acf_changed":false,"footnotes":""},"class_list":["post-706","page","type-page","status-publish","hentry"],"acf":[],"_links":{"self":[{"href":"https:\/\/bsbharco.com\/fr\/wp-json\/wp\/v2\/pages\/706","targetHints":{"allow":["GET"]}}],"collection":[{"href":"https:\/\/bsbharco.com\/fr\/wp-json\/wp\/v2\/pages"}],"about":[{"href":"https:\/\/bsbharco.com\/fr\/wp-json\/wp\/v2\/types\/page"}],"author":[{"embeddable":true,"href":"https:\/\/bsbharco.com\/fr\/wp-json\/wp\/v2\/users\/1"}],"replies":[{"embeddable":true,"href":"https:\/\/bsbharco.com\/fr\/wp-json\/wp\/v2\/comments?post=706"}],"version-history":[{"count":14,"href":"https:\/\/bsbharco.com\/fr\/wp-json\/wp\/v2\/pages\/706\/revisions"}],"predecessor-version":[{"id":2171,"href":"https:\/\/bsbharco.com\/fr\/wp-json\/wp\/v2\/pages\/706\/revisions\/2171"}],"wp:attachment":[{"href":"https:\/\/bsbharco.com\/fr\/wp-json\/wp\/v2\/media?parent=706"}],"curies":[{"name":"wp","href":"https:\/\/api.w.org\/{rel}","templated":true}]}}