{"id":701,"date":"2014-05-26T05:58:09","date_gmt":"2014-05-26T05:58:09","guid":{"rendered":"http:\/\/www.veomit.com\/test\/bsb\/?page_id=701"},"modified":"2014-08-22T07:36:43","modified_gmt":"2014-08-22T07:36:43","slug":"praticiens-experimentes","status":"publish","type":"page","link":"https:\/\/bsbharco.com\/fr\/praticiens-experimentes\/","title":{"rendered":"Praticiens Exp\u00e9riment\u00e9s"},"content":{"rendered":"<p>Joignez-vous \u00e0 notre soci\u00e9t\u00e9 en pleine expansion.<\/p>\n<p>Nous invitons les praticiens exp\u00e9riment\u00e9s \u00e0 se joindre \u00e0 notre pratique multidisciplinaire.<\/p>\n<p>Les candidats exp\u00e9riment\u00e9s doivent avoir un minimum de trois ans d&rsquo;exp\u00e9rience apr\u00e8s l\u2019obtention de leur dipl\u00f4me.<\/p>\n<p>Ils doivent \u00eatre en mesure de :<\/p>\n<ul>\n<li>s&rsquo;adapter \u00e0 nos principes BSB8<\/li>\n<li>\u00eatre bien form\u00e9s avec une solide formation juridique<\/li>\n<li>savoir tr\u00e8s bien s\u2019exprimer et \u00eatre tr\u00e8s motiv\u00e9s<\/li>\n<li>\u00eatre proactifs et aimer travailler en \u00e9quipe<\/li>\n<li>\u00eatre en mesure d&rsquo;assumer des responsabilit\u00e9s<\/li>\n<li> savoir \u00ab<em>sortir des sentiers battus<\/em>\u00a0\u00bb<\/li>\n<\/ul>\n<p>Nous offrons d&rsquo;excellentes r\u00e9mun\u00e9rations, des avantages et des privil\u00e8ges en fonction de l&rsquo;exp\u00e9rience et de la visibilit\u00e9 de nos candidats.<\/p>\n<p>Nous vous invitons \u00e0 nous faire parvenir votre curriculum vitae \u00e0 applications@bsbharco.com.<\/p>\n","protected":false},"excerpt":{"rendered":"<p>Joignez-vous \u00e0 notre soci\u00e9t\u00e9 en pleine expansion. Nous invitons les praticiens exp\u00e9riment\u00e9s \u00e0 se joindre \u00e0 notre pratique multidisciplinaire. Les candidats exp\u00e9riment\u00e9s doivent avoir un minimum de trois ans d&rsquo;exp\u00e9rience apr\u00e8s l\u2019obtention de leur dipl\u00f4me. Ils doivent \u00eatre en mesure de : s&rsquo;adapter \u00e0 nos principes BSB8 \u00eatre bien form\u00e9s avec une solide formation juridique [&hellip;]<\/p>\n","protected":false},"author":1,"featured_media":0,"parent":0,"menu_order":0,"comment_status":"open","ping_status":"open","template":"single-join_us.php","meta":{"_acf_changed":false,"footnotes":""},"class_list":["post-701","page","type-page","status-publish","hentry"],"acf":[],"_links":{"self":[{"href":"https:\/\/bsbharco.com\/fr\/wp-json\/wp\/v2\/pages\/701","targetHints":{"allow":["GET"]}}],"collection":[{"href":"https:\/\/bsbharco.com\/fr\/wp-json\/wp\/v2\/pages"}],"about":[{"href":"https:\/\/bsbharco.com\/fr\/wp-json\/wp\/v2\/types\/page"}],"author":[{"embeddable":true,"href":"https:\/\/bsbharco.com\/fr\/wp-json\/wp\/v2\/users\/1"}],"replies":[{"embeddable":true,"href":"https:\/\/bsbharco.com\/fr\/wp-json\/wp\/v2\/comments?post=701"}],"version-history":[{"count":3,"href":"https:\/\/bsbharco.com\/fr\/wp-json\/wp\/v2\/pages\/701\/revisions"}],"predecessor-version":[{"id":2074,"href":"https:\/\/bsbharco.com\/fr\/wp-json\/wp\/v2\/pages\/701\/revisions\/2074"}],"wp:attachment":[{"href":"https:\/\/bsbharco.com\/fr\/wp-json\/wp\/v2\/media?parent=701"}],"curies":[{"name":"wp","href":"https:\/\/api.w.org\/{rel}","templated":true}]}}