{"id":694,"date":"2014-05-26T05:46:09","date_gmt":"2014-05-26T05:46:09","guid":{"rendered":"http:\/\/www.veomit.com\/test\/bsb\/?page_id=694"},"modified":"2014-05-26T05:46:09","modified_gmt":"2014-05-26T05:46:09","slug":"liens","status":"publish","type":"page","link":"https:\/\/bsbharco.com\/fr\/liens\/","title":{"rendered":"Liens"},"content":{"rendered":"<ul>\n<li>Bank Negara Malaysia \u2013 <a href=\"http:\/\/www.bnm.gov.my\/\">http:\/\/www.bnm.gov.my\/<\/a><\/li>\n<li>Bursa Malaysia \u2013 <a href=\"http:\/\/www.bursamalaysia.com\/market\/\">http:\/\/www.bursamalaysia.com\/market\/<\/a><\/li>\n<li>Bureau du Greffier principal \u2013 <a href=\"http:\/\/www.kehakiman.gov.my\/\">http:\/\/www.kehakiman.gov.my\/<\/a><\/li>\n<li>E-filing Centre \u2013 <a href=\"http:\/\/efiling.kehakiman.gov.my\/eFiling\/\">http:\/\/efiling.kehakiman.gov.my\/eFiling\/<\/a><\/li>\n<li>E-federal Gazette \u2013 <a href=\"http:\/\/www.federalgazette.agc.gov.my\/index.php\">http:\/\/www.federalgazette.agc.gov.my\/index.php<\/a><\/li>\n<li>The Honourable Society of Gray\u2019s Inn \u2013 <a href=\"http:\/\/www.graysinn.info\/\">http:\/\/www.graysinn.info\/<\/a><\/li>\n<li>The Honourable Society of the Inner Temple \u2013 <a href=\"http:\/\/www.innertemple.org.uk\/\">http:\/\/www.innertemple.org.uk\/<\/a><\/li>\n<li>The Honourable Society of Lincoln\u2019s Inn \u2013 <a href=\"http:\/\/www.lincolnsinn.org.uk\/\">http:\/\/www.lincolnsinn.org.uk\/<\/a><\/li>\n<li>The Honourable Society of the Middle Temple \u2013 <a href=\"http:\/\/www.middletemple.org.uk\/\">http:\/\/www.middletemple.org.uk\/<\/a><\/li>\n<li>Barreau de Malaisie \u2013 <a href=\"http:\/\/www.malaysianbar.org.my\/\">http:\/\/www.malaysianbar.org.my\/<\/a><\/li>\n<li>Conseil du Barreau d\u2019Angleterre et du Pays de Galle \u2013 <a href=\"http:\/\/www.barcouncil.org.uk\/\">http:\/\/www.barcouncil.org.uk\/<\/a><\/li>\n<li>Association internationale du Barreau \u2013 <a href=\"http:\/\/www.ibanet.org\/\">http:\/\/www.ibanet.org\/<\/a><\/li>\n<li>Chartered Institute of Arbitrators \u2013 <a href=\"http:\/\/www.ciarb.org\/\">http:\/\/www.ciarb.org\/<\/a><\/li>\n<li>The London Court of International Arbitration \u2013 <a href=\"http:\/\/www.lcia.org\/\">http:\/\/www.lcia.org\/<\/a><\/li>\n<li>London Maritime Arbitrators Association \u2013 <a href=\"http:\/\/www.lmaa.org.uk\/\">http:\/\/www.lmaa.org.uk\/<\/a><\/li>\n<li>The Malaysian Institute Of Arbitrators \u2013 <a href=\"http:\/\/www.miarb.com\/\">http:\/\/www.miarb.com\/<\/a><\/li>\n<li>Kuala Lumpur Regional Centre For Arbitration \u2013 <a href=\"http:\/\/www.klrca.org.my\/\">http:\/\/www.klrca.org.my\/<\/a><\/li>\n<li>The Singapore Institute Of Arbitrators \u2013 <a href=\"http:\/\/www.siarb.org.sg\/\">http:\/\/www.siarb.org.sg\/<\/a><\/li>\n<li>The Commercial Bar Association \u2013 <a href=\"http:\/\/www.combar.com\/\">http:\/\/www.combar.com\/<\/a><\/li>\n<li>International Air Transport Association \u2013 <a href=\"http:\/\/www.iata.org\/\">http:\/\/www.iata.org\/<\/a><\/li>\n<li>Society of Construction Law \u2013 <a href=\"http:\/\/www.scl.org.uk\/\">http:\/\/www.scl.org.uk\/<\/a><\/li>\n<li>Oil, Gas &amp; Energy Law Regulation \u2013 <a href=\"http:\/\/www.ogel.org\/\">http:\/\/www.ogel.org\/<\/a><\/li>\n<li>Centre international pour le r\u00e8glement des diff\u00e9rends relatifs aux investissements \u2013 <a href=\"https:\/\/icsid.worldbank.org\/\">https:\/\/icsid.worldbank.org\/<\/a><\/li>\n<li>Industrial Law Society \u2013 <a href=\"http:\/\/www.industriallawsociety.org.uk\/\">http:\/\/www.industriallawsociety.org.uk\/<\/a><\/li>\n<li>Soci\u00e9t\u00e9 medico-l\u00e9gale de Malaisie \u2013 <a href=\"http:\/\/www.mlsm.com.my\/\">http:\/\/www.mlsm.com.my\/<\/a><\/li>\n<li>Institut des courtiers en affr\u00e8tement de navire \u2013 <a href=\"http:\/\/www.ics.org.uk\/\">http:\/\/www.ics.org.uk\/<\/a><\/li>\n<\/ul>\n<p>&nbsp;<\/p>\n<p>&nbsp;<\/p>\n<p>&nbsp;<\/p>\n<p>&nbsp;<\/p>\n","protected":false},"excerpt":{"rendered":"<p>Bank Negara Malaysia \u2013 http:\/\/www.bnm.gov.my\/ Bursa Malaysia \u2013 http:\/\/www.bursamalaysia.com\/market\/ Bureau du Greffier principal \u2013 http:\/\/www.kehakiman.gov.my\/ E-filing Centre \u2013 http:\/\/efiling.kehakiman.gov.my\/eFiling\/ E-federal Gazette \u2013 http:\/\/www.federalgazette.agc.gov.my\/index.php The Honourable Society of Gray\u2019s Inn \u2013 http:\/\/www.graysinn.info\/ The Honourable Society of the Inner Temple \u2013 http:\/\/www.innertemple.org.uk\/ The Honourable Society of Lincoln\u2019s Inn \u2013 http:\/\/www.lincolnsinn.org.uk\/ The Honourable Society of the Middle Temple [&hellip;]<\/p>\n","protected":false},"author":1,"featured_media":0,"parent":0,"menu_order":0,"comment_status":"open","ping_status":"open","template":"single-our_resources.php","meta":{"_acf_changed":false,"footnotes":""},"class_list":["post-694","page","type-page","status-publish","hentry"],"acf":[],"_links":{"self":[{"href":"https:\/\/bsbharco.com\/fr\/wp-json\/wp\/v2\/pages\/694","targetHints":{"allow":["GET"]}}],"collection":[{"href":"https:\/\/bsbharco.com\/fr\/wp-json\/wp\/v2\/pages"}],"about":[{"href":"https:\/\/bsbharco.com\/fr\/wp-json\/wp\/v2\/types\/page"}],"author":[{"embeddable":true,"href":"https:\/\/bsbharco.com\/fr\/wp-json\/wp\/v2\/users\/1"}],"replies":[{"embeddable":true,"href":"https:\/\/bsbharco.com\/fr\/wp-json\/wp\/v2\/comments?post=694"}],"version-history":[{"count":1,"href":"https:\/\/bsbharco.com\/fr\/wp-json\/wp\/v2\/pages\/694\/revisions"}],"predecessor-version":[{"id":697,"href":"https:\/\/bsbharco.com\/fr\/wp-json\/wp\/v2\/pages\/694\/revisions\/697"}],"wp:attachment":[{"href":"https:\/\/bsbharco.com\/fr\/wp-json\/wp\/v2\/media?parent=694"}],"curies":[{"name":"wp","href":"https:\/\/api.w.org\/{rel}","templated":true}]}}