{"id":683,"date":"2014-05-26T05:17:47","date_gmt":"2014-05-26T05:17:47","guid":{"rendered":"http:\/\/www.veomit.com\/test\/bsb\/?page_id=683"},"modified":"2014-05-30T07:31:00","modified_gmt":"2014-05-30T07:31:00","slug":"nos-ressources","status":"publish","type":"page","link":"https:\/\/bsbharco.com\/fr\/nos-ressources\/","title":{"rendered":"Nos Ressources"},"content":{"rendered":"<p>Le Cabinet Brijnandan Singh Bhar &amp; Co s\u2019efforce de fournir les meilleurs services \u00e0 ses clients afin d\u2019\u00eatre toujours \u00e0 la pointe de l\u2019\u00e9volution technologique et juridique et de mieux r\u00e9pondre \u00e0 leurs besoins.<\/p>\n<ul>\n<li>Publications<\/li>\n<li>Mat\u00e9riaux<\/li>\n<li>Cas<\/li>\n<li>Conseil priv\u00e9<\/li>\n<li>Cour f\u00e9d\u00e9rale<\/li>\n<li>Cour d&rsquo;appel<\/li>\n<li>Haute Cour de Justice<\/li>\n<li>Sessions du Tribunal<\/li>\n<li>Cour de Magistrats<\/li>\n<li>D\u00e9veloppement professionnel continu<\/li>\n<li>Liens<\/li>\n<\/ul>\n","protected":false},"excerpt":{"rendered":"<p>Le Cabinet Brijnandan Singh Bhar &amp; Co s\u2019efforce de fournir les meilleurs services \u00e0 ses clients afin d\u2019\u00eatre toujours \u00e0 la pointe de l\u2019\u00e9volution technologique et juridique et de mieux r\u00e9pondre \u00e0 leurs besoins. Publications Mat\u00e9riaux Cas Conseil priv\u00e9 Cour f\u00e9d\u00e9rale Cour d&rsquo;appel Haute Cour de Justice Sessions du Tribunal Cour de Magistrats D\u00e9veloppement professionnel [&hellip;]<\/p>\n","protected":false},"author":1,"featured_media":0,"parent":0,"menu_order":0,"comment_status":"open","ping_status":"open","template":"single-our_resources.php","meta":{"_acf_changed":false,"footnotes":""},"class_list":["post-683","page","type-page","status-publish","hentry"],"acf":[],"_links":{"self":[{"href":"https:\/\/bsbharco.com\/fr\/wp-json\/wp\/v2\/pages\/683","targetHints":{"allow":["GET"]}}],"collection":[{"href":"https:\/\/bsbharco.com\/fr\/wp-json\/wp\/v2\/pages"}],"about":[{"href":"https:\/\/bsbharco.com\/fr\/wp-json\/wp\/v2\/types\/page"}],"author":[{"embeddable":true,"href":"https:\/\/bsbharco.com\/fr\/wp-json\/wp\/v2\/users\/1"}],"replies":[{"embeddable":true,"href":"https:\/\/bsbharco.com\/fr\/wp-json\/wp\/v2\/comments?post=683"}],"version-history":[{"count":3,"href":"https:\/\/bsbharco.com\/fr\/wp-json\/wp\/v2\/pages\/683\/revisions"}],"predecessor-version":[{"id":1391,"href":"https:\/\/bsbharco.com\/fr\/wp-json\/wp\/v2\/pages\/683\/revisions\/1391"}],"wp:attachment":[{"href":"https:\/\/bsbharco.com\/fr\/wp-json\/wp\/v2\/media?parent=683"}],"curies":[{"name":"wp","href":"https:\/\/api.w.org\/{rel}","templated":true}]}}