{"id":668,"date":"2014-05-23T12:39:29","date_gmt":"2014-05-23T12:39:29","guid":{"rendered":"http:\/\/192.168.2.3\/bsbharco.com\/?page_id=668"},"modified":"2014-08-22T10:57:41","modified_gmt":"2014-08-22T10:57:41","slug":"nos-gens","status":"publish","type":"page","link":"https:\/\/bsbharco.com\/fr\/nos-gens\/","title":{"rendered":"Nos Gens"},"content":{"rendered":"<div class=\"su-tabs su-tabs-style-default su-tabs-mobile-stack\" data-active=\"1\" data-scroll-offset=\"0\" data-anchor-in-url=\"no\"><div class=\"su-tabs-nav\"><span class=\"\" data-url=\"\" data-target=\"blank\" tabindex=\"0\" role=\"button\">Partenaires<\/span><span class=\"\" data-url=\"\" data-target=\"blank\" tabindex=\"0\" role=\"button\">Directeurs Adjoints<\/span><span class=\"\" data-url=\"\" data-target=\"blank\" tabindex=\"0\" role=\"button\">Nos Associ\u00e9s<\/span><\/div><div class=\"su-tabs-panes\"><div class=\"su-tabs-pane su-u-clearfix su-u-trim\" data-title=\"Partenaires\">\n<h3>Partenaires<\/h3>\n<p>Nous avons une structure de partenariat \u00e0 deux niveaux :<\/p>\n<p>Les partenaires sans implications au capital (employ\u00e9s salari\u00e9s avec le plus souvent un salaire tr\u00e8s g\u00e9n\u00e9reux) et les partenaires participant au capital social, partageant les b\u00e9n\u00e9fices de l&rsquo;entreprise.<\/p>\n<p>Un partenaire sans implications au capital peut \u00eatre invit\u00e9 \u00e0 un moment ou \u00e0 un autre \u00e0 se joindre aux participants au capital.<\/p>\n<p>Cependant, certains partenaires int\u00e8grent directement le plus haut niveau de partenariat avec participation au capital, en fonction de leurs capacit\u00e9s individuelles.<\/p>\n<p>BSB &amp; Co recrute des partenaires en fonction des crit\u00e8res suivants :<\/p>\n<ul>\n<li>l\u2019intelligence, et une connaissance approfondie de la loi<\/li>\n<li>la rapidit\u00e9 et le bon sens<\/li>\n<li>de solides relations avec la client\u00e8le<\/li>\n<li>leur bon sens et la stabilit\u00e9 de leurs affaires (sur les plans personnel et professionnel)<\/li>\n<li>leur d\u00e9vouement absolu \u00e0 l&rsquo;entreprise et \u00e0 leur travail<\/li>\n<li>leur capacit\u00e9 \u00e0 obtenir d\u2019excellents r\u00e9sultats<\/li>\n<li>leur esprit de coop\u00e9ration<\/li>\n<li>leur profession<\/li>\n<li>leur capacit\u00e9 \u00e0 enseigner, \u00e0 guider et \u00e0 partager leurs connaissances avec les autres associ\u00e9s<\/li>\n<li>leur participation \u00e0 la collectivit\u00e9<\/li>\n<li>leur pr\u00e9sentation personnelle<\/li>\n<li>leur adh\u00e9rence <a href=\"fr\/?page_id=529\">aux principes<\/a> BSB8.<\/li>\n<\/ul>\n<p>Pour plus d&rsquo;informations, nous vous invitons \u00e0 consulter notre page <a style=\"font-size: 18px; font-weight: bold;\" href=\"fr\/?page_id=706\">PARTENAIRES.<\/a><\/p>\n<\/div>\n<div class=\"su-tabs-pane su-u-clearfix su-u-trim\" data-title=\"Directeurs Adjoints\">\n<h3>Directeurs Adjoints<\/h3>\n<p>Brijnandan Singh Bhar &amp; Co offre un environnement de travail stimulant et gratifiant.<\/p>\n<p>Vous avez sans doute eu l\u2019occasion de visiter les autres pages de notre site et de voir les domaines d&rsquo;activit\u00e9 dans lesquels nous travaillons et nous sp\u00e9cialisons.<\/p>\n<p>Nous travaillons dans de nombreux domaines contentieux et non-contentieux.<\/p>\n<p>Les domaines dans lesquels nous nous sp\u00e9cialisons et les nombreuses affaires que nous avons trait\u00e9es et qui sont publi\u00e9es par les m\u00e9dias et revues juridiques, parlent d\u2019eux-m\u00eames.<\/p>\n<p>Nous attendons beaucoup de nos cadres sup\u00e9rieurs, notamment qu\u2019ils manifestent leurs comp\u00e9tences d\u00e8s le d\u00e9but et nous nous assurons qu\u2019ils nourrissent leurs ambitions et \u00e9tablissent des partenariats.<\/p>\n<p>En retour, nous leur offrons une r\u00e9mun\u00e9ration g\u00e9n\u00e9reuse qui augmente chaque ann\u00e9e en fonction de leur exp\u00e9rience.<\/p>\n<p>Cette r\u00e9mun\u00e9ration comprend \u00e9galement une prime \u00e0 la concurrence et des allocations, les subventions pour les frais d&rsquo;inscription pour leur certificat d&rsquo;exercice annuel aupr\u00e8s du Conseil de l&rsquo;Ordre de Malaisie et le remboursement des frais pour les cours organis\u00e9s \u00e0 l&rsquo;\u00e9chelle nationale, par le Conseil de l&rsquo;Ordre de Malaisie, par les comit\u00e9s et les conseils juridiques de l&rsquo;\u00c9tat, et \u00e0 l\u2019\u00e9tranger, par diverses organisations et institutions juridiques \u00e0 travers le monde.<\/p>\n<p>Nous sommes fiers de notre convivialit\u00e9 et de notre accessibilit\u00e9 en tant que cabinet juridique, et nous sommes convaincus que cette attitude se refl\u00e8te chez nos directeurs adjoints.<\/p>\n<p>Pour de plus amples informations, nous vous invitons \u00e0 consulter notre page <a style=\"font-size: 18px; font-weight: bold;\" href=\"fr\/?page_id=715\"> DIRECTEURS ADJOINTS.<\/a><\/p>\n<\/div>\n<div class=\"su-tabs-pane su-u-clearfix su-u-trim\" data-title=\"Nos Associ\u00e9s\">\n<h3>Nos Associ\u00e9s<\/h3>\n<p>Brijnandan Singh Bhar &amp; Co offre un environnement de travail stimulant et gratifiant.<\/p>\n<p>Vous avez sans doute eu l\u2019occasion de visiter les autres pages de notre site et de voir les domaines d&rsquo;activit\u00e9 dans lesquels nous travaillons et nous sp\u00e9cialisons.<\/p>\n<p>Nous travaillons dans de nombreux domaines contentieux et non-contentieux.<\/p>\n<p>Les domaines dans lesquels nous nous sp\u00e9cialisons et les nombreuses affaires que nous avons trait\u00e9es et qui sont publi\u00e9es par les m\u00e9dias et revues juridiques, parlent d\u2019eux-m\u00eames.<\/p>\n<p>Nous attendons beaucoup de nos associ\u00e9s, notamment qu\u2019ils manifestent leurs comp\u00e9tences d\u00e8s le d\u00e9but et nous nous assurons qu\u2019ils nourrissent leurs ambitions et \u00e9tablissent des partenariats.<\/p>\n<p>En retour, nous leur offrons une r\u00e9mun\u00e9ration g\u00e9n\u00e9reuse qui augmente chaque ann\u00e9e en fonction de leur exp\u00e9rience.<\/p>\n<p>Cette r\u00e9mun\u00e9ration comprend \u00e9galement une prime \u00e0 la concurrence et des allocations, les subventions pour les frais d&rsquo;inscription pour leur certificat d&rsquo;exercice annuel avec le Conseil de l&rsquo;Ordre de la Malaisie et le remboursement des frais pour les cours organis\u00e9s \u00e0 l&rsquo;\u00e9chelle nationale, par le Conseil de l&rsquo;Ordre de la Malaisie, par les comit\u00e9s et les conseils juridique de l&rsquo;Etat, et \u00e0 l\u2019\u00e9tranger, par diverses organisations et institutions juridiques \u00e0 travers le monde.<br \/>\nNous sommes fiers de notre convivialit\u00e9 et de notre accessibilit\u00e9 en tant que cabinet juridique, et nous croyons que cette attitude se refl\u00e8te chez nos associ\u00e9s.<\/p>\n<p>Pour de plus amples informations, nous vous invitons \u00e0 consulter notre page <a style=\"font-size: 18px; font-weight: bold;\" href=\"fr\/?page_id=729\">ASSOCI\u00c9S. <\/a><\/p>\n<\/div><\/div><\/div>\n","protected":false},"excerpt":{"rendered":"","protected":false},"author":1,"featured_media":0,"parent":0,"menu_order":0,"comment_status":"open","ping_status":"open","template":"single-our_people.php","meta":{"_acf_changed":false,"footnotes":""},"class_list":["post-668","page","type-page","status-publish","hentry"],"acf":[],"_links":{"self":[{"href":"https:\/\/bsbharco.com\/fr\/wp-json\/wp\/v2\/pages\/668","targetHints":{"allow":["GET"]}}],"collection":[{"href":"https:\/\/bsbharco.com\/fr\/wp-json\/wp\/v2\/pages"}],"about":[{"href":"https:\/\/bsbharco.com\/fr\/wp-json\/wp\/v2\/types\/page"}],"author":[{"embeddable":true,"href":"https:\/\/bsbharco.com\/fr\/wp-json\/wp\/v2\/users\/1"}],"replies":[{"embeddable":true,"href":"https:\/\/bsbharco.com\/fr\/wp-json\/wp\/v2\/comments?post=668"}],"version-history":[{"count":8,"href":"https:\/\/bsbharco.com\/fr\/wp-json\/wp\/v2\/pages\/668\/revisions"}],"predecessor-version":[{"id":2169,"href":"https:\/\/bsbharco.com\/fr\/wp-json\/wp\/v2\/pages\/668\/revisions\/2169"}],"wp:attachment":[{"href":"https:\/\/bsbharco.com\/fr\/wp-json\/wp\/v2\/media?parent=668"}],"curies":[{"name":"wp","href":"https:\/\/api.w.org\/{rel}","templated":true}]}}