{"id":546,"date":"2014-05-23T07:33:51","date_gmt":"2014-05-23T07:33:51","guid":{"rendered":"http:\/\/192.168.2.3\/bsbharco.com\/?page_id=546"},"modified":"2014-05-23T07:33:51","modified_gmt":"2014-05-23T07:33:51","slug":"contactez-nous","status":"publish","type":"page","link":"https:\/\/bsbharco.com\/fr\/contactez-nous\/","title":{"rendered":"Contactez-Nous"},"content":{"rendered":"<p>Nous nous effor\u00e7ons d\u2019\u00eatre tr\u00e8s accessibles \u00e0 nos clients.<br \/>\nNous avons actuellement des bureaux \u00e0 Kuala Lumpur, Penang et Kedah. Nous vous invitons \u00e0 consulter les informations ci-dessous pour contacter nos diff\u00e9rents bureaux. <\/p>\n<p><a href=\"?page_id=76\" style=\"font-size:16px;\">Bureau de Kuala Lumpur <\/a><\/p>\n<p><a href=\"?page_id=78\" style=\"font-size:16px;\">Bureau de Penang<\/a><\/p>\n<p><a href=\"?page_id=237\" style=\"font-size:16px;\">Bureau de Kedah<\/a><\/p>\n","protected":false},"excerpt":{"rendered":"<p>Nous nous effor\u00e7ons d\u2019\u00eatre tr\u00e8s accessibles \u00e0 nos clients. Nous avons actuellement des bureaux \u00e0 Kuala Lumpur, Penang et Kedah. Nous vous invitons \u00e0 consulter les informations ci-dessous pour contacter nos diff\u00e9rents bureaux. Bureau de Kuala Lumpur Bureau de Penang Bureau de Kedah<\/p>\n","protected":false},"author":1,"featured_media":0,"parent":0,"menu_order":0,"comment_status":"open","ping_status":"open","template":"single-contect_us.php","meta":{"_acf_changed":false,"footnotes":""},"class_list":["post-546","page","type-page","status-publish","hentry"],"acf":[],"_links":{"self":[{"href":"https:\/\/bsbharco.com\/fr\/wp-json\/wp\/v2\/pages\/546","targetHints":{"allow":["GET"]}}],"collection":[{"href":"https:\/\/bsbharco.com\/fr\/wp-json\/wp\/v2\/pages"}],"about":[{"href":"https:\/\/bsbharco.com\/fr\/wp-json\/wp\/v2\/types\/page"}],"author":[{"embeddable":true,"href":"https:\/\/bsbharco.com\/fr\/wp-json\/wp\/v2\/users\/1"}],"replies":[{"embeddable":true,"href":"https:\/\/bsbharco.com\/fr\/wp-json\/wp\/v2\/comments?post=546"}],"version-history":[{"count":1,"href":"https:\/\/bsbharco.com\/fr\/wp-json\/wp\/v2\/pages\/546\/revisions"}],"predecessor-version":[{"id":548,"href":"https:\/\/bsbharco.com\/fr\/wp-json\/wp\/v2\/pages\/546\/revisions\/548"}],"wp:attachment":[{"href":"https:\/\/bsbharco.com\/fr\/wp-json\/wp\/v2\/media?parent=546"}],"curies":[{"name":"wp","href":"https:\/\/api.w.org\/{rel}","templated":true}]}}