{"id":533,"date":"2014-05-23T06:00:06","date_gmt":"2014-05-23T06:00:06","guid":{"rendered":"http:\/\/192.168.2.5\/bsbharco.com\/?page_id=533"},"modified":"2014-05-30T07:06:49","modified_gmt":"2014-05-30T07:06:49","slug":"nos-services","status":"publish","type":"page","link":"https:\/\/bsbharco.com\/fr\/nos-services\/","title":{"rendered":"Nos Services"},"content":{"rendered":"<p>Le cabinet est comp\u00e9tent pour traiter un large \u00e9ventail de contentieux et de non contentieux. Le fait d\u2019associer nos comp\u00e9tences \u00e0 une connaissance approfondie de l\u2019industrie apporte un avantage concurrentiel \u00e0 nos clients, en associant savoir-faire et expertise juridique, perspicacit\u00e9 et connaissance du monde des affaires \u00e0 un soutien professionnel suivi.<\/p>\n<p>Nos praticiens sont fr\u00e9quemment nomm\u00e9s \u00e0 titre d\u2019avocat principal et sont r\u00e9guli\u00e8rement consult\u00e9s par d&rsquo;autres cabinets d&rsquo;avocats \u00e0 l\u2019ext\u00e9rieur de la Malaisie.<\/p>\n<p>L&rsquo;entreprise encourage continuellement et entretient d&rsquo;excellentes relations de travail avec les meilleurs avocats, les procureurs, les avocats conseils principaux et les conseils de la Reine, avec les cabinets juridiques et les chambres de commerce internationales et sont en mesure de puiser dans un r\u00e9seau mondial de professionnels de la justice pour r\u00e9pondre \u00e0 des questions multi-disciplinaires, multi-juridictionnelles hors de nos fronti\u00e8res.<\/p>\n","protected":false},"excerpt":{"rendered":"<p>Le cabinet est comp\u00e9tent pour traiter un large \u00e9ventail de contentieux et de non contentieux. Le fait d\u2019associer nos comp\u00e9tences \u00e0 une connaissance approfondie de l\u2019industrie apporte un avantage concurrentiel \u00e0 nos clients, en associant savoir-faire et expertise juridique, perspicacit\u00e9 et connaissance du monde des affaires \u00e0 un soutien professionnel suivi. Nos praticiens sont fr\u00e9quemment [&hellip;]<\/p>\n","protected":false},"author":1,"featured_media":0,"parent":0,"menu_order":0,"comment_status":"open","ping_status":"open","template":"single-our_services.php","meta":{"_acf_changed":false,"footnotes":""},"class_list":["post-533","page","type-page","status-publish","hentry"],"acf":[],"_links":{"self":[{"href":"https:\/\/bsbharco.com\/fr\/wp-json\/wp\/v2\/pages\/533","targetHints":{"allow":["GET"]}}],"collection":[{"href":"https:\/\/bsbharco.com\/fr\/wp-json\/wp\/v2\/pages"}],"about":[{"href":"https:\/\/bsbharco.com\/fr\/wp-json\/wp\/v2\/types\/page"}],"author":[{"embeddable":true,"href":"https:\/\/bsbharco.com\/fr\/wp-json\/wp\/v2\/users\/1"}],"replies":[{"embeddable":true,"href":"https:\/\/bsbharco.com\/fr\/wp-json\/wp\/v2\/comments?post=533"}],"version-history":[{"count":2,"href":"https:\/\/bsbharco.com\/fr\/wp-json\/wp\/v2\/pages\/533\/revisions"}],"predecessor-version":[{"id":1379,"href":"https:\/\/bsbharco.com\/fr\/wp-json\/wp\/v2\/pages\/533\/revisions\/1379"}],"wp:attachment":[{"href":"https:\/\/bsbharco.com\/fr\/wp-json\/wp\/v2\/media?parent=533"}],"curies":[{"name":"wp","href":"https:\/\/api.w.org\/{rel}","templated":true}]}}