{"id":195,"date":"2014-04-25T05:54:25","date_gmt":"2014-04-25T05:54:25","guid":{"rendered":"http:\/\/localhost\/bsbharco.com\/?page_id=195"},"modified":"2014-05-30T11:49:45","modified_gmt":"2014-05-30T11:49:45","slug":"sample-page","status":"publish","type":"page","link":"https:\/\/bsbharco.com\/fr\/","title":{"rendered":"Maison"},"content":{"rendered":"<h1>Introduction<\/h1>\n<p>Notre cabinet juridique se classe parmi les meilleurs et fait figure de pr\u00e9curseur. Avec des bureaux \u00e0 Kuala Lumpur, Penang et Kedah, nous sommes en mesure de fournir \u00e0 nos clients une rang\u00e9e de services dans les domaines du contentieux et du non-contentieux.<\/p>\n<p>Nos services juridiques sont excellents et innovants et suivent les normes internationales. Nous avons \u00e9tabli des relations professionnelles avec des cabinets juridiques internationaux, tout particuli\u00e8rement au Royaume-Uni, aux \u00c9tats-Unis, en Inde, \u00e0 Singapour et \u00e0 l\u2019Ile Maurice.<\/p>\n<p>Nous nous pla\u00e7ons au premier rang dans la gestion des affaires complexes et compliqu\u00e9es, impliquant des soci\u00e9t\u00e9s multinationales, des gouvernements, leurs agences, des entit\u00e9s priv\u00e9es et publiques et des personnes physiques.<br \/>\nNous nous effor\u00e7ons d\u2019offrir des services juridiques de qualit\u00e9, avec excellence, efficience et efficacit\u00e9. C\u2019est notre ADN.<\/p>\n<p>Nous sommes le Cabinet juridique Brijnandan Singh Bhar &#038; Co.<\/p>\n","protected":false},"excerpt":{"rendered":"<p>Introduction Notre cabinet juridique se classe parmi les meilleurs et fait figure de pr\u00e9curseur. Avec des bureaux \u00e0 Kuala Lumpur, Penang et Kedah, nous sommes en mesure de fournir \u00e0 nos clients une rang\u00e9e de services dans les domaines du contentieux et du non-contentieux. Nos services juridiques sont excellents et innovants et suivent les normes [&hellip;]<\/p>\n","protected":false},"author":1,"featured_media":0,"parent":0,"menu_order":0,"comment_status":"open","ping_status":"open","template":"","meta":{"_acf_changed":false,"footnotes":""},"class_list":["post-195","page","type-page","status-publish","hentry"],"acf":[],"_links":{"self":[{"href":"https:\/\/bsbharco.com\/fr\/wp-json\/wp\/v2\/pages\/195","targetHints":{"allow":["GET"]}}],"collection":[{"href":"https:\/\/bsbharco.com\/fr\/wp-json\/wp\/v2\/pages"}],"about":[{"href":"https:\/\/bsbharco.com\/fr\/wp-json\/wp\/v2\/types\/page"}],"author":[{"embeddable":true,"href":"https:\/\/bsbharco.com\/fr\/wp-json\/wp\/v2\/users\/1"}],"replies":[{"embeddable":true,"href":"https:\/\/bsbharco.com\/fr\/wp-json\/wp\/v2\/comments?post=195"}],"version-history":[{"count":5,"href":"https:\/\/bsbharco.com\/fr\/wp-json\/wp\/v2\/pages\/195\/revisions"}],"predecessor-version":[{"id":1435,"href":"https:\/\/bsbharco.com\/fr\/wp-json\/wp\/v2\/pages\/195\/revisions\/1435"}],"wp:attachment":[{"href":"https:\/\/bsbharco.com\/fr\/wp-json\/wp\/v2\/media?parent=195"}],"curies":[{"name":"wp","href":"https:\/\/api.w.org\/{rel}","templated":true}]}}