{"id":1385,"date":"2014-05-30T07:31:16","date_gmt":"2014-05-30T07:31:16","guid":{"rendered":"http:\/\/www.veomit.com\/test\/bsb\/?page_id=1385"},"modified":"2014-05-30T07:31:54","modified_gmt":"2014-05-30T07:31:54","slug":"a-propos-de-nous","status":"publish","type":"page","link":"https:\/\/bsbharco.com\/fr\/a-propos-de-nous\/","title":{"rendered":"\u00e0 propos de nous"},"content":{"rendered":"<p>Brijnandan Singh Bhar &amp; Co associe des comp\u00e9tences extr\u00eames dans tous les domaines du contentieux \u00e0 des \u00e9quipements ultra-modernes et \u00e0 une approche amicale et holistique de ses clients.<\/p>\n<p>Notre force r\u00e9side dans notre engagement \u00e0 fournir des services progressistes, bas\u00e9s sur une r\u00e9flexion \u00e0 long-terme, qui r\u00e9pondent aux besoins des clients d\u2019aujourd\u2019hui.<\/p>\n<p>Avec une forte tradition d&rsquo;innovation et d&rsquo;engagement \u00e0 ses principes fondamentaux, le Cabinet Brijnandan Singh Bhar &amp; Co continue \u00e0 travailler dans un environnement moderne o\u00f9 la diversit\u00e9 et l&rsquo;accessibilit\u00e9 sont largement d\u00e9fendues et o\u00f9 toute pratique obsol\u00e8te est rejet\u00e9e.<\/p>\n<p>La fonction de notre cabinet a \u00e9volu\u00e9 et est devenue multi-disciplinaire et multi-juridictionnelle de mani\u00e8re \u00e0 r\u00e9pondre aux besoins d\u2019un march\u00e9 juridique en constante \u00e9volution.<\/p>\n<p>Les membres de Brijnandan Singh Bhar &amp; Co poss\u00e8dent un large \u00e9ventail de comp\u00e9tences, \u00e0 la fois comme avocats, conseillers juridiques et conseillers.Notre client\u00e8le diversifi\u00e9e comprend des soci\u00e9t\u00e9s publiques et priv\u00e9es, des minist\u00e8res et des institutions gouvernementales, des services publics, des ONG, des compagnies d&rsquo;assurance, des assurances en responsabilit\u00e9 professionnelle, des collectivit\u00e9s locales, des syndicats, des organismes d\u2019enseignement, des services de sant\u00e9 et des particuliers.<\/p>\n<p>Nous offrons aussi b\u00e9n\u00e9volement nos services \u00e0 des particuliers et des organismes d&rsquo;int\u00e9r\u00eat public par le biais de nos projets de service communautaire.<\/p>\n","protected":false},"excerpt":{"rendered":"<p>Brijnandan Singh Bhar &amp; Co associe des comp\u00e9tences extr\u00eames dans tous les domaines du contentieux \u00e0 des \u00e9quipements ultra-modernes et \u00e0 une approche amicale et holistique de ses clients. Notre force r\u00e9side dans notre engagement \u00e0 fournir des services progressistes, bas\u00e9s sur une r\u00e9flexion \u00e0 long-terme, qui r\u00e9pondent aux besoins des clients d\u2019aujourd\u2019hui. Avec une [&hellip;]<\/p>\n","protected":false},"author":1,"featured_media":0,"parent":0,"menu_order":0,"comment_status":"open","ping_status":"open","template":"single-about_us.php","meta":{"_acf_changed":false,"footnotes":""},"class_list":["post-1385","page","type-page","status-publish","hentry"],"acf":[],"_links":{"self":[{"href":"https:\/\/bsbharco.com\/fr\/wp-json\/wp\/v2\/pages\/1385","targetHints":{"allow":["GET"]}}],"collection":[{"href":"https:\/\/bsbharco.com\/fr\/wp-json\/wp\/v2\/pages"}],"about":[{"href":"https:\/\/bsbharco.com\/fr\/wp-json\/wp\/v2\/types\/page"}],"author":[{"embeddable":true,"href":"https:\/\/bsbharco.com\/fr\/wp-json\/wp\/v2\/users\/1"}],"replies":[{"embeddable":true,"href":"https:\/\/bsbharco.com\/fr\/wp-json\/wp\/v2\/comments?post=1385"}],"version-history":[{"count":1,"href":"https:\/\/bsbharco.com\/fr\/wp-json\/wp\/v2\/pages\/1385\/revisions"}],"predecessor-version":[{"id":1392,"href":"https:\/\/bsbharco.com\/fr\/wp-json\/wp\/v2\/pages\/1385\/revisions\/1392"}],"wp:attachment":[{"href":"https:\/\/bsbharco.com\/fr\/wp-json\/wp\/v2\/media?parent=1385"}],"curies":[{"name":"wp","href":"https:\/\/api.w.org\/{rel}","templated":true}]}}