{"id":1288,"date":"2014-05-29T11:41:32","date_gmt":"2014-05-29T11:41:32","guid":{"rendered":"http:\/\/www.veomit.com\/test\/bsb\/?page_id=1288"},"modified":"2014-08-21T09:43:22","modified_gmt":"2014-08-21T09:43:22","slug":"formation-professionnelle-continue-fpc","status":"publish","type":"page","link":"https:\/\/bsbharco.com\/fr\/formation-professionnelle-continue-fpc\/","title":{"rendered":"Formation professionnelle continue (fpc)"},"content":{"rendered":"<p>Le perfectionnement professionnel occupe un r\u00f4le fondamental dans notre vie professionnelle.<\/p>\n<p>C&rsquo;est le processus qui nous permet de maintenir \u00e0 jour nos connaissances, d\u2019am\u00e9liorer nos comp\u00e9tences et d\u2019entreprendre de nouvelles t\u00e2ches et nous assure de pouvoir \u00eatre engag\u00e9 et travailler toute notre vie.<\/p>\n<p>En tant que professionnels, nous nous sentons oblig\u00e9s de garder nos comp\u00e9tences et nos connaissances \u00e0 jour.<\/p>\n<p>La FPC vous offre l&rsquo;occasion de d\u00e9velopper votre carri\u00e8re, la nature et la mesure de la prestation d\u00e9pendent enti\u00e8rement de vous.<\/p>\n<p>La cr\u00e9dibilit\u00e9 de notre profession est bas\u00e9e sur la volont\u00e9 de chaque professionnel \u00e0 acqu\u00e9rir de nouvelles comp\u00e9tences, des connaissances et de l&rsquo;exp\u00e9rience.<\/p>\n<p>La FPC est cruciale car elle permet aux individus de progresser et de d\u00e9velopper leur autonomie professionnelle, tout en approfondissant les comp\u00e9tences acquises.<\/p>\n<p>La FPC vous offre l\u2019occasion de vous responsabiliser et d\u2019identifier et d\u2019atteindre vos propres objectifs de carri\u00e8re.<\/p>\n<h3>CARRI\u00c8RES<\/h3>\n<p>Atteindre vos objectifs de mani\u00e8re efficace &#8211; ceux qui adoptent une approche planifi\u00e9e du d\u00e9veloppement des comp\u00e9tences gravissent g\u00e9n\u00e9ralement les \u00e9chelons rapidement et selon leurs d\u00e9sirs.<\/p>\n<p>Rester sur le march\u00e9 du travail &#8211; d\u00e9velopper et maintenir des comp\u00e9tences qui vous permettront de figurer en t\u00eate de liste restreinte.<\/p>\n<p>Adopter une approche structur\u00e9e de votre d\u00e9veloppement professionnel vous permettra de g\u00e9rer plus efficacement votre carri\u00e8re &#8211; de d\u00e9cider des objectifs que vous souhaitez atteindre et de la mani\u00e8re dont vous y arriverez.<\/p>\n<h3>COMP\u00c9TENCE<\/h3>\n<p>Tenez-vous inform\u00e9s des nouveaux d\u00e9veloppements et vous resterez \u00e0 la pointe de votre discipline.<\/p>\n<p>Apportez la preuve de vos comp\u00e9tences : faites-vous conna\u00eetre par des publications, des avis de promotion, des interviews et dans les domaines o\u00f9 la r\u00e9glementation l&rsquo;exige.<\/p>\n<h3>CR\u00c9DIBILIT\u00c9 <\/h3>\n<p>Faites reconna\u00eetre vos comp\u00e9tences &#8211; \u00e0 la fois sur votre lieu de travail et par l&rsquo;obtention de qualifications professionnelles.<\/p>\n<p>Faites preuve d\u2019engagement envers votre profession et votre entreprise, en attachant de l\u2019importance \u00e0 l\u2019\u00e9thique. Avoir un plan de d\u00e9veloppement de carri\u00e8re (PDC) est un \u00e9l\u00e9ment important de votre vie professionnelle. <\/p>\n<p>Pour plus d&rsquo;informations, consultez le site <a href=\"http:\/\/www.malaysianbar.org.my\/cpd\/\">Web du PDC du website du Conseil de l&rsquo;Ordre de Malaisie <\/a> (Malaysian Bar Council\u2019s CPD website).<\/p>\n","protected":false},"excerpt":{"rendered":"<p>Le perfectionnement professionnel occupe un r\u00f4le fondamental dans notre vie professionnelle. C&rsquo;est le processus qui nous permet de maintenir \u00e0 jour nos connaissances, d\u2019am\u00e9liorer nos comp\u00e9tences et d\u2019entreprendre de nouvelles t\u00e2ches et nous assure de pouvoir \u00eatre engag\u00e9 et travailler toute notre vie. En tant que professionnels, nous nous sentons oblig\u00e9s de garder nos comp\u00e9tences [&hellip;]<\/p>\n","protected":false},"author":1,"featured_media":0,"parent":0,"menu_order":0,"comment_status":"open","ping_status":"open","template":"single-our_resources.php","meta":{"_acf_changed":false,"footnotes":""},"class_list":["post-1288","page","type-page","status-publish","hentry"],"acf":[],"_links":{"self":[{"href":"https:\/\/bsbharco.com\/fr\/wp-json\/wp\/v2\/pages\/1288","targetHints":{"allow":["GET"]}}],"collection":[{"href":"https:\/\/bsbharco.com\/fr\/wp-json\/wp\/v2\/pages"}],"about":[{"href":"https:\/\/bsbharco.com\/fr\/wp-json\/wp\/v2\/types\/page"}],"author":[{"embeddable":true,"href":"https:\/\/bsbharco.com\/fr\/wp-json\/wp\/v2\/users\/1"}],"replies":[{"embeddable":true,"href":"https:\/\/bsbharco.com\/fr\/wp-json\/wp\/v2\/comments?post=1288"}],"version-history":[{"count":8,"href":"https:\/\/bsbharco.com\/fr\/wp-json\/wp\/v2\/pages\/1288\/revisions"}],"predecessor-version":[{"id":1997,"href":"https:\/\/bsbharco.com\/fr\/wp-json\/wp\/v2\/pages\/1288\/revisions\/1997"}],"wp:attachment":[{"href":"https:\/\/bsbharco.com\/fr\/wp-json\/wp\/v2\/media?parent=1288"}],"curies":[{"name":"wp","href":"https:\/\/api.w.org\/{rel}","templated":true}]}}