{"id":1121,"date":"2014-05-28T11:33:03","date_gmt":"2014-05-28T11:33:03","guid":{"rendered":"http:\/\/www.veomit.com\/test\/bsb\/?page_id=1121"},"modified":"2014-07-12T13:26:10","modified_gmt":"2014-07-12T13:26:10","slug":"interaction-avec-la-collectivite","status":"publish","type":"page","link":"https:\/\/bsbharco.com\/fr\/interaction-avec-la-collectivite\/","title":{"rendered":"Interaction Avec La Communaut\u00e9"},"content":{"rendered":"<p>L&rsquo;accent mis par la soci\u00e9t\u00e9 sur la participation communautaire d\u00e9coule de la conviction que nous nous devons de donner quelque chose \u00e0 la collectivit\u00e9, mais aussi qu&rsquo;il y a beaucoup d&rsquo;avantages \u00e0 tirer \u00e0 le faire pour l&rsquo;individu, la soci\u00e9t\u00e9 et la profession.<\/p>\n<p>Nous croyons en la participation active des individus en tant que tels dans la collectivit\u00e9 et nous cherchons \u00e0 impliquer nos employ\u00e9s dans des activit\u00e9s de participation communautaire qui apportent une diff\u00e9rence positive aux collectivit\u00e9s avec lesquelles nous vivons et travaillons.<\/p>\n<p>Nous nous effor\u00e7ons d\u2019harmoniser r\u00e9guli\u00e8rement notre interaction avec la collectivit\u00e9 et le travail pro bono pour aider les collectivit\u00e9s.<\/p>\n<p>Nous utilisons toute l&rsquo;\u00e9tendue de nos connaissances et de nos ressources pour soutenir nos partenaires locaux et internationaux en fonction de leurs besoins.<\/p>\n<p>Nos initiatives d&rsquo;interaction avec la collectivit\u00e9 visent \u00e0 donner \u00e0 ses membres acc\u00e8s \u00e0 un soutien, \u00e0 un mentorat, \u00e0 des contributions financi\u00e8res, \u00e0 une expertise professionnelle et d\u2019autres services b\u00e9n\u00e9voles similaires. <\/p>\n<p>Au fil des ans, la soci\u00e9t\u00e9 et ses collaborateurs ont collabor\u00e9 activement \u00e0 divers organismes de bienfaisance et ont fait r\u00e9guli\u00e8rement des dons \u00e0 plusieurs institutions religieuses \u00e0 travers le monde.<\/p>\n<p>Notre personnel a \u00e9galement fait don de nourriture et de v\u00eatements \u00e0 de nombreux orphelinats. <\/p>\n<p>Dans le pass\u00e9, le Cabinet Brijnandan a parrain\u00e9 l&rsquo;\u00e9ducation de plusieurs enfants d\u00e9favoris\u00e9s et pr\u00e9voit, dans un avenir proche, et dans le cadre d&rsquo;une nouvelle initiative, de lancer un programme de parrainage pour ceux qui ont l&rsquo;intention de poursuivre des \u00e9tudes sup\u00e9rieures dans les universit\u00e9s locales.<\/p>\n<p>Gr\u00e2ce \u00e0 cette initiative, l&rsquo;entreprise fournit \u00e9galement un mentorat et d&rsquo;autres formes d&rsquo;aide financi\u00e8re et non financi\u00e8re.<\/p>\n","protected":false},"excerpt":{"rendered":"<p>L&rsquo;accent mis par la soci\u00e9t\u00e9 sur la participation communautaire d\u00e9coule de la conviction que nous nous devons de donner quelque chose \u00e0 la collectivit\u00e9, mais aussi qu&rsquo;il y a beaucoup d&rsquo;avantages \u00e0 tirer \u00e0 le faire pour l&rsquo;individu, la soci\u00e9t\u00e9 et la profession. Nous croyons en la participation active des individus en tant que tels [&hellip;]<\/p>\n","protected":false},"author":1,"featured_media":0,"parent":0,"menu_order":0,"comment_status":"open","ping_status":"open","template":"single-csr.php","meta":{"_acf_changed":false,"footnotes":""},"class_list":["post-1121","page","type-page","status-publish","hentry"],"acf":[],"_links":{"self":[{"href":"https:\/\/bsbharco.com\/fr\/wp-json\/wp\/v2\/pages\/1121","targetHints":{"allow":["GET"]}}],"collection":[{"href":"https:\/\/bsbharco.com\/fr\/wp-json\/wp\/v2\/pages"}],"about":[{"href":"https:\/\/bsbharco.com\/fr\/wp-json\/wp\/v2\/types\/page"}],"author":[{"embeddable":true,"href":"https:\/\/bsbharco.com\/fr\/wp-json\/wp\/v2\/users\/1"}],"replies":[{"embeddable":true,"href":"https:\/\/bsbharco.com\/fr\/wp-json\/wp\/v2\/comments?post=1121"}],"version-history":[{"count":3,"href":"https:\/\/bsbharco.com\/fr\/wp-json\/wp\/v2\/pages\/1121\/revisions"}],"predecessor-version":[{"id":1886,"href":"https:\/\/bsbharco.com\/fr\/wp-json\/wp\/v2\/pages\/1121\/revisions\/1886"}],"wp:attachment":[{"href":"https:\/\/bsbharco.com\/fr\/wp-json\/wp\/v2\/media?parent=1121"}],"curies":[{"name":"wp","href":"https:\/\/api.w.org\/{rel}","templated":true}]}}