{"id":1119,"date":"2014-05-28T11:31:58","date_gmt":"2014-05-28T11:31:58","guid":{"rendered":"http:\/\/www.veomit.com\/test\/bsb\/?page_id=1119"},"modified":"2014-07-12T13:27:22","modified_gmt":"2014-07-12T13:27:22","slug":"pro-bono-3","status":"publish","type":"page","link":"https:\/\/bsbharco.com\/fr\/pro-bono-3\/","title":{"rendered":"Pro Bono"},"content":{"rendered":"<p>L&rsquo;entreprise a une longue tradition en mati\u00e8re de b\u00e9n\u00e9volat (pro bono) et apporte de cette mani\u00e8re un soutien r\u00e9el et durable.<\/p>\n<p>Membre d&rsquo;une communaut\u00e9 mondiale, l&rsquo;entreprise s&rsquo;est engag\u00e9e \u00e0 travailler d&rsquo;une mani\u00e8re coordonn\u00e9e afin d&rsquo;avoir le plus grand impact sur les collectivit\u00e9s avec lesquelles nous vivons et travaillons.<\/p>\n<p>L\u2019engagement de Brijnandan Singh Bhar &#038; Co. est sans pr\u00e9c\u00e9dent et chaque avocat est encourag\u00e9 \u00e0 fournir un effort s\u00e9rieux et soutenu de travail b\u00e9n\u00e9vole.<\/p>\n<p>Depuis plus de 35 ans, l&rsquo;entreprise fait don d\u2019heures de travail juridique \u00e0 titre gratuit.<\/p>\n<p>Le travail pro bono fait partie int\u00e9grante de notre histoire et de notre avenir.<\/p>\n<p>Nous voulons \u00eatre en t\u00eate dans la prestation de services pro bono et, \u00e0 cette fin, nous nous engageons dans des projets innovants pro bono et continuons \u00e0 donner des conseils aux tribunaux des communaut\u00e9s locales l\u00e0 o\u00f9 cela est n\u00e9cessaire et possible.<\/p>\n<p>Notre gestion du travail pro bono est appropri\u00e9e aux circonstances et \u00e0 la culture locale.<\/p>\n<p>Nous avons toujours aid\u00e9 les communaut\u00e9s d\u00e9favoris\u00e9es et vuln\u00e9rables et continuons \u00e0 leur fournir des services juridiques gratuits sur une base r\u00e9guli\u00e8re, ainsi que ceux que nous fournissons aux organismes de bienfaisance et \u00e0 d&rsquo;autres groupes communautaires.<\/p>\n","protected":false},"excerpt":{"rendered":"<p>L&rsquo;entreprise a une longue tradition en mati\u00e8re de b\u00e9n\u00e9volat (pro bono) et apporte de cette mani\u00e8re un soutien r\u00e9el et durable. Membre d&rsquo;une communaut\u00e9 mondiale, l&rsquo;entreprise s&rsquo;est engag\u00e9e \u00e0 travailler d&rsquo;une mani\u00e8re coordonn\u00e9e afin d&rsquo;avoir le plus grand impact sur les collectivit\u00e9s avec lesquelles nous vivons et travaillons. L\u2019engagement de Brijnandan Singh Bhar &#038; Co. [&hellip;]<\/p>\n","protected":false},"author":1,"featured_media":0,"parent":0,"menu_order":0,"comment_status":"open","ping_status":"open","template":"single-csr.php","meta":{"_acf_changed":false,"footnotes":""},"class_list":["post-1119","page","type-page","status-publish","hentry"],"acf":[],"_links":{"self":[{"href":"https:\/\/bsbharco.com\/fr\/wp-json\/wp\/v2\/pages\/1119","targetHints":{"allow":["GET"]}}],"collection":[{"href":"https:\/\/bsbharco.com\/fr\/wp-json\/wp\/v2\/pages"}],"about":[{"href":"https:\/\/bsbharco.com\/fr\/wp-json\/wp\/v2\/types\/page"}],"author":[{"embeddable":true,"href":"https:\/\/bsbharco.com\/fr\/wp-json\/wp\/v2\/users\/1"}],"replies":[{"embeddable":true,"href":"https:\/\/bsbharco.com\/fr\/wp-json\/wp\/v2\/comments?post=1119"}],"version-history":[{"count":2,"href":"https:\/\/bsbharco.com\/fr\/wp-json\/wp\/v2\/pages\/1119\/revisions"}],"predecessor-version":[{"id":1887,"href":"https:\/\/bsbharco.com\/fr\/wp-json\/wp\/v2\/pages\/1119\/revisions\/1887"}],"wp:attachment":[{"href":"https:\/\/bsbharco.com\/fr\/wp-json\/wp\/v2\/media?parent=1119"}],"curies":[{"name":"wp","href":"https:\/\/api.w.org\/{rel}","templated":true}]}}