{"id":1117,"date":"2014-05-28T11:29:45","date_gmt":"2014-05-28T11:29:45","guid":{"rendered":"http:\/\/www.veomit.com\/test\/bsb\/?page_id=1117"},"modified":"2014-08-22T09:34:33","modified_gmt":"2014-08-22T09:34:33","slug":"responsabilite-sociale-de-lentreprise","status":"publish","type":"page","link":"https:\/\/bsbharco.com\/fr\/responsabilite-sociale-de-lentreprise\/","title":{"rendered":"Responsabilit\u00e9 Sociale De L&rsquo;entreprise"},"content":{"rendered":"<p>Chez Brijnandan Singh Bhar &amp; Co., nous nous engageons \u00e0 mener nos activit\u00e9s d&rsquo;une mani\u00e8re conforme \u00e0 nos valeurs. Nos initiatives en mati\u00e8re de responsabilit\u00e9 de l&rsquo;entreprise incarnent nos valeurs et d\u00e9montrent leur int\u00e9gration \u00e0 la mani\u00e8re dont nous travaillons avec notre personnel, nos clients et la collectivit\u00e9 en g\u00e9n\u00e9ral.<\/p>\n<p>Nous engageons notre soutien et nos ressources aux activit\u00e9s qui nous permettent le plus d\u2019impact. Cet engagement ne b\u00e9n\u00e9ficie pas seulement aux diff\u00e9rentes parties int\u00e9ress\u00e9es, mais apporte \u00e9galement des opportunit\u00e9s de d\u00e9veloppement personnel et professionnel pour notre personnel et des possibilit\u00e9s de renforcer nos liens avec la communaut\u00e9 et nos clients.<\/p>\n<p>Nos initiatives en mati\u00e8re de responsabilit\u00e9 de l&rsquo;entreprise se concentrent sur les domaines cl\u00e9s suivants :<\/p>\n<ul>\n<li>Pro Bono<\/li>\n<li>Interactions communautaires<\/li>\n<li>Durabilit\u00e9 de l&rsquo;environnement<\/li>\n<li>Diversit\u00e9<\/li>\n<\/ul>\n<p><a href=\"http:\/\/bsbharco.com\/corporate-social-responsibility\/pro-bono\/\"> Pro Bono <\/a> -Pour plus de 35 ans, nous avons donn\u00e9 un acc\u00e8s l\u00e9gal et des conseils gratuits aux plus d\u00e9munis et les membres les plus vuln\u00e9rables de la soci\u00e9t\u00e9 qui seraient autrement inaccessibles et nous continuerons \u00e0 le faire.<br \/>\n<a href=\"http:\/\/bsbharco.com\/corporate-social-responsibility\/community-interaction\/\"> Interactions communautaires <\/a> -Nous continuer \u00e0 favoriser la bonne volont\u00e9 au sein des communaut\u00e9s dans lesquelles nous vivons et travaillons et esp\u00e9rons faire une diff\u00e9rence positive.<br \/>\n<a href=\"http:\/\/bsbharco.com\/corporate-social-responsibility\/environmental-sustainability\/\">Environmental Travail &#8211;<\/a>Nous de d\u00e9veloppement durable afin de minimiser notre empreinte carbone, de r\u00e9duire notre utilisation des ressources et d&rsquo;engager avec nos fournisseurs afin de r\u00e9duire leur impact environnemental.<br \/>\n<a href=\"http:\/\/bsbharco.com\/corporate-social-responsibility\/diversity\/\">Diversity <\/a>-l&rsquo;\u00e9galit\u00e9, la diversit\u00e9 et l&rsquo;inclusion sont essentielles \u00e0 notre activit\u00e9 et \u00e0 cette fin, nous nous sommes engag\u00e9s \u00e0 recruter, d\u00e9velopper et retenir les professionnels les plus talentueux.<\/p>\n","protected":false},"excerpt":{"rendered":"<p>Chez Brijnandan Singh Bhar &amp; Co., nous nous engageons \u00e0 mener nos activit\u00e9s d&rsquo;une mani\u00e8re conforme \u00e0 nos valeurs. Nos initiatives en mati\u00e8re de responsabilit\u00e9 de l&rsquo;entreprise incarnent nos valeurs et d\u00e9montrent leur int\u00e9gration \u00e0 la mani\u00e8re dont nous travaillons avec notre personnel, nos clients et la collectivit\u00e9 en g\u00e9n\u00e9ral. Nous engageons notre soutien et [&hellip;]<\/p>\n","protected":false},"author":1,"featured_media":0,"parent":0,"menu_order":0,"comment_status":"open","ping_status":"open","template":"single-csr.php","meta":{"_acf_changed":false,"footnotes":""},"class_list":["post-1117","page","type-page","status-publish","hentry"],"acf":[],"_links":{"self":[{"href":"https:\/\/bsbharco.com\/fr\/wp-json\/wp\/v2\/pages\/1117","targetHints":{"allow":["GET"]}}],"collection":[{"href":"https:\/\/bsbharco.com\/fr\/wp-json\/wp\/v2\/pages"}],"about":[{"href":"https:\/\/bsbharco.com\/fr\/wp-json\/wp\/v2\/types\/page"}],"author":[{"embeddable":true,"href":"https:\/\/bsbharco.com\/fr\/wp-json\/wp\/v2\/users\/1"}],"replies":[{"embeddable":true,"href":"https:\/\/bsbharco.com\/fr\/wp-json\/wp\/v2\/comments?post=1117"}],"version-history":[{"count":8,"href":"https:\/\/bsbharco.com\/fr\/wp-json\/wp\/v2\/pages\/1117\/revisions"}],"predecessor-version":[{"id":2125,"href":"https:\/\/bsbharco.com\/fr\/wp-json\/wp\/v2\/pages\/1117\/revisions\/2125"}],"wp:attachment":[{"href":"https:\/\/bsbharco.com\/fr\/wp-json\/wp\/v2\/media?parent=1117"}],"curies":[{"name":"wp","href":"https:\/\/api.w.org\/{rel}","templated":true}]}}