{"id":1103,"date":"2014-05-28T10:27:50","date_gmt":"2014-05-28T10:27:50","guid":{"rendered":"http:\/\/www.veomit.com\/test\/bsb\/?page_id=1103"},"modified":"2014-05-28T10:27:50","modified_gmt":"2014-05-28T10:27:50","slug":"mentions-legales","status":"publish","type":"page","link":"https:\/\/bsbharco.com\/fr\/mentions-legales\/","title":{"rendered":"Mentions L\u00e9gales"},"content":{"rendered":"<p>Brijnandan Singh Bhar &amp; Co d\u00e9cline express\u00e9ment toute responsabilit\u00e9, \u00e0 toute personne, entit\u00e9, organisme ou organisation, pour toute perte ou dommage de quelque nature que ce soit, qu&rsquo;ils soient directs, indirects ou cons\u00e9cutifs \u00e0 tout acte accompli ou non accompli, totalement ou en partie, en rapport avec la totalit\u00e9 ou une partie du contenu, des commentaires, des informations et \/ ou des mat\u00e9riaux de ce site.<br \/>\nLes informations et les commentaires sur la loi contenus sur ce site sont fournis \u00e0 titre gracieux et uniquement \u00e0 des fins d&rsquo;information.<br \/>\nTous les efforts raisonnables ont \u00e9t\u00e9 d\u00e9ploy\u00e9s pour fournir une information et des commentaires pr\u00e9cis et \u00e0 jour, mais ne pouvons \u00eatre tenus responsables de l&rsquo;exactitude et de la justesse, ni des cons\u00e9quences de l&rsquo;utilisation de cette information ou de ces commentaires.<br \/>\nLe contenu, les commentaires, les informations et\/ou les mat\u00e9riaux ne constituent pas et ne sont pas destin\u00e9s \u00e0 servir de conseils juridiques \u00e0 une personne sur une affaire ou une question particuli\u00e8re.<br \/>\nIl est fortement recommand\u00e9 de vous adresser \u00e0 nous pour des conseils personnels pr\u00e9cis et de ne pas vous contenter du contenu, des commentaires, des informations et\/ou des documents contenus sur ce site web.<br \/>\nBrijnandan Singh Bhar &amp; Co ne sera pas tenu responsable si, pour une raison particuli\u00e8re, une partie du site ou de l&rsquo;ensemble du site n&rsquo;est pas accessible \u00e0 ses utilisateurs \u00e0 un moment ou durant une quelconque p\u00e9riode.<br \/>\nToutes les pr\u00e9cautions raisonnables ont \u00e9t\u00e9 prises pour garantir que toute information affich\u00e9e dans notre site web soit exempte de virus ou tout autre \u00e9l\u00e9ment qui puisse interf\u00e9rer avec ou endommager les op\u00e9rations des syst\u00e8mes informatiques de l&rsquo;utilisateur.<br \/>\nCependant, Brijnandan Singh Bhar &amp; Co n&rsquo;accepte aucune responsabilit\u00e9 et par les pr\u00e9sentes mentions l\u00e9gales, exclut toutes formes de responsabilit\u00e9, dans la mesure permise par les lois applicables, en cas de pertes ou de dommages, caus\u00e9s par ou r\u00e9sultant d\u2019interf\u00e9rences ou de dommages aux syst\u00e8mes informatiques de l&rsquo;utilisateur qui se produiraient en relation avec l&rsquo;utilisation de ce site ou au t\u00e9l\u00e9chargement de tout contenu, commentaires, informations et\/ou documents affich\u00e9s sur notre site web, ou sur tous sites qui lui sont li\u00e9s, que ce soit par un virus informatique ou de toute autre mani\u00e8re.<br \/>\nPour plus d&rsquo;informations nous vous invitons \u00e0 vous adresser \u00e0 <a href=\"mailto:webmaster@bsbharco.com\">webmaster@bsbharco.com<\/a><\/p>\n","protected":false},"excerpt":{"rendered":"<p>Brijnandan Singh Bhar &amp; Co d\u00e9cline express\u00e9ment toute responsabilit\u00e9, \u00e0 toute personne, entit\u00e9, organisme ou organisation, pour toute perte ou dommage de quelque nature que ce soit, qu&rsquo;ils soient directs, indirects ou cons\u00e9cutifs \u00e0 tout acte accompli ou non accompli, totalement ou en partie, en rapport avec la totalit\u00e9 ou une partie du contenu, des [&hellip;]<\/p>\n","protected":false},"author":1,"featured_media":0,"parent":0,"menu_order":0,"comment_status":"open","ping_status":"open","template":"","meta":{"_acf_changed":false,"footnotes":""},"class_list":["post-1103","page","type-page","status-publish","hentry"],"acf":[],"_links":{"self":[{"href":"https:\/\/bsbharco.com\/fr\/wp-json\/wp\/v2\/pages\/1103","targetHints":{"allow":["GET"]}}],"collection":[{"href":"https:\/\/bsbharco.com\/fr\/wp-json\/wp\/v2\/pages"}],"about":[{"href":"https:\/\/bsbharco.com\/fr\/wp-json\/wp\/v2\/types\/page"}],"author":[{"embeddable":true,"href":"https:\/\/bsbharco.com\/fr\/wp-json\/wp\/v2\/users\/1"}],"replies":[{"embeddable":true,"href":"https:\/\/bsbharco.com\/fr\/wp-json\/wp\/v2\/comments?post=1103"}],"version-history":[{"count":1,"href":"https:\/\/bsbharco.com\/fr\/wp-json\/wp\/v2\/pages\/1103\/revisions"}],"predecessor-version":[{"id":1104,"href":"https:\/\/bsbharco.com\/fr\/wp-json\/wp\/v2\/pages\/1103\/revisions\/1104"}],"wp:attachment":[{"href":"https:\/\/bsbharco.com\/fr\/wp-json\/wp\/v2\/media?parent=1103"}],"curies":[{"name":"wp","href":"https:\/\/api.w.org\/{rel}","templated":true}]}}