{"id":1101,"date":"2014-05-28T10:21:39","date_gmt":"2014-05-28T10:21:39","guid":{"rendered":"http:\/\/www.veomit.com\/test\/bsb\/?page_id=1101"},"modified":"2014-05-28T10:21:39","modified_gmt":"2014-05-28T10:21:39","slug":"copyright-2","status":"publish","type":"page","link":"https:\/\/bsbharco.com\/fr\/copyright-2\/","title":{"rendered":"Copyright"},"content":{"rendered":"<p>Ce site et son contenu sont la propri\u00e9t\u00e9 de Brijnandan Singh Bhar &amp; Co.<\/p>\n<p>Toute redistribution ou reproduction de tout ou partie du contenu\/d&rsquo;information sous quelque forme est interdite, \u00e0 l\u2019exception de ce qui suit :<\/p>\n<p>\u2022 Vous pouvez imprimer ou t\u00e9l\u00e9charger pour votre usage personnel et non-commercial<\/p>\n<p>\u2022 Vous pouvez copier le contenu \u00e0 des tiers particuliers pour leur usage personnel, mais vous devez reconna\u00eetre le site comme mat\u00e9riel didactique<\/p>\n<p>\u2022 Vous ne pouvez pas, sauf avec notre autorisation expresse et \u00e9crite, distribuer ou exploiter commercialement le contenu et ne devez pas le transmettre ou le stocker dans un autre site ou syst\u00e8me de recherche \u00e9lectronique<\/p>\n<p>Pour de plus amples informations, nous vous invitons \u00e0 vous adresser \u00e0 :<a href=\"mailto:webmaster@bsbharco.com\">webmaster@bsbharco.com<\/a>.<\/p>\n","protected":false},"excerpt":{"rendered":"<p>Ce site et son contenu sont la propri\u00e9t\u00e9 de Brijnandan Singh Bhar &amp; Co. Toute redistribution ou reproduction de tout ou partie du contenu\/d&rsquo;information sous quelque forme est interdite, \u00e0 l\u2019exception de ce qui suit : \u2022 Vous pouvez imprimer ou t\u00e9l\u00e9charger pour votre usage personnel et non-commercial \u2022 Vous pouvez copier le contenu \u00e0 [&hellip;]<\/p>\n","protected":false},"author":1,"featured_media":0,"parent":0,"menu_order":0,"comment_status":"open","ping_status":"open","template":"","meta":{"_acf_changed":false,"footnotes":""},"class_list":["post-1101","page","type-page","status-publish","hentry"],"acf":[],"_links":{"self":[{"href":"https:\/\/bsbharco.com\/fr\/wp-json\/wp\/v2\/pages\/1101","targetHints":{"allow":["GET"]}}],"collection":[{"href":"https:\/\/bsbharco.com\/fr\/wp-json\/wp\/v2\/pages"}],"about":[{"href":"https:\/\/bsbharco.com\/fr\/wp-json\/wp\/v2\/types\/page"}],"author":[{"embeddable":true,"href":"https:\/\/bsbharco.com\/fr\/wp-json\/wp\/v2\/users\/1"}],"replies":[{"embeddable":true,"href":"https:\/\/bsbharco.com\/fr\/wp-json\/wp\/v2\/comments?post=1101"}],"version-history":[{"count":1,"href":"https:\/\/bsbharco.com\/fr\/wp-json\/wp\/v2\/pages\/1101\/revisions"}],"predecessor-version":[{"id":1102,"href":"https:\/\/bsbharco.com\/fr\/wp-json\/wp\/v2\/pages\/1101\/revisions\/1102"}],"wp:attachment":[{"href":"https:\/\/bsbharco.com\/fr\/wp-json\/wp\/v2\/media?parent=1101"}],"curies":[{"name":"wp","href":"https:\/\/api.w.org\/{rel}","templated":true}]}}