{"id":1096,"date":"2014-05-28T10:16:34","date_gmt":"2014-05-28T10:16:34","guid":{"rendered":"http:\/\/www.veomit.com\/test\/bsb\/?page_id=1096"},"modified":"2014-05-28T10:17:20","modified_gmt":"2014-05-28T10:17:20","slug":"politique-de-confidentialite","status":"publish","type":"page","link":"https:\/\/bsbharco.com\/fr\/politique-de-confidentialite\/","title":{"rendered":"Politique De Confidentialit\u00e9"},"content":{"rendered":"<p>Notre politique de confidentialit\u00e9 d\u00e9finit la mani\u00e8re dont le Cabinet Brijnandan Singh Bhar &amp; Co utilise et prot\u00e8ge les informations que vous donnez lorsque vous utilisez ce site.<\/p>\n<p>Nous comprenons les besoins de nos clients et nous nous engageons \u00e0 faire en sorte que votre vie priv\u00e9e soit prot\u00e9g\u00e9e.<\/p>\n<p>Si nous vous demandons de fournir certaines informations nous permettant de vous identifier, vous pouvez \u00eatre assur\u00e9s que ces informations seront utilis\u00e9es conform\u00e9ment \u00e0 la pr\u00e9sente d\u00e9claration de confidentialit\u00e9.<\/p>\n<p>Le Cabinet Brijnandan Singh Bhar &amp; Co peut modifier cette politique de temps \u00e0 autre et nous vous recommandons \u00e0 cet \u00e9gard de consulter cette page r\u00e9guli\u00e8rement.<\/p>\n<p>Utilisation des informations recueillies<\/p>\n<p>Brijnandan Singh Bhar &amp; Co utilise ces information pour \u00e9valuer vos besoins et vous fournir un meilleur service, et ceci pour les raisons suivantes :<\/p>\n<p>\u2022 Tenue des dossiers internes<\/p>\n<p>\u2022 Traitement des formulaires de demande et des demandes de recrutement<\/p>\n<p>\u2022 R\u00e9ponse aux demandes de renseignements sur le contenu du site<\/p>\n<p>\u2022 Utilisation de ces informations pour am\u00e9liorer nos services<\/p>\n<p>\u2022 Utilisation de ces informations pour personnaliser le site selon vos int\u00e9r\u00eats<\/p>\n<p>\u2022 Nous vous enverrons p\u00e9riodiquement, et avec votre consentement, des informations susceptibles de vous int\u00e9resser en utilisant les adresses e-mail que vous avez fournies<\/p>\n<p>S\u00e9curit\u00e9<\/p>\n<p>Le Cabinet Brijnandan Singh Bhar &amp; Co s&rsquo;engage \u00e0 s\u2019assurer que votre information est s\u00e9curis\u00e9e.<\/p>\n<p>Afin de pr\u00e9venir l&rsquo;acc\u00e8s \u00e0 ou la divulgation d\u2019informations non autoris\u00e9es, nous avons mis en place des proc\u00e9dures techniques, \u00e9lectroniques et manag\u00e9riales pour sauvegarder et s\u00e9curiser les informations que nous pouvons recueillir en ligne.<\/p>\n<p>Contr\u00f4le de vos informations personnelles<\/p>\n<p>Vous pouvez choisir de restreindre la collecte ou l&rsquo;utilisation de vos informations personnelles.<\/p>\n<p>Si vous avez d\u00e9j\u00e0 accept\u00e9 que nous utilisions vos informations personnelles \u00e0 des fins directes ou indirectes de marketing, vous pouvez changer d&rsquo;avis \u00e0 tout moment en nous \u00e9crivant.<\/p>\n<p>Nous n&rsquo;allons pas vendre, distribuer ou pr\u00eater vos informations personnelles \u00e0 des tiers, sauf si nous sommes tenus par la loi de le faire.<\/p>\n<p>Pour de plus amples informations nous vous invitons \u00e0 vous adresser \u00e0: <a href=\"mailto:webmaster@bsbharco.com\">webmaster@bsbharco.com<\/a><\/p>\n","protected":false},"excerpt":{"rendered":"<p>Notre politique de confidentialit\u00e9 d\u00e9finit la mani\u00e8re dont le Cabinet Brijnandan Singh Bhar &amp; Co utilise et prot\u00e8ge les informations que vous donnez lorsque vous utilisez ce site. Nous comprenons les besoins de nos clients et nous nous engageons \u00e0 faire en sorte que votre vie priv\u00e9e soit prot\u00e9g\u00e9e. Si nous vous demandons de fournir [&hellip;]<\/p>\n","protected":false},"author":1,"featured_media":0,"parent":0,"menu_order":0,"comment_status":"open","ping_status":"open","template":"","meta":{"_acf_changed":false,"footnotes":""},"class_list":["post-1096","page","type-page","status-publish","hentry"],"acf":[],"_links":{"self":[{"href":"https:\/\/bsbharco.com\/fr\/wp-json\/wp\/v2\/pages\/1096","targetHints":{"allow":["GET"]}}],"collection":[{"href":"https:\/\/bsbharco.com\/fr\/wp-json\/wp\/v2\/pages"}],"about":[{"href":"https:\/\/bsbharco.com\/fr\/wp-json\/wp\/v2\/types\/page"}],"author":[{"embeddable":true,"href":"https:\/\/bsbharco.com\/fr\/wp-json\/wp\/v2\/users\/1"}],"replies":[{"embeddable":true,"href":"https:\/\/bsbharco.com\/fr\/wp-json\/wp\/v2\/comments?post=1096"}],"version-history":[{"count":2,"href":"https:\/\/bsbharco.com\/fr\/wp-json\/wp\/v2\/pages\/1096\/revisions"}],"predecessor-version":[{"id":1100,"href":"https:\/\/bsbharco.com\/fr\/wp-json\/wp\/v2\/pages\/1096\/revisions\/1100"}],"wp:attachment":[{"href":"https:\/\/bsbharco.com\/fr\/wp-json\/wp\/v2\/media?parent=1096"}],"curies":[{"name":"wp","href":"https:\/\/api.w.org\/{rel}","templated":true}]}}