{"id":689,"date":"2014-05-26T05:40:35","date_gmt":"2014-05-26T05:40:35","guid":{"rendered":"http:\/\/www.veomit.com\/test\/bsb\/?page_id=689"},"modified":"2014-08-25T07:14:34","modified_gmt":"2014-08-25T07:14:34","slug":"nuestra-gente","status":"publish","type":"page","link":"https:\/\/bsbharco.com\/es\/nuestra-gente\/","title":{"rendered":"Nuestra Gente"},"content":{"rendered":"<div class=\"su-tabs su-tabs-style-default su-tabs-mobile-stack\" data-active=\"1\" data-scroll-offset=\"0\" data-anchor-in-url=\"no\"><div class=\"su-tabs-nav\"><span class=\"\" data-url=\"\" data-target=\"blank\" tabindex=\"0\" role=\"button\">SOCIOS<\/span><span class=\"\" data-url=\"\" data-target=\"blank\" tabindex=\"0\" role=\"button\">ASOCIADOS SENIOR<\/span><span class=\"\" data-url=\"\" data-target=\"blank\" tabindex=\"0\" role=\"button\">ASOCIADOS<\/span><\/div><div class=\"su-tabs-panes\"><div class=\"su-tabs-pane su-u-clearfix su-u-trim\" data-title=\"SOCIOS\">\n<h3>SOCIOS<\/h3>\n<p>Nuestra estructura asociativa posee dos niveles diferenciados.<\/p>\n<p>Por un lado est\u00e1n los socios sin participaci\u00f3n en el capital social (que no dejan de ser empleados, aunque muy generosamente pagados) y, por la otra, los socios con participaci\u00f3n en el capital social.<\/p>\n<p>De vez en cuando, un socio no capitalista recibir\u00e1 la propuesta de convertirse en socio capitalista en alg\u00fan momento posterior.<\/p>\n<p>Ahora bien, tambi\u00e9n incorporamos a Socios que directamente entran en nuestra empresa como socios capitalistas si atesoran las habilidades necesarias.<\/p>\n<p>BSB &amp; Co busca Socios que respondan a las siguientes caracter\u00edsticas:<\/p>\n<ul>\n<ul>\n<li>Inteligencia y conocimiento profundo de la ley<\/li>\n<\/ul>\n<\/ul>\n<ul>\n<ul>\n<li>Rapidez y sentido com\u00fan<\/li>\n<\/ul>\n<\/ul>\n<ul>\n<ul>\n<li>Relaciones comerciales consolidadas<\/li>\n<\/ul>\n<\/ul>\n<ul>\n<ul>\n<li>Buen olfato para los negocios y estabilidad (tanto en su vida personal como profesional)<\/li>\n<\/ul>\n<\/ul>\n<ul>\n<ul>\n<li>Dedicaci\u00f3n absoluta a la empresa y al trabajo<\/li>\n<\/ul>\n<\/ul>\n<ul>\n<ul>\n<li>Habilidad excepcional<\/li>\n<\/ul>\n<\/ul>\n<ul>\n<ul>\n<li>Esp\u00edritu cooperativo<\/li>\n<\/ul>\n<\/ul>\n<ul>\n<ul>\n<li>Identidad profesional<\/li>\n<\/ul>\n<\/ul>\n<ul>\n<ul>\n<li>Habilidad para ense\u00f1ar, guiar y compartir conocimientos con sus compa\u00f1eros socios.<\/li>\n<\/ul>\n<\/ul>\n<ul>\n<ul>\n<li>Que se involucre con la comunidad<\/li>\n<\/ul>\n<\/ul>\n<ul>\n<ul>\n<li>Presentaci\u00f3n personal<\/li>\n<\/ul>\n<\/ul>\n<ul>\n<li>Adopci\u00f3n de los <a href=\"es\/?page_id=247\">8 principios<\/a> BSB<\/li>\n<\/ul>\n<p>Para obtener m\u00e1s informaci\u00f3n al respecto, por favor visite nuestra p\u00e1gina de <a style=\"font-size: 18px; font-weight: bold;\"href=\"es\/?page_id=261\">SOCIOS<\/a><\/p>\n<\/div>\n<div class=\"su-tabs-pane su-u-clearfix su-u-trim\" data-title=\"ASOCIADOS SENIOR\">\n<h3>ASOCIADOS SENIOR<\/h3>\n<p>Brijnandan Singh Bhar &amp; Co es un lugar de trabajo que ofrece desaf\u00edos y recompensas constantes a nuestros empleados.<\/p>\n<p>Esperamos que usted haya tenido tiempo para explorar otras partes de nuestra web,viendo as\u00ed las \u00e1reas de trabajo en que habitualmente nos desempe\u00f1amos y estamos especializados.<\/p>\n<p>Nosotros ofrecemos una combinaci\u00f3n \u00fanica en las \u00e1reas de servicios contenciosos y no-contenciosos. Todas las disciplinas en las que estamos especializados y los numerosos casos nuestros que han sido publicados por revistas de Derecho, hablan bien a las claras de nuestra fortaleza empresarial.<\/p>\n<p>Esperamos un gran desempe\u00f1o de nuestros asociados senior y que sean ambiciosos desde su comienzo en nuestra empresa. Nosotros investimos al m\u00e1ximo en nuestros empleados para lograr que se conviertan en socios del bufete en un futuro no muy lejano.<\/p>\n<p>A cambio, ofrecemos a nuestros empleados una generosa remuneraci\u00f3n que podr\u00e1 ir en aumento cada a\u00f1o seg\u00fan la experiencia que atesoren.<\/p>\n<p>Adem\u00e1s de un sueldo muy competitivo, la empresa tambi\u00e9n se compromete a cubrir subsidios y cualquier gasto asociado a temas burocr\u00e1ticos como puedan ser la renovaci\u00f3n anual del certificado de pr\u00e1ctica de la Asociaci\u00f3n de Abogados de Malasia o las tasas por cursos oficiales realizados dentro del pa\u00eds o en el extranjero.<\/p>\n<p>Nos enorgullecemos de ser un bufete de abogados que destaca por su amabilidad y cercan\u00eda y creemos que esta actitud se refleja en el esp\u00edritu de nuestros asociados senior.<\/p>\n<p>Para m\u00e1s informaci\u00f3n, visite nuestra p\u00e1gina de <a style=\"font-size: 18px; font-weight: bold;\" href=\"es\/?page_id=264\">ASOCIADOS SENIOR<\/a>.<\/p>\n<\/div>\n<div class=\"su-tabs-pane su-u-clearfix su-u-trim\" data-title=\"ASOCIADOS\">\n<h3>ASOCIADOS<\/h3>\n<p>Brijnandan Singh Bhar &amp; Co es un lugar de trabajo que ofrece desaf\u00edos y recompensas constantes a nuestros empleados.<\/p>\n<p>Esperamos que usted haya tenido tiempo para explorar otras secciones de nuestra web, viendo as\u00ed las \u00e1reas de trabajo en que habitualmente nos desempe\u00f1amos y en las que estamos especializados.<\/p>\n<p>Nosotros ofrecemos una combinaci\u00f3n \u00fanica de servicios contenciosos y no-contenciosos. Todas las disciplinas en las que estamos especializados y nuestros numerosos casos (que han sido publicados por revistas de Derecho) hablan bien a las claras de nuestra fortaleza empresarial.<\/p>\n<p>Esperamos un gran desempe\u00f1o de nuestros asociados y que sean ambiciosos desde su comienzo en nuestra empresa. Nosotros invertimos al m\u00e1ximo en nuestros empleados para lograr que se conviertan en socios del bufete en un futuro no muy lejano.<\/p>\n<p>A cambio, ofrecemos a nuestros empleados una generosa remuneraci\u00f3n que podr\u00e1 ir en aumento cada a\u00f1o seg\u00fan la experiencia que atesoren.<\/p>\n<p>Adem\u00e1s de un sueldo muy competitivo, la empresa tambi\u00e9n se compromete a cubrir subsidios y cualquier gasto asociado a temas burocr\u00e1ticos como puedan ser la renovaci\u00f3n anual del certificado de pr\u00e1ctica de la Asociaci\u00f3n de Abogados de Malasia o las tasas por cursos oficiales realizados dentro del pa\u00eds o en el extranjero.<\/p>\n<p>Nos enorgullecemos de ser un bufete de abogados que destaca por su amabilidad y cercan\u00eda y creemos que esta actitud se refleja en el esp\u00edritu de nuestros asociados.<\/p>\n<p>Para m\u00e1s informaci\u00f3n, visite nuestra p\u00e1gina de <a style=\"font-size: 18px; font-weight: bold;\" href=\"es\/?page_id=267\">ASOCIADOS<\/a>.<\/p>\n<\/div><\/div><\/div>\n","protected":false},"excerpt":{"rendered":"","protected":false},"author":1,"featured_media":0,"parent":0,"menu_order":0,"comment_status":"open","ping_status":"open","template":"single-our_people.php","meta":{"_acf_changed":false,"footnotes":""},"class_list":["post-689","page","type-page","status-publish","hentry"],"acf":[],"_links":{"self":[{"href":"https:\/\/bsbharco.com\/es\/wp-json\/wp\/v2\/pages\/689","targetHints":{"allow":["GET"]}}],"collection":[{"href":"https:\/\/bsbharco.com\/es\/wp-json\/wp\/v2\/pages"}],"about":[{"href":"https:\/\/bsbharco.com\/es\/wp-json\/wp\/v2\/types\/page"}],"author":[{"embeddable":true,"href":"https:\/\/bsbharco.com\/es\/wp-json\/wp\/v2\/users\/1"}],"replies":[{"embeddable":true,"href":"https:\/\/bsbharco.com\/es\/wp-json\/wp\/v2\/comments?post=689"}],"version-history":[{"count":24,"href":"https:\/\/bsbharco.com\/es\/wp-json\/wp\/v2\/pages\/689\/revisions"}],"predecessor-version":[{"id":2232,"href":"https:\/\/bsbharco.com\/es\/wp-json\/wp\/v2\/pages\/689\/revisions\/2232"}],"wp:attachment":[{"href":"https:\/\/bsbharco.com\/es\/wp-json\/wp\/v2\/media?parent=689"}],"curies":[{"name":"wp","href":"https:\/\/api.w.org\/{rel}","templated":true}]}}