{"id":458,"date":"2014-05-22T10:38:47","date_gmt":"2014-05-22T10:38:47","guid":{"rendered":"http:\/\/192.168.2.5\/bsbharco.com\/?page_id=458"},"modified":"2014-05-22T10:38:47","modified_gmt":"2014-05-22T10:38:47","slug":"aviso-legal","status":"publish","type":"page","link":"https:\/\/bsbharco.com\/es\/aviso-legal\/","title":{"rendered":"Aviso Legal"},"content":{"rendered":"<p>Brijnandan Singh Bhar &#038; Co renuncia expresamente a toda responsabilidad, ante cualquier persona, entidad, organismo o empresa, por todas las p\u00e9rdidas o da\u00f1os de cualquier tipo, ya sean directos, indirectos o consecuentes, en relaci\u00f3n con cualquier acci\u00f3n u omisi\u00f3n que se haga, ya sea totalmente o en parte, en relaci\u00f3n con todo o parte de los contenidos, comentarios , informaci\u00f3n y \/ o materiales contenidos en este sitio web.    <\/p>\n<p>La informaci\u00f3n y cualquier comentario sobre la Ley contenida en este sitio web se proporciona de forma gratuita con fines meramente informativos.<\/p>\n<p>Se hacen todos los esfuerzos razonables para que la informaci\u00f3n y los comentarios sean precisos y est\u00e9n actualizados, pero no nos hacemos responsables de su precisi\u00f3n ni de su exactitud, ni tampoco de las consecuencias de confiar en ellos.<\/p>\n<p>El contenido, comentarios, informaci\u00f3n y \/ o materiales  recogidos en la web no tendr\u00e1n por objeto el asesoramiento legal de ninguna persona en ning\u00fan caso o asunto espec\u00edfico.<\/p>\n<p>Se le recomienda encarecidamente obtener asesoramiento personal espec\u00edfico sobre su caso o asunto directamente de nosotros y no depender de los contenidos, comentarios, informaci\u00f3n y \/ o materiales que se muestran en este sitio web.<\/p>\n<p>Brijnandan Singh Bhar &#038; Co no ser\u00e1 responsable si por cualquier motivo una parte del sitio web, o todo el sitio web, no es accesible a los usuarios en un momento determinado o en cualquier \u00e9poca.<\/p>\n<p>Se han tomado todas las precauciones posibles para asegurar que cualquier informaci\u00f3n publicada en nuestra p\u00e1gina web est\u00e9 libre de virus o de cualquier otra cosa que pueda interferir o da\u00f1ar el funcionamiento de los sistemas inform\u00e1ticos del usuario.<\/p>\n<p>Sin embargo, Brijnandan Singh Bhar &#038; Co no acepta responsabilidad y, por la presente, excluye todas las formas de responsabilidad en la medida m\u00e1xima permitida por las leyes, derivada de p\u00e9rdidas o da\u00f1os acaecidos al conectarse a este sitio web o por la descarga de cualquier contenido, comentario, informaci\u00f3n y \/ o materiales publicados en nuestro sitio web, o en cualquier otro sitio ligado al mismo, ya sea a trav\u00e9s de un virus o de cualquier otra forma.<\/p>\n<p>Para obtener m\u00e1s informaci\u00f3n, escr\u00edbanos a webmaster@bsbharco.com .<\/p>\n","protected":false},"excerpt":{"rendered":"<p>Brijnandan Singh Bhar &#038; Co renuncia expresamente a toda responsabilidad, ante cualquier persona, entidad, organismo o empresa, por todas las p\u00e9rdidas o da\u00f1os de cualquier tipo, ya sean directos, indirectos o consecuentes, en relaci\u00f3n con cualquier acci\u00f3n u omisi\u00f3n que se haga, ya sea totalmente o en parte, en relaci\u00f3n con todo o parte de [&hellip;]<\/p>\n","protected":false},"author":1,"featured_media":0,"parent":0,"menu_order":0,"comment_status":"open","ping_status":"open","template":"","meta":{"_acf_changed":false,"footnotes":""},"class_list":["post-458","page","type-page","status-publish","hentry"],"acf":[],"_links":{"self":[{"href":"https:\/\/bsbharco.com\/es\/wp-json\/wp\/v2\/pages\/458","targetHints":{"allow":["GET"]}}],"collection":[{"href":"https:\/\/bsbharco.com\/es\/wp-json\/wp\/v2\/pages"}],"about":[{"href":"https:\/\/bsbharco.com\/es\/wp-json\/wp\/v2\/types\/page"}],"author":[{"embeddable":true,"href":"https:\/\/bsbharco.com\/es\/wp-json\/wp\/v2\/users\/1"}],"replies":[{"embeddable":true,"href":"https:\/\/bsbharco.com\/es\/wp-json\/wp\/v2\/comments?post=458"}],"version-history":[{"count":1,"href":"https:\/\/bsbharco.com\/es\/wp-json\/wp\/v2\/pages\/458\/revisions"}],"predecessor-version":[{"id":459,"href":"https:\/\/bsbharco.com\/es\/wp-json\/wp\/v2\/pages\/458\/revisions\/459"}],"wp:attachment":[{"href":"https:\/\/bsbharco.com\/es\/wp-json\/wp\/v2\/media?parent=458"}],"curies":[{"name":"wp","href":"https:\/\/api.w.org\/{rel}","templated":true}]}}