{"id":455,"date":"2014-05-22T10:37:34","date_gmt":"2014-05-22T10:37:34","guid":{"rendered":"http:\/\/192.168.2.5\/bsbharco.com\/?page_id=455"},"modified":"2014-05-22T10:37:34","modified_gmt":"2014-05-22T10:37:34","slug":"copyright","status":"publish","type":"page","link":"https:\/\/bsbharco.com\/es\/copyright\/","title":{"rendered":"Copyright"},"content":{"rendered":"<p>Esta p\u00e1gina web y su contenido es propiedad de Brijnandan Singh Bhar &#038; Co.<\/p>\n<p>Cualquier reproducci\u00f3n o redistribuci\u00f3n de la totalidad o parte de los contenidos \/ informaci\u00f3n est\u00e1 prohibida, excepto en los siguientes casos:<\/p>\n<p>* Usted puede imprimir o descargar contenido para su uso personal y no comercial<\/p>\n<p>* Usted puede copiar el contenido a terceros para su uso personal, pero ha de citar a este sitio web como el origen de la informaci\u00f3n.<\/p>\n<p>* Usted no puede, excepto con nuestra autorizaci\u00f3n expresa y por escrito, distribuir o explotar comercialmente el contenido de la p\u00e1gina, as\u00ed como tampoco transmitirlo o almacenarlo en cualquier otro sitio web o sistema de recuperaci\u00f3n electr\u00f3nica.<\/p>\n<p>Para obtener m\u00e1s informaci\u00f3n, escr\u00edbanos a webmaster@bsbharco.com.<\/p>\n","protected":false},"excerpt":{"rendered":"<p>Esta p\u00e1gina web y su contenido es propiedad de Brijnandan Singh Bhar &#038; Co. Cualquier reproducci\u00f3n o redistribuci\u00f3n de la totalidad o parte de los contenidos \/ informaci\u00f3n est\u00e1 prohibida, excepto en los siguientes casos: * Usted puede imprimir o descargar contenido para su uso personal y no comercial * Usted puede copiar el contenido [&hellip;]<\/p>\n","protected":false},"author":1,"featured_media":0,"parent":0,"menu_order":0,"comment_status":"open","ping_status":"open","template":"","meta":{"_acf_changed":false,"footnotes":""},"class_list":["post-455","page","type-page","status-publish","hentry"],"acf":[],"_links":{"self":[{"href":"https:\/\/bsbharco.com\/es\/wp-json\/wp\/v2\/pages\/455","targetHints":{"allow":["GET"]}}],"collection":[{"href":"https:\/\/bsbharco.com\/es\/wp-json\/wp\/v2\/pages"}],"about":[{"href":"https:\/\/bsbharco.com\/es\/wp-json\/wp\/v2\/types\/page"}],"author":[{"embeddable":true,"href":"https:\/\/bsbharco.com\/es\/wp-json\/wp\/v2\/users\/1"}],"replies":[{"embeddable":true,"href":"https:\/\/bsbharco.com\/es\/wp-json\/wp\/v2\/comments?post=455"}],"version-history":[{"count":1,"href":"https:\/\/bsbharco.com\/es\/wp-json\/wp\/v2\/pages\/455\/revisions"}],"predecessor-version":[{"id":457,"href":"https:\/\/bsbharco.com\/es\/wp-json\/wp\/v2\/pages\/455\/revisions\/457"}],"wp:attachment":[{"href":"https:\/\/bsbharco.com\/es\/wp-json\/wp\/v2\/media?parent=455"}],"curies":[{"name":"wp","href":"https:\/\/api.w.org\/{rel}","templated":true}]}}