{"id":452,"date":"2014-05-22T10:35:02","date_gmt":"2014-05-22T10:35:02","guid":{"rendered":"http:\/\/192.168.2.5\/bsbharco.com\/?page_id=452"},"modified":"2014-05-29T05:55:17","modified_gmt":"2014-05-29T05:55:17","slug":"politica-de-privacidad","status":"publish","type":"page","link":"https:\/\/bsbharco.com\/es\/politica-de-privacidad\/","title":{"rendered":"Pol\u00edtica De Privacidad."},"content":{"rendered":"<p>Esta pol\u00edtica de privacidad establece c\u00f3mo Brijnandan Singh Bhar &amp; Co usa y protege cualquier informaci\u00f3n que usted proporciona cuando utiliza este sitio web.<\/p>\n<p>Entendemos las necesidades de nuestros clientes y estamos comprometidos a garantizar que su privacidad est\u00e9 protegida.<br \/>\nSi le pedimos que nos proporcione informaci\u00f3n veraz para poder identificarle es porque puede estar seguro de que va a ser usada de acuerdo con esta declaraci\u00f3n de privacidad.<\/p>\n<p>Brijnandan Singh Bhar &amp; Co puede cambiar esta pol\u00edtica de vez en cuando al actualizar la p\u00e1gina, por lo que ser\u00eda aconsejable que usted revisara esta web peri\u00f3dicamente.<\/p>\n<p>El uso de la informaci\u00f3n recopilada<\/p>\n<p>Brijnandan Singh Bhar &amp; Co utiliza esta informaci\u00f3n para entender sus necesidades y ofrecerle un mejor servicio, as\u00ed como tambi\u00e9n por las siguientes razones :<\/p>\n<p>* Mantenimiento de registros internos<\/p>\n<p>* Para poder procesar las solicitudes y consultas de contrataci\u00f3n<\/p>\n<p>* En respuesta a preguntas sobre el contenido de la p\u00e1gina web<\/p>\n<p>* Para mejorar nuestros servicios<\/p>\n<p>* Para personalizar el sitio web de acuerdo a sus intereses<\/p>\n<p>* Para, peri\u00f3dicamente y con su consentimiento, enviarle informaci\u00f3n que le pudiera interesar a la direcci\u00f3n de correo electr\u00f3nico que usted nos ha proporcionado .<\/p>\n<p>Seguridad<\/p>\n<p>Brijnandan Singh Bhar &amp; Co garantiza que la informaci\u00f3nque nos proporciona est\u00e1 a buen recaudo.<\/p>\n<p>Con el fin de evitar el acceso no autorizado o la divulgaci\u00f3n, hemos implementado procedimientos apropiados f\u00edsicos, electr\u00f3nicos y administrativos para salvaguardar y asegurar cualquier informaci\u00f3n que recopilamos v\u00eda online.<\/p>\n<p>Control de su informaci\u00f3n personal<\/p>\n<p>Usted puede optar por restringir la recopilaci\u00f3n o el uso de su informaci\u00f3n personal.<\/p>\n<p>Si previamente ha acordado con nosotros que usemos su informaci\u00f3n personal con fines de marketing directo o indirecto, pero llegado el caso ha cambiado de opini\u00f3n, puede escribirnos para que le demos de baja.<\/p>\n<p>No vamos a vender, distribuir o ceder su informaci\u00f3n personal a terceros a menos que estemos obligados por ley a hacerlo.<\/p>\n<p>Para obtener m\u00e1s informaci\u00f3n, escribanos a: <a href=\"mailto:webmaster@bsbharco.com\">webmaster@bsbharco.com<\/a><\/p>\n","protected":false},"excerpt":{"rendered":"<p>Esta pol\u00edtica de privacidad establece c\u00f3mo Brijnandan Singh Bhar &amp; Co usa y protege cualquier informaci\u00f3n que usted proporciona cuando utiliza este sitio web. Entendemos las necesidades de nuestros clientes y estamos comprometidos a garantizar que su privacidad est\u00e9 protegida. Si le pedimos que nos proporcione informaci\u00f3n veraz para poder identificarle es porque puede estar [&hellip;]<\/p>\n","protected":false},"author":1,"featured_media":0,"parent":0,"menu_order":0,"comment_status":"open","ping_status":"open","template":"","meta":{"_acf_changed":false,"footnotes":""},"class_list":["post-452","page","type-page","status-publish","hentry"],"acf":[],"_links":{"self":[{"href":"https:\/\/bsbharco.com\/es\/wp-json\/wp\/v2\/pages\/452","targetHints":{"allow":["GET"]}}],"collection":[{"href":"https:\/\/bsbharco.com\/es\/wp-json\/wp\/v2\/pages"}],"about":[{"href":"https:\/\/bsbharco.com\/es\/wp-json\/wp\/v2\/types\/page"}],"author":[{"embeddable":true,"href":"https:\/\/bsbharco.com\/es\/wp-json\/wp\/v2\/users\/1"}],"replies":[{"embeddable":true,"href":"https:\/\/bsbharco.com\/es\/wp-json\/wp\/v2\/comments?post=452"}],"version-history":[{"count":3,"href":"https:\/\/bsbharco.com\/es\/wp-json\/wp\/v2\/pages\/452\/revisions"}],"predecessor-version":[{"id":1139,"href":"https:\/\/bsbharco.com\/es\/wp-json\/wp\/v2\/pages\/452\/revisions\/1139"}],"wp:attachment":[{"href":"https:\/\/bsbharco.com\/es\/wp-json\/wp\/v2\/media?parent=452"}],"curies":[{"name":"wp","href":"https:\/\/api.w.org\/{rel}","templated":true}]}}