{"id":440,"date":"2014-05-22T10:10:55","date_gmt":"2014-05-22T10:10:55","guid":{"rendered":"http:\/\/192.168.2.5\/bsbharco.com\/?page_id=440"},"modified":"2014-05-22T10:10:55","modified_gmt":"2014-05-22T10:10:55","slug":"diversidad","status":"publish","type":"page","link":"https:\/\/bsbharco.com\/es\/diversidad\/","title":{"rendered":"Diversidad"},"content":{"rendered":"<p>En Brijnandan Singh Bhar &#038; Co promovemos la integraci\u00f3n de todas las culturas como si se tratara de una sola, donde todos tengan la oportunidad de crecer laboralmente y donde el camino de ascenso sea transparente.<\/p>\n<p>Nosotros creemos que el fomento de la igualdad, la diversidad y la integraci\u00f3n social nos permitir\u00e1 conseguir a los mejores talentos, construir los equipos m\u00e1s efectivos para nuestros clientes y ofrecer el m\u00e1s alto nivel de servicio.<\/p>\n<p>Esta es la forma que tenemos de vivir acorde a nuestros valores: los 8 principios de BSB.<\/p>\n<p>A trav\u00e9s de nuestras numerosas iniciativas, intentamos eliminar las barreras que imposibilitan el acceso a la carrera legal a numerosos j\u00f3venes.<br \/>\nNosotros nos esforzamos al m\u00e1ximo para conseguir que los j\u00f3venes m\u00e1s talentosos de diversos or\u00edgenes \u00e9tnicos tengan la oportunidad de entrar y progresar en el mundo jur\u00eddico.<\/p>\n<p>La iniciativa comienza con nuestros programas de becas y cursillos y nuestro deseo por contratarlos y retenerlos en la empresa.<\/p>\n","protected":false},"excerpt":{"rendered":"<p>En Brijnandan Singh Bhar &#038; Co promovemos la integraci\u00f3n de todas las culturas como si se tratara de una sola, donde todos tengan la oportunidad de crecer laboralmente y donde el camino de ascenso sea transparente. Nosotros creemos que el fomento de la igualdad, la diversidad y la integraci\u00f3n social nos permitir\u00e1 conseguir a los [&hellip;]<\/p>\n","protected":false},"author":1,"featured_media":0,"parent":0,"menu_order":0,"comment_status":"open","ping_status":"open","template":"single-csr.php","meta":{"_acf_changed":false,"footnotes":""},"class_list":["post-440","page","type-page","status-publish","hentry"],"acf":[],"_links":{"self":[{"href":"https:\/\/bsbharco.com\/es\/wp-json\/wp\/v2\/pages\/440","targetHints":{"allow":["GET"]}}],"collection":[{"href":"https:\/\/bsbharco.com\/es\/wp-json\/wp\/v2\/pages"}],"about":[{"href":"https:\/\/bsbharco.com\/es\/wp-json\/wp\/v2\/types\/page"}],"author":[{"embeddable":true,"href":"https:\/\/bsbharco.com\/es\/wp-json\/wp\/v2\/users\/1"}],"replies":[{"embeddable":true,"href":"https:\/\/bsbharco.com\/es\/wp-json\/wp\/v2\/comments?post=440"}],"version-history":[{"count":1,"href":"https:\/\/bsbharco.com\/es\/wp-json\/wp\/v2\/pages\/440\/revisions"}],"predecessor-version":[{"id":441,"href":"https:\/\/bsbharco.com\/es\/wp-json\/wp\/v2\/pages\/440\/revisions\/441"}],"wp:attachment":[{"href":"https:\/\/bsbharco.com\/es\/wp-json\/wp\/v2\/media?parent=440"}],"curies":[{"name":"wp","href":"https:\/\/api.w.org\/{rel}","templated":true}]}}