{"id":438,"date":"2014-05-22T10:09:56","date_gmt":"2014-05-22T10:09:56","guid":{"rendered":"http:\/\/192.168.2.5\/bsbharco.com\/?page_id=438"},"modified":"2014-08-22T05:56:06","modified_gmt":"2014-08-22T05:56:06","slug":"sostenibilidad-medioambiental","status":"publish","type":"page","link":"https:\/\/bsbharco.com\/es\/sostenibilidad-medioambiental\/","title":{"rendered":"Sostenibilidad Medioambiental."},"content":{"rendered":"<p><\/br><br \/>\nNosotros tratamos siempre de minimizar el impacto medioambiental que produce una empresa de abogac\u00eda moderna.<br \/>\nRevisamos nuestras emisiones de gases de efecto invernadero (huella de carbono) para as\u00ed mantenerlas lo m\u00e1s bajas posibles.<br \/>\n<\/br><\/p>\n<p>Para ello, nosotros:<br \/>\n<\/br><\/p>\n<ul>\n<li>investigamos nuevas v\u00edas que permitan que el bufete funcione de una manera sostenible medioambientalmente hablando.<\/li>\n<li>promovemos la concienciaci\u00f3n medioambiental entre nuestros empleados y suministradores.<\/li>\n<li>garantizamos que nuestras iniciativas reflejen los valores de nuestra empresa y contribuyan al compromiso de la empresa con la responsabilidad corporativa.<\/li>\n<li>trabajamos con proveedores que compartan nuestros valores y preocupaciones medioambientales.<\/li>\n<\/ul>\n<p><\/br><br \/>\nMUDANZA DE LA OFICINA DE KUALA LUMPUR.<\/p>\n<p>El traslado de la oficina a Jalan Sultan Ismail en Septiembre de 2012, nos ha servido como oportunidad para mejorar diversos protocolos.<br \/>\nEn el per\u00edodo previo a la mudanza, el volumen de archivos y de papel que all\u00ed se almacenaban se redujo mucho gracias a diversas iniciativas de eliminaci\u00f3n.<br \/>\nParalelamente, la empresa est\u00e1 fomentando un mayor uso de los documentos electr\u00f3nicos.<br \/>\nLos muebles de oficina viejos fueron donados a organizaciones ben\u00e9ficas.<br \/>\nEl nuevo mobiliario de oficina y las alfombras han sido adquiridas bajo la premisa de que son reciclables y est\u00e1n fabricadas a base de materiales reciclados.<br \/>\nLa empresa tambi\u00e9n renov\u00f3 sus ordenadores e instalaciones de red para ser m\u00e1s eficientes energ\u00e9ticamente.<br \/>\nTambi\u00e9n se renovaron los electrodom\u00e9sticos para que cumplieran con los m\u00e1s altos est\u00e1ndares de eficiencia energ\u00e9tica.<br \/>\nA ra\u00edz del \u00e9xito de las iniciativas arriba mencionadas, tambi\u00e9n las hemos llevado a la pr\u00e1ctica en el resto de nuestras oficinas de Malasia.<br \/>\nNuestra empresa lleva a cabo esta iniciativa a trav\u00e9s de distintas etapas. En la primera de ellas se debe cumplir con el cap\u00edtulo 20 del Colegio de Abogados de Malasia en lo referente a eliminaci\u00f3n de archivos y documentos.<br \/>\nUna vez cumplida la primera etapa, la empresa se dispone a enviar todos estos documentos para su posterior reciclaje.<br \/>\nAdem\u00e1s de lo anterior, la empresa tiene la intenci\u00f3n de poner en pr\u00e1ctica una pol\u00edtica de ahorro energ\u00e9tico consistente en apagar las luces y el aire acondicionado durante el par\u00f3n para comer entre la 1 y las 2 de la tarde.<br \/>\nCuando sea posible y la cobertura del cliente lo permita, trataremos de llevar a cabo nuestros encuentros de negocios a trav\u00e9s de conferencias online o por correos electr\u00f3nicos.<br \/>\nLa empresa y sus miembros est\u00e1n comprometidos con la sostenibilidad medioambiental y adem\u00e1s siempre est\u00e1n buscando<br \/>\nnuevos medios estrat\u00e9gicos e integrados que reduzcan a\u00fan m\u00e1s el impacto medioambiental que generamos.<br \/>\nSiempre estamos abiertos a sugerencias.<br \/>\nPor favor env\u00edenos un email a:<a href=\"mailto:enquiries@bsbharco.com\">enquiries@bsbharco.com<\/a><\/p>\n","protected":false},"excerpt":{"rendered":"<p>Nosotros tratamos siempre de minimizar el impacto medioambiental que produce una empresa de abogac\u00eda moderna. Revisamos nuestras emisiones de gases de efecto invernadero (huella de carbono) para as\u00ed mantenerlas lo m\u00e1s bajas posibles. Para ello, nosotros: investigamos nuevas v\u00edas que permitan que el bufete funcione de una manera sostenible medioambientalmente hablando. promovemos la concienciaci\u00f3n medioambiental [&hellip;]<\/p>\n","protected":false},"author":1,"featured_media":0,"parent":0,"menu_order":0,"comment_status":"open","ping_status":"open","template":"single-csr.php","meta":{"_acf_changed":false,"footnotes":""},"class_list":["post-438","page","type-page","status-publish","hentry"],"acf":[],"_links":{"self":[{"href":"https:\/\/bsbharco.com\/es\/wp-json\/wp\/v2\/pages\/438","targetHints":{"allow":["GET"]}}],"collection":[{"href":"https:\/\/bsbharco.com\/es\/wp-json\/wp\/v2\/pages"}],"about":[{"href":"https:\/\/bsbharco.com\/es\/wp-json\/wp\/v2\/types\/page"}],"author":[{"embeddable":true,"href":"https:\/\/bsbharco.com\/es\/wp-json\/wp\/v2\/users\/1"}],"replies":[{"embeddable":true,"href":"https:\/\/bsbharco.com\/es\/wp-json\/wp\/v2\/comments?post=438"}],"version-history":[{"count":4,"href":"https:\/\/bsbharco.com\/es\/wp-json\/wp\/v2\/pages\/438\/revisions"}],"predecessor-version":[{"id":2038,"href":"https:\/\/bsbharco.com\/es\/wp-json\/wp\/v2\/pages\/438\/revisions\/2038"}],"wp:attachment":[{"href":"https:\/\/bsbharco.com\/es\/wp-json\/wp\/v2\/media?parent=438"}],"curies":[{"name":"wp","href":"https:\/\/api.w.org\/{rel}","templated":true}]}}