{"id":434,"date":"2014-05-22T10:08:12","date_gmt":"2014-05-22T10:08:12","guid":{"rendered":"http:\/\/192.168.2.5\/bsbharco.com\/?page_id=434"},"modified":"2014-05-22T10:08:12","modified_gmt":"2014-05-22T10:08:12","slug":"interaccion-con-la-comunidad","status":"publish","type":"page","link":"https:\/\/bsbharco.com\/es\/interaccion-con-la-comunidad\/","title":{"rendered":"Interacci\u00f3n Con La Comunidad."},"content":{"rendered":"<p>El principal objetivo de nuestra empresa cuando participa en asuntos sociales no radica en pensar s\u00f3lo en que se est\u00e1 devolviendo algo a la sociedad, sino en lo muy beneficioso que resulta para el individuo, la empresa y la profesi\u00f3n.<\/p>\n<p>Creemos firmemente en la activa implicaci\u00f3n de nuestra peque\u00f1a comunidad en temas sociales, tanto en el plano personal como en el empresarial. Por ello buscamos que nuestros empleados participen en actividades comunitarias que posibiliten mejoras en las sociedades en las que vivimos y trabajamos.<\/p>\n<p>Nosotros ayudamos a nuestra comunidad interactuando con ella y don\u00e1ndole servicios pro bono con regularidad.<\/p>\n<p>Usamos todos los conocimientos y recursos a nuestro alcance para apoyar a socios locales e internacionales de acuerdo con sus necesidades.<\/p>\n<p>Nuestras iniciativas de interacci\u00f3n con la comunidad permiten a \u00e9sta tener acceso a diversas actividades de tipo altruista: de apoyo, tutor\u00edas,   donativos econ\u00f3micos, asesoramiento especializado y otras similares.<\/p>\n<p>Durante muchos a\u00f1os, nuestra empresa y nuestra gente han colaborado activamente con multitud de organizaciones ben\u00e9ficas y adem\u00e1s han realizado regularmente donaciones a instituciones religiosas de todo el mundo.<\/p>\n<p>Nuestros empleados han donado tambi\u00e9n comida y ropa para orfanatos.<\/p>\n<p>Brijnandan, que hace unos a\u00f1os patrocin\u00f3 la educaci\u00f3n de varios ni\u00f1os con escasos recursos econ\u00f3micos, volver\u00e1 a iniciar en un futuro pr\u00f3ximo un programa de patrocinio para aquellos que quieran seguir ampliando estudios en las universidades locales.<\/p>\n<p>A trav\u00e9s de esta iniciativa, la empresa tambi\u00e9n proporcionar\u00eda tutor\u00edas y diversos medios, tanto financieros como no-financieros.<\/p>\n","protected":false},"excerpt":{"rendered":"<p>El principal objetivo de nuestra empresa cuando participa en asuntos sociales no radica en pensar s\u00f3lo en que se est\u00e1 devolviendo algo a la sociedad, sino en lo muy beneficioso que resulta para el individuo, la empresa y la profesi\u00f3n. Creemos firmemente en la activa implicaci\u00f3n de nuestra peque\u00f1a comunidad en temas sociales, tanto en [&hellip;]<\/p>\n","protected":false},"author":1,"featured_media":0,"parent":0,"menu_order":0,"comment_status":"open","ping_status":"open","template":"single-csr.php","meta":{"_acf_changed":false,"footnotes":""},"class_list":["post-434","page","type-page","status-publish","hentry"],"acf":[],"_links":{"self":[{"href":"https:\/\/bsbharco.com\/es\/wp-json\/wp\/v2\/pages\/434","targetHints":{"allow":["GET"]}}],"collection":[{"href":"https:\/\/bsbharco.com\/es\/wp-json\/wp\/v2\/pages"}],"about":[{"href":"https:\/\/bsbharco.com\/es\/wp-json\/wp\/v2\/types\/page"}],"author":[{"embeddable":true,"href":"https:\/\/bsbharco.com\/es\/wp-json\/wp\/v2\/users\/1"}],"replies":[{"embeddable":true,"href":"https:\/\/bsbharco.com\/es\/wp-json\/wp\/v2\/comments?post=434"}],"version-history":[{"count":1,"href":"https:\/\/bsbharco.com\/es\/wp-json\/wp\/v2\/pages\/434\/revisions"}],"predecessor-version":[{"id":435,"href":"https:\/\/bsbharco.com\/es\/wp-json\/wp\/v2\/pages\/434\/revisions\/435"}],"wp:attachment":[{"href":"https:\/\/bsbharco.com\/es\/wp-json\/wp\/v2\/media?parent=434"}],"curies":[{"name":"wp","href":"https:\/\/api.w.org\/{rel}","templated":true}]}}