{"id":432,"date":"2014-05-22T10:07:00","date_gmt":"2014-05-22T10:07:00","guid":{"rendered":"http:\/\/192.168.2.5\/bsbharco.com\/?page_id=432"},"modified":"2014-05-22T10:07:00","modified_gmt":"2014-05-22T10:07:00","slug":"pro-bono","status":"publish","type":"page","link":"https:\/\/bsbharco.com\/es\/pro-bono\/","title":{"rendered":"Pro Bono"},"content":{"rendered":"<p>La empresa cuenta con una larga tradici\u00f3n de pro bono y nuestro compromiso seguir\u00e1 siendo real y sostenido.<br \/>\nAl ser parte de una comunidad global, la empresa est\u00e1 comprometida a trabajar junto a ella de manera coordinada, de tal forma que consigamos el mayor impacto posible en las sociedades en las que vivimos y trabajamos.<br \/>\nEl compromiso de Brijnandan Singh Bhar &#038; Co no tiene precedentes en este \u00e1mbito y todos sus abogados est\u00e1n firmemente comprometidos para hacer trabajos pro bono.<\/p>\n<p>Durante m\u00e1s de 35 a\u00f1os, la empresa ha hecho miles de horas de trabajos pro bono.<\/p>\n<p>Los trabajos pro bono son una parte importante de nuestro pasado y de nuestro futuro.<\/p>\n<p>Nuestro objetivo es ser l\u00edderes de opini\u00f3n en la creaci\u00f3n y realizaci\u00f3n de servicios pro bono y por ello buscamos participar en innovadores proyectos de este estilo, visitando los colegios de abogados y las comunidades locales que sean necesarias.<\/p>\n<p>Nuestro enfoque pro bono se adecua a las circunstancias y cultura locales.<\/p>\n<p>Hemos ayudado (y continuamos haci\u00e9ndolo) al sector m\u00e1s desfavorecido de nuestra comunidad prest\u00e1ndole servicios legales gratuitos de forma regular.<br \/>\nOtro tanto hemos hecho con organizaciones ben\u00e9ficas y otros grupos de la comunidad.<\/p>\n","protected":false},"excerpt":{"rendered":"<p>La empresa cuenta con una larga tradici\u00f3n de pro bono y nuestro compromiso seguir\u00e1 siendo real y sostenido. Al ser parte de una comunidad global, la empresa est\u00e1 comprometida a trabajar junto a ella de manera coordinada, de tal forma que consigamos el mayor impacto posible en las sociedades en las que vivimos y trabajamos. [&hellip;]<\/p>\n","protected":false},"author":1,"featured_media":0,"parent":0,"menu_order":0,"comment_status":"open","ping_status":"open","template":"single-csr.php","meta":{"_acf_changed":false,"footnotes":""},"class_list":["post-432","page","type-page","status-publish","hentry"],"acf":[],"_links":{"self":[{"href":"https:\/\/bsbharco.com\/es\/wp-json\/wp\/v2\/pages\/432","targetHints":{"allow":["GET"]}}],"collection":[{"href":"https:\/\/bsbharco.com\/es\/wp-json\/wp\/v2\/pages"}],"about":[{"href":"https:\/\/bsbharco.com\/es\/wp-json\/wp\/v2\/types\/page"}],"author":[{"embeddable":true,"href":"https:\/\/bsbharco.com\/es\/wp-json\/wp\/v2\/users\/1"}],"replies":[{"embeddable":true,"href":"https:\/\/bsbharco.com\/es\/wp-json\/wp\/v2\/comments?post=432"}],"version-history":[{"count":1,"href":"https:\/\/bsbharco.com\/es\/wp-json\/wp\/v2\/pages\/432\/revisions"}],"predecessor-version":[{"id":433,"href":"https:\/\/bsbharco.com\/es\/wp-json\/wp\/v2\/pages\/432\/revisions\/433"}],"wp:attachment":[{"href":"https:\/\/bsbharco.com\/es\/wp-json\/wp\/v2\/media?parent=432"}],"curies":[{"name":"wp","href":"https:\/\/api.w.org\/{rel}","templated":true}]}}