{"id":429,"date":"2014-05-22T09:57:50","date_gmt":"2014-05-22T09:57:50","guid":{"rendered":"http:\/\/192.168.2.5\/bsbharco.com\/?page_id=429"},"modified":"2014-08-22T08:10:23","modified_gmt":"2014-08-22T08:10:23","slug":"secretarias-y-secretarios","status":"publish","type":"page","link":"https:\/\/bsbharco.com\/es\/secretarias-y-secretarios\/","title":{"rendered":"Secretarias Y Secretarios"},"content":{"rendered":"<p>En Brijnandan Singh Bhar &#038; Co estamos siempre buscando a secretarias y oficinistas que puedan unirse a nuestra creciente familia.<\/p>\n<p>Valoramos a nuestro personal y las contribuciones que realizan para el bufete hasta el punto de considerarlos un pilar b\u00e1sico para la fortaleza de la empresa.<\/p>\n<p>Si tiene usted buenas dotes para las tareas de secretariado u oficina y adem\u00e1s tiene sangre fr\u00eda cuando se encuentra bajo situaciones de presi\u00f3n, Brijnandan Singh Bhar &#038; Co es su empresa.<\/p>\n<p>Nuestro entorno se basa en el duro trabajo en equipo y requiere flexibilidad.<br \/>\nA cambio, nosotros les ofrecemos excelentes remuneraciones y muchas oportunidades para el crecimiento laboral.<\/p>\n<p>SECRETARIA.<\/p>\n<ul>\n<li> Tener cualificaciones que capaciten para el trabajo de secretaria.<\/li>\n<li> Poseer un a\u00f1o de experiencia laboral, aunque tambi\u00e9n animamos a que presenten su candidatura aquellos que est\u00e1n reci\u00e9n licenciados.<\/li>\n<li> Dominar los idiomas ingl\u00e9s y malayo, pues ambos son fundamentales para poder traducir algunos documentos.<\/li>\n<li> Buena velocidad de mecanograf\u00eda y dominio de Microsoft Office.<\/li>\n<li> Haber trabajado con anterioridad en un bufete ser\u00e1 muy tenido en cuenta.<\/li>\n<\/ul>\n<p>SECRETARIO.<\/p>\n<ul>\n<li> Haber obtenido, como m\u00ednimo, cualificaciones SPM.<\/li>\n<li> Al menos dos a\u00f1os de experiencia laboral contrastable <\/li>\n<li> El dominio, tanto hablado como escrito, de los idiomas ingl\u00e9s y malayo es esencial para poder traducir algunos documentos.<\/li>\n<li> Buena velocidad de mecanograf\u00eda y dominio de la ofim\u00e1tica.<\/li>\n<li> Haber trabajado con anterioridad en un bufete ser\u00e1 muy tenido en cuenta.<\/li>\n<\/ul>\n<p>Nosotros ofrecemos una excelente remuneraci\u00f3n, siempre en consonancia con la experiencia y habilidad  del solicitante.<\/p>\n<p>Por favor, para m\u00e1s informaci\u00f3n m\u00e1ndenos un correo electr\u00f3nico a applications@bsbharco.com.<\/p>\n","protected":false},"excerpt":{"rendered":"<p>En Brijnandan Singh Bhar &#038; Co estamos siempre buscando a secretarias y oficinistas que puedan unirse a nuestra creciente familia. Valoramos a nuestro personal y las contribuciones que realizan para el bufete hasta el punto de considerarlos un pilar b\u00e1sico para la fortaleza de la empresa. Si tiene usted buenas dotes para las tareas de [&hellip;]<\/p>\n","protected":false},"author":1,"featured_media":0,"parent":0,"menu_order":0,"comment_status":"open","ping_status":"open","template":"single-join_us.php","meta":{"_acf_changed":false,"footnotes":""},"class_list":["post-429","page","type-page","status-publish","hentry"],"acf":[],"_links":{"self":[{"href":"https:\/\/bsbharco.com\/es\/wp-json\/wp\/v2\/pages\/429","targetHints":{"allow":["GET"]}}],"collection":[{"href":"https:\/\/bsbharco.com\/es\/wp-json\/wp\/v2\/pages"}],"about":[{"href":"https:\/\/bsbharco.com\/es\/wp-json\/wp\/v2\/types\/page"}],"author":[{"embeddable":true,"href":"https:\/\/bsbharco.com\/es\/wp-json\/wp\/v2\/users\/1"}],"replies":[{"embeddable":true,"href":"https:\/\/bsbharco.com\/es\/wp-json\/wp\/v2\/comments?post=429"}],"version-history":[{"count":3,"href":"https:\/\/bsbharco.com\/es\/wp-json\/wp\/v2\/pages\/429\/revisions"}],"predecessor-version":[{"id":2104,"href":"https:\/\/bsbharco.com\/es\/wp-json\/wp\/v2\/pages\/429\/revisions\/2104"}],"wp:attachment":[{"href":"https:\/\/bsbharco.com\/es\/wp-json\/wp\/v2\/media?parent=429"}],"curies":[{"name":"wp","href":"https:\/\/api.w.org\/{rel}","templated":true}]}}