{"id":424,"date":"2014-05-22T09:28:04","date_gmt":"2014-05-22T09:28:04","guid":{"rendered":"http:\/\/192.168.1.6\/bsbharco.com\/?page_id=424"},"modified":"2014-08-26T09:00:04","modified_gmt":"2014-08-26T09:00:04","slug":"oportunidades-de-incorporacion","status":"publish","type":"page","link":"https:\/\/bsbharco.com\/es\/oportunidades-de-incorporacion\/","title":{"rendered":"Oportunidades De Incorporaci\u00f3n"},"content":{"rendered":"<p>BSB &#038; Co mantiene durante todo el a\u00f1o la posibilidad de admitir nuevas incorporaciones.<\/p>\n<p>Creemos firmemente que una comprensi\u00f3n profunda del mundo de la abogac\u00eda es fundamental para cualquiera que quiera dedicarse a los temas jur\u00eddicos.<\/p>\n<p>Nos hemos dado cuenta de que esta es la mejor forma de ver si el candidato a becario se podr\u00eda adaptar a la empresa y la empresa al candidato.<\/p>\n<p>Durante el per\u00edodo de pr\u00e1cticas, los becarios podr\u00e1n aprovecharse de la experiencia de nuestros socios y asociados para aprender acerca de diversos procedimientos judiciales, entre los que se incluyen juicios y apelaciones ante el Tribunal Supremo o en los Tribunales de Apelaci\u00f3n.<\/p>\n<p>Los becarios que sean elegidos participar\u00e1n desde el comienzo en todos aquellos casos que est\u00e9n siendo llevados en ese momento por miembros de nuestro bufete.<\/p>\n<p>Los becarios tambi\u00e9n suelen hacer labores de investigaci\u00f3n en los archivos para as\u00ed tener una idea de c\u00f3mo se trabaja en un bufete de abogados.<\/p>\n<p>A los solicitantes para becario se les pide que tengan excelentes expedientes acad\u00e9micos basados en calificaciones de ex\u00e1menes de su \u00e9poca universitaria y pre-universitaria.<\/p>\n<p>Todos los solicitantes deber\u00e1n tener un buen don de gentes y hablar fluidamente los idiomas malayo e ingl\u00e9s.<\/p>\n<p>Se les pedir\u00e1 a nuestros candidatos que escriban los motivos por los que solicitan el puesto de becario.<\/p>\n<p>La empresa suele tardar entre una y dos semanas en decidir si admite o no al solicitante.<\/p>\n<p>Para m\u00e1s informaci\u00f3n, m\u00e1ndenos un correo electr\u00f3nico a:<a href=\"mailto:applications@bsbharco.com\">applications@bsbharco.com<\/a> o rellene el formulario de solicitud online que aparece abajo.<\/p>\n<h2>DATOS PERSONALES<\/h2>\n\n<div class=\"wpcf7 no-js\" id=\"wpcf7-f2315-o1\" lang=\"en-US\" dir=\"ltr\" data-wpcf7-id=\"2315\">\n<div class=\"screen-reader-response\"><p role=\"status\" aria-live=\"polite\" aria-atomic=\"true\"><\/p> <ul><\/ul><\/div>\n<form action=\"\/es\/wp-json\/wp\/v2\/pages\/424#wpcf7-f2315-o1\" method=\"post\" class=\"wpcf7-form init\" aria-label=\"Contact form\" enctype=\"multipart\/form-data\" novalidate=\"novalidate\" data-status=\"init\">\n<fieldset class=\"hidden-fields-container\"><input type=\"hidden\" name=\"_wpcf7\" value=\"2315\" \/><input type=\"hidden\" name=\"_wpcf7_version\" value=\"6.1.5\" \/><input type=\"hidden\" name=\"_wpcf7_locale\" value=\"en_US\" \/><input type=\"hidden\" name=\"_wpcf7_unit_tag\" value=\"wpcf7-f2315-o1\" \/><input type=\"hidden\" name=\"_wpcf7_container_post\" value=\"0\" \/><input type=\"hidden\" name=\"_wpcf7_posted_data_hash\" value=\"\" \/>\n<\/fieldset>\n<p>T\u00edtulo\n<\/p>\n<p><span class=\"wpcf7-form-control-wrap\" data-name=\"title\"><select class=\"wpcf7-form-control wpcf7-select\" aria-invalid=\"false\" name=\"title\"><option value=\"Sr.\">Sr.<\/option><option value=\"se\u00f1orita\">se\u00f1orita<\/option><option value=\"se\u00f1ora\">se\u00f1ora<\/option><option value=\"Dr\">Dr<\/option><\/select><\/span>\n<\/p>\n<p>Nombre de pila\n<\/p>\n<p><span class=\"wpcf7-form-control-wrap\" data-name=\"Forname\"><input size=\"40\" maxlength=\"400\" class=\"wpcf7-form-control wpcf7-text wpcf7-validates-as-required\" aria-required=\"true\" aria-invalid=\"false\" placeholder=\"Requerido\" value=\"\" type=\"text\" name=\"Forname\" \/><\/span>\n<\/p>\n<p>Apellidos\n<\/p>\n<p><span class=\"wpcf7-form-control-wrap\" data-name=\"Surname\"><input size=\"40\" maxlength=\"400\" class=\"wpcf7-form-control wpcf7-text wpcf7-validates-as-required\" aria-required=\"true\" aria-invalid=\"false\" placeholder=\"Requerido\" value=\"\" type=\"text\" name=\"Surname\" \/><\/span>\n<\/p>\n<p>Email\n<\/p>\n<p><span class=\"wpcf7-form-control-wrap\" data-name=\"Email\"><input size=\"40\" maxlength=\"400\" class=\"wpcf7-form-control wpcf7-email wpcf7-validates-as-required wpcf7-text wpcf7-validates-as-email\" aria-required=\"true\" aria-invalid=\"false\" placeholder=\"Requerido\" value=\"\" type=\"email\" name=\"Email\" \/><\/span>\n<\/p>\n<p>Direcci\u00f3n\n<\/p>\n<p><span class=\"wpcf7-form-control-wrap\" data-name=\"Address\"><input size=\"40\" maxlength=\"400\" class=\"wpcf7-form-control wpcf7-text wpcf7-validates-as-required\" aria-required=\"true\" aria-invalid=\"false\" placeholder=\"Requerido\" value=\"\" type=\"text\" name=\"Address\" \/><\/span>\n<\/p>\n<p>Tel\u00e9fono\n<\/p>\n<p><span class=\"wpcf7-form-control-wrap\" data-name=\"Telephone\"><input size=\"40\" maxlength=\"400\" class=\"wpcf7-form-control wpcf7-tel wpcf7-validates-as-required wpcf7-text wpcf7-validates-as-tel\" aria-required=\"true\" aria-invalid=\"false\" placeholder=\"Requerido\" value=\"\" type=\"tel\" name=\"Telephone\" \/><\/span>\n<\/p>\n<h3>Adjunto Fecha de Inicio\n<\/h3>\n<p>\u00bfCu\u00e1ndo la intenci\u00f3n de iniciar el apego?\n<\/p>\n<p>Inicio* : <span class=\"wpcf7-form-control-wrap\" data-name=\"Start\"><input class=\"wpcf7-form-control wpcf7-date wpcf7-validates-as-required wpcf7-validates-as-date\" aria-required=\"true\" aria-invalid=\"false\" placeholder=\"YYYY-MM-DD\" value=\"\" type=\"date\" name=\"Start\" \/><\/span> fin * : <span class=\"wpcf7-form-control-wrap\" data-name=\"End\"><input class=\"wpcf7-form-control wpcf7-date wpcf7-validates-as-required wpcf7-validates-as-date\" aria-required=\"true\" aria-invalid=\"false\" placeholder=\"YYYY-MM-DD\" value=\"\" type=\"date\" name=\"End\" \/><\/span>\n<\/p>\n<h4>El inter\u00e9s en Brijnandan Singh Bhar & co\n<\/h4>\n<p>Por favor, explique por qu\u00e9 le gustar\u00eda pasar un archivo adjunto en Brijnandan Singh Bhar & Co. (Max 200 palabras)\n<\/p>\n<p><span class=\"wpcf7-form-control-wrap\" data-name=\"attachement\"><textarea cols=\"40\" rows=\"10\" maxlength=\"200\" class=\"wpcf7-form-control wpcf7-textarea wpcf7-validates-as-required\" aria-required=\"true\" aria-invalid=\"false\" placeholder=\"Requerido\" name=\"attachement\"><\/textarea><\/span>\n<\/p>\n<h4>Educaci\u00f3n\n<\/h4>\n<p>Anote todos los t\u00edtulos de SPM \/ GCSE \/ A-Levels \/ STPM (o equivalente) al d\u00eda con el t\u00edtulo del tema y los nombres de las instituciones donde se tomaron las calificaciones. Se requiere un desglose completo de cualquier resultado de estudios por tema. Si actualmente est\u00e1 estudiando por favor proporcione el nombre de la instituci\u00f3n y las calificaciones obtenidas en los ex\u00e1menes del curso hasta la fecha o calificaciones previstas\n<\/p>\n<p><span class=\"wpcf7-form-control-wrap\" data-name=\"Education\"><textarea cols=\"40\" rows=\"10\" maxlength=\"2000\" class=\"wpcf7-form-control wpcf7-textarea wpcf7-validates-as-required\" aria-required=\"true\" aria-invalid=\"false\" placeholder=\"Requerido\" name=\"Education\"><\/textarea><\/span>\n<\/p>\n<p>Haga una lista de premios, becas o premios otorgados\n<\/p>\n<p><span class=\"wpcf7-form-control-wrap\" data-name=\"Awards\"><textarea cols=\"40\" rows=\"10\" maxlength=\"2000\" class=\"wpcf7-form-control wpcf7-textarea wpcf7-validates-as-required\" aria-required=\"true\" aria-invalid=\"false\" placeholder=\"Requerido\" name=\"Awards\"><\/textarea><\/span>\n<\/p>\n<h3>Legal Experiencia laboral\n<\/h3>\n<p>S\u00edrvase proporcionar una lista de la experiencia pr\u00e1ctica legal u otra experiencia relevante, por ejemplo, pr\u00e1cticas en bufetes de abogados, mini-pupillages, el trabajo voluntario, Mooting, debatir o hablar en p\u00fablico otra\n<\/p>\n<p><span class=\"wpcf7-form-control-wrap\" data-name=\"List\"><textarea cols=\"40\" rows=\"10\" maxlength=\"2000\" class=\"wpcf7-form-control wpcf7-textarea wpcf7-validates-as-required\" aria-required=\"true\" aria-invalid=\"false\" placeholder=\"Requerido\" name=\"List\"><\/textarea><\/span>\n<\/p>\n<h4>general\n<\/h4>\n<p>\u00bfQu\u00e9 cualidades personales tiene usted lo que har\u00e1 que usted tenga \u00e9xito en el bar? (m\u00e1ximo 200 palabras)\n<\/p>\n<p><span class=\"wpcf7-form-control-wrap\" data-name=\"personal\"><textarea cols=\"40\" rows=\"10\" maxlength=\"200\" class=\"wpcf7-form-control wpcf7-textarea wpcf7-validates-as-required\" aria-required=\"true\" aria-invalid=\"false\" placeholder=\"Requerido\" name=\"personal\"><\/textarea><\/span>\n<\/p>\n<p>S\u00edrvanse proporcionar detalles de sus aficiones o intereses\n<\/p>\n<p><span class=\"wpcf7-form-control-wrap\" data-name=\"hobbies\"><textarea cols=\"40\" rows=\"10\" maxlength=\"2000\" class=\"wpcf7-form-control wpcf7-textarea wpcf7-validates-as-required\" aria-required=\"true\" aria-invalid=\"false\" placeholder=\"Requerido\" name=\"hobbies\"><\/textarea><\/span>\n<\/p>\n<h3>Monitoreo Diversidad\n<\/h3>\n<p>Esta parte del formulario es opcional y no se utiliza para la selecci\u00f3n.\n<\/p>\n<p>G\u00e9nero :\n<\/p>\n<p><span class=\"wpcf7-form-control-wrap\" data-name=\"Gender\"><span class=\"wpcf7-form-control wpcf7-radio\"><span class=\"wpcf7-list-item first\"><input type=\"radio\" name=\"Gender\" value=\"Hombre\" \/><span class=\"wpcf7-list-item-label\">Hombre<\/span><\/span><span class=\"wpcf7-list-item last\"><input type=\"radio\" name=\"Gender\" value=\"Mujer\" \/><span class=\"wpcf7-list-item-label\">Mujer<\/span><\/span><\/span><\/span>\n<\/p>\n<p>\u00bfUsted se considera que tiene una discapacidad? :\n<\/p>\n<p><span class=\"wpcf7-form-control-wrap\" data-name=\"Disability\"><span class=\"wpcf7-form-control wpcf7-radio\"><span class=\"wpcf7-list-item first\"><input type=\"radio\" name=\"Disability\" value=\"S\u00ed\" \/><span class=\"wpcf7-list-item-label\">S\u00ed<\/span><\/span><span class=\"wpcf7-list-item last\"><input type=\"radio\" name=\"Disability\" value=\"No\" \/><span class=\"wpcf7-list-item-label\">No<\/span><\/span><\/span><\/span>\n<\/p>\n<p>\u00bfC\u00f3mo describir\u00edas tu nacionalidad?\n<\/p>\n<p><span class=\"wpcf7-form-control-wrap\" data-name=\"race\"><input size=\"40\" maxlength=\"400\" class=\"wpcf7-form-control wpcf7-text wpcf7-validates-as-required\" aria-required=\"true\" aria-invalid=\"false\" placeholder=\"Requerido\" value=\"\" type=\"text\" name=\"race\" \/><\/span>\n<\/p>\n<p>Fecha de nacimiento* : <span class=\"wpcf7-form-control-wrap\" data-name=\"DOB\"><input class=\"wpcf7-form-control wpcf7-date wpcf7-validates-as-required wpcf7-validates-as-date\" aria-required=\"true\" aria-invalid=\"false\" placeholder=\"YYYY-MM-DD\" value=\"\" type=\"date\" name=\"DOB\" \/><\/span>\n<\/p>\n<h3>Otros Monitoreo\n<\/h3>\n<p>\u00bfC\u00f3mo te enteraste de Brijnandan Singh Bhar & Co?\n<\/p>\n<p><span class=\"wpcf7-form-control-wrap\" data-name=\"Aboutbsb\"><span class=\"wpcf7-form-control wpcf7-radio\"><span class=\"wpcf7-list-item first\"><input type=\"radio\" name=\"Aboutbsb\" value=\"justo pupillage\" \/><span class=\"wpcf7-list-item-label\">justo pupillage<\/span><\/span><span class=\"wpcf7-list-item\"><input type=\"radio\" name=\"Aboutbsb\" value=\"visita la Universidad\" \/><span class=\"wpcf7-list-item-label\">visita la Universidad<\/span><\/span><span class=\"wpcf7-list-item\"><input type=\"radio\" name=\"Aboutbsb\" value=\"Publicaciones\" \/><span class=\"wpcf7-list-item-label\">Publicaciones<\/span><\/span><span class=\"wpcf7-list-item\"><input type=\"radio\" name=\"Aboutbsb\" value=\"Sitio web\" \/><span class=\"wpcf7-list-item-label\">Sitio web<\/span><\/span><span class=\"wpcf7-list-item last\"><input type=\"radio\" name=\"Aboutbsb\" value=\"Directorios Otros\" \/><span class=\"wpcf7-list-item-label\">Directorios Otros<\/span><\/span><\/span><\/span>\n<\/p>\n<h3>Subir archivo\n<\/h3>\n<p>Si usted tiene un CV en formato DOC o PDF, puede subirlo y enviarlo a nosotros.\n<\/p>\n<p><span class=\"wpcf7-form-control-wrap\" data-name=\"ChooseFile\"><input size=\"40\" class=\"wpcf7-form-control wpcf7-file\" accept=\"audio\/*,video\/*,image\/*\" aria-invalid=\"false\" type=\"file\" name=\"ChooseFile\" \/><\/span>\n<\/p>\n<h3>Seguridad\n<\/h3>\n<p>Por favor escriba los caracteres de la imagen siguiente\n<\/p>\n<p><input type=\"hidden\" name=\"_wpcf7_captcha_challenge_captcha-1\" value=\"177140257\" \/><img loading=\"lazy\" decoding=\"async\" class=\"wpcf7-form-control wpcf7-captchac wpcf7-captcha-captcha-1\" width=\"60\" height=\"20\" alt=\"captcha\" src=\"https:\/\/bsbharco.com\/wp-content\/uploads\/wpcf7_captcha\/177140257.png\" \/>\n<\/p>\n<p><span class=\"wpcf7-form-control-wrap\" data-name=\"captcha-1\"><input size=\"40\" class=\"wpcf7-form-control wpcf7-captchar\" autocomplete=\"off\" aria-invalid=\"false\" value=\"\" type=\"text\" name=\"captcha-1\" \/><\/span>\n<\/p>\n<p><input class=\"wpcf7-form-control wpcf7-submit has-spinner\" type=\"submit\" value=\"Enviar\" \/>\n<\/p><p style=\"display: none !important;\" class=\"akismet-fields-container\" data-prefix=\"_wpcf7_ak_\"><label>&#916;<textarea name=\"_wpcf7_ak_hp_textarea\" cols=\"45\" rows=\"8\" maxlength=\"100\"><\/textarea><\/label><input type=\"hidden\" id=\"ak_js_1\" name=\"_wpcf7_ak_js\" value=\"65\"\/><script>document.getElementById( \"ak_js_1\" ).setAttribute( \"value\", ( new Date() ).getTime() );<\/script><\/p><div class=\"wpcf7-response-output\" aria-hidden=\"true\"><\/div>\n<\/form>\n<\/div>\n\n","protected":false},"excerpt":{"rendered":"<p>BSB &#038; Co mantiene durante todo el a\u00f1o la posibilidad de admitir nuevas incorporaciones. Creemos firmemente que una comprensi\u00f3n profunda del mundo de la abogac\u00eda es fundamental para cualquiera que quiera dedicarse a los temas jur\u00eddicos. Nos hemos dado cuenta de que esta es la mejor forma de ver si el candidato a becario se [&hellip;]<\/p>\n","protected":false},"author":1,"featured_media":0,"parent":0,"menu_order":0,"comment_status":"open","ping_status":"open","template":"single-join_us.php","meta":{"_acf_changed":false,"footnotes":""},"class_list":["post-424","page","type-page","status-publish","hentry"],"acf":[],"_links":{"self":[{"href":"https:\/\/bsbharco.com\/es\/wp-json\/wp\/v2\/pages\/424","targetHints":{"allow":["GET"]}}],"collection":[{"href":"https:\/\/bsbharco.com\/es\/wp-json\/wp\/v2\/pages"}],"about":[{"href":"https:\/\/bsbharco.com\/es\/wp-json\/wp\/v2\/types\/page"}],"author":[{"embeddable":true,"href":"https:\/\/bsbharco.com\/es\/wp-json\/wp\/v2\/users\/1"}],"replies":[{"embeddable":true,"href":"https:\/\/bsbharco.com\/es\/wp-json\/wp\/v2\/comments?post=424"}],"version-history":[{"count":5,"href":"https:\/\/bsbharco.com\/es\/wp-json\/wp\/v2\/pages\/424\/revisions"}],"predecessor-version":[{"id":2327,"href":"https:\/\/bsbharco.com\/es\/wp-json\/wp\/v2\/pages\/424\/revisions\/2327"}],"wp:attachment":[{"href":"https:\/\/bsbharco.com\/es\/wp-json\/wp\/v2\/media?parent=424"}],"curies":[{"name":"wp","href":"https:\/\/api.w.org\/{rel}","templated":true}]}}