{"id":418,"date":"2014-05-22T09:20:26","date_gmt":"2014-05-22T09:20:26","guid":{"rendered":"http:\/\/192.168.1.6\/bsbharco.com\/?page_id=418"},"modified":"2014-08-26T10:33:55","modified_gmt":"2014-08-26T10:33:55","slug":"oportunidades-para-becarios","status":"publish","type":"page","link":"https:\/\/bsbharco.com\/es\/oportunidades-para-becarios\/","title":{"rendered":"Oportunidades Para Becarios"},"content":{"rendered":"<p>Brijnandan Singh Bhar &#038; Co ofrece la oportunidad de ser becario en un lugar de trabajo gratificante y lleno de desaf\u00edos.<\/p>\n<p>Esperamos que usted haya podido explorar otras secciones de nuestra p\u00e1gina web y haya visto los campos en los que solemos trabajar y en los que estamos especializados.<\/p>\n<p>Ofrecemos una combinaci\u00f3n \u00fanica de \u00e1reas de ejercicio<br \/>\ncontenciosas y no contenciosas.<\/p>\n<p>Los campos en los que estamos especializados y la gran cantidad de casos que han aparecido en los medios de comunicaci\u00f3n o en revistas de Derecho, habla bien a las claras de cu\u00e1l es nuestra fortaleza.<\/p>\n<p>Preparamos a nuestros becarios para que tengan una visi\u00f3n lo m\u00e1s \u00f3ptima posible acerca de las \u00e1reas de especializaci\u00f3n del bufete.<\/p>\n<p>Los supervisores de nuestros becarios tienen una amplia experiencia pr\u00e1ctica en diversas materias.  La oportunidad que ofrecemos a los becarios de estar 9 meses bajo la tutela de nuestros expertos supervisores supone no s\u00f3lo que puedan seguir a las diferentes personalidades concurrentes, sino tambi\u00e9n que puedan realizar pr\u00e1cticas atinentes a diferentes \u00e1mbitos del Derecho.<\/p>\n<p>Tambi\u00e9n nos aseguramos de que nuestros becarios no se limiten \u00fanicamente a entrar en contacto con el mundo de la abogac\u00eda, sino que adem\u00e1s comiencen a valerse por ellos mismos realizando alegaciones y peque\u00f1as audiencias. Esto contribuye enormemente a su preparaci\u00f3n y experiencia futura.<\/p>\n<p>Nosotros esperamos mucho de nuestros becarios y por ello queremos que sean ambiciosos desde el primer d\u00eda. A cambio ser\u00e1n recompensados adecuadamente con una generosa gratificaci\u00f3n. El premio incluir\u00e1 una buena remuneraci\u00f3n y asignaci\u00f3n; adem\u00e1s, incluir\u00e1 todos los gastos de  registros y de matriculaci\u00f3n en la Escuela de Abogados de Malasia ser\u00e1n cubiertos por la empresa, as\u00ed como las dietas por la asistencia a cursos.<\/p>\n<p>Nos enorgullecemos de ser un bufete de trato amable y cercano y creemos que esta forma de actuar se reflejar\u00e1 en nuestros becarios. Por otra parte, aunque esperamos que nuestros alumnos trabajen duro durante el d\u00eda, no queremos que lo hagan por la noche o durante los fines de semana.<\/p>\n<p>Todas las solicitudes para becario deben incluir lo siguiente:<\/p>\n<ul>\n<li>Los resultados de los ex\u00e1menes LLB (con certificados de estudios) y el certificado de pr\u00e1ctica   jur\u00eddica.<\/li>\n<li>Sijil Pelajaran Malaysia (SPM), Sijil Tinggi Pelajaran Malaysia (STPM)<\/li>\n<li>O-Level, IGCSE o los certificados de los A-level.<\/li>\n<li>Los premios o becas concedidas (si las hubiera).<\/li>\n<li>Actividades extracurriculares y su cargo dentro de las mismas.<\/li>\n<li>Per\u00edodo de disponibilidad.<\/li>\n<\/ul>\n<p>Somos un empleador que busca la igualdad de oportunidades para todos nuestros solicitantes y que cree firmemente que no siempre las mejores notas acad\u00e9micas se\u00f1alan al mejor candidato a becario.<\/p>\n<p>Nuestros becarios tambi\u00e9n deben ser \u201cchicos listos\u201d capaces de improvisar soluciones para satisfacer las expectativas de nuestros clientes.<br \/>\nLos candidatos que quieran solicitar un puesto deber\u00e1n tener todo esto en cuenta.<br \/>\n.<br \/>\nPor favor, env\u00edenos su CV a applications@bsbharco.com o rellene el formulario de solicitud online que se muestra abajo.<\/p>\n<h2>DATOS PERSONALES<\/h2>\n\n<div class=\"wpcf7 no-js\" id=\"wpcf7-f2336-o1\" lang=\"en-US\" dir=\"ltr\" data-wpcf7-id=\"2336\">\n<div class=\"screen-reader-response\"><p role=\"status\" aria-live=\"polite\" aria-atomic=\"true\"><\/p> <ul><\/ul><\/div>\n<form action=\"\/es\/wp-json\/wp\/v2\/pages\/418#wpcf7-f2336-o1\" method=\"post\" class=\"wpcf7-form init\" aria-label=\"Contact form\" enctype=\"multipart\/form-data\" novalidate=\"novalidate\" data-status=\"init\">\n<fieldset class=\"hidden-fields-container\"><input type=\"hidden\" name=\"_wpcf7\" value=\"2336\" \/><input type=\"hidden\" name=\"_wpcf7_version\" value=\"6.1.5\" \/><input type=\"hidden\" name=\"_wpcf7_locale\" value=\"en_US\" \/><input type=\"hidden\" name=\"_wpcf7_unit_tag\" value=\"wpcf7-f2336-o1\" \/><input type=\"hidden\" name=\"_wpcf7_container_post\" value=\"0\" \/><input type=\"hidden\" name=\"_wpcf7_posted_data_hash\" value=\"\" \/>\n<\/fieldset>\n<p>T\u00edtulo\n<\/p>\n<p><span class=\"wpcf7-form-control-wrap\" data-name=\"title\"><select class=\"wpcf7-form-control wpcf7-select\" aria-invalid=\"false\" name=\"title\"><option value=\"Sr.\">Sr.<\/option><option value=\"se\u00f1orita\">se\u00f1orita<\/option><option value=\"se\u00f1ora\">se\u00f1ora<\/option><option value=\"Dr\">Dr<\/option><\/select><\/span>\n<\/p>\n<p>Nombre de pila\n<\/p>\n<p><span class=\"wpcf7-form-control-wrap\" data-name=\"Forename\"><input size=\"40\" maxlength=\"400\" class=\"wpcf7-form-control wpcf7-text wpcf7-validates-as-required\" aria-required=\"true\" aria-invalid=\"false\" placeholder=\"Requerido\" value=\"\" type=\"text\" name=\"Forename\" \/><\/span>\n<\/p>\n<p>Apellidos\n<\/p>\n<p><span class=\"wpcf7-form-control-wrap\" data-name=\"Surname\"><input size=\"40\" maxlength=\"400\" class=\"wpcf7-form-control wpcf7-text wpcf7-validates-as-required\" aria-required=\"true\" aria-invalid=\"false\" placeholder=\"Requerido\" value=\"\" type=\"text\" name=\"Surname\" \/><\/span>\n<\/p>\n<p>Email\n<\/p>\n<p><span class=\"wpcf7-form-control-wrap\" data-name=\"Email\"><input size=\"40\" maxlength=\"400\" class=\"wpcf7-form-control wpcf7-email wpcf7-validates-as-required wpcf7-text wpcf7-validates-as-email\" aria-required=\"true\" aria-invalid=\"false\" placeholder=\"Requerido\" value=\"\" type=\"email\" name=\"Email\" \/><\/span>\n<\/p>\n<p>Direcci\u00f3n\n<\/p>\n<p><span class=\"wpcf7-form-control-wrap\" data-name=\"Address\"><input size=\"40\" maxlength=\"400\" class=\"wpcf7-form-control wpcf7-text wpcf7-validates-as-required\" aria-required=\"true\" aria-invalid=\"false\" placeholder=\"Requerido\" value=\"\" type=\"text\" name=\"Address\" \/><\/span>\n<\/p>\n<p>Tel\u00e9fono\n<\/p>\n<p><span class=\"wpcf7-form-control-wrap\" data-name=\"Telephone\"><input size=\"40\" maxlength=\"400\" class=\"wpcf7-form-control wpcf7-tel wpcf7-validates-as-required wpcf7-text wpcf7-validates-as-tel\" aria-required=\"true\" aria-invalid=\"false\" placeholder=\"Requerido\" value=\"\" type=\"tel\" name=\"Telephone\" \/><\/span>\n<\/p>\n<h3>Pupillage Fecha de Inicio\n<\/h3>\n<p>\u00bfCu\u00e1ndo la intenci\u00f3n de comenzar la pasant\u00eda?\n<\/p>\n<p>Inicio * : <span class=\"wpcf7-form-control-wrap\" data-name=\"Start\"><input class=\"wpcf7-form-control wpcf7-date wpcf7-validates-as-required wpcf7-validates-as-date\" aria-required=\"true\" aria-invalid=\"false\" placeholder=\"YYYY-MM-DD\" value=\"\" type=\"date\" name=\"Start\" \/><\/span> fin * : <span class=\"wpcf7-form-control-wrap\" data-name=\"End\"><input class=\"wpcf7-form-control wpcf7-date wpcf7-validates-as-required wpcf7-validates-as-date\" aria-required=\"true\" aria-invalid=\"false\" placeholder=\"YYYY-MM-DD\" value=\"\" type=\"date\" name=\"End\" \/><\/span>\n<\/p>\n<h4>El inter\u00e9s en Brijnandan Singh Bhar & co\n<\/h4>\n<p>Por favor, explique por qu\u00e9 le gustar\u00eda pasar un archivo adjunto en Brijnandan Singh Bhar & Co. (Max 200 palabras)\n<\/p>\n<p><span class=\"wpcf7-form-control-wrap\" data-name=\"attachement\"><textarea cols=\"40\" rows=\"10\" maxlength=\"200\" class=\"wpcf7-form-control wpcf7-textarea wpcf7-validates-as-required\" aria-required=\"true\" aria-invalid=\"false\" placeholder=\"Requerido\" name=\"attachement\"><\/textarea><\/span>\n<\/p>\n<h4>Educaci\u00f3n\n<\/h4>\n<p>Anote todos los t\u00edtulos de SPM \/ GCSE (o equivalente) al d\u00eda con el t\u00edtulo del tema y los nombres de las instituciones donde se tomaron las calificaciones. Se requiere un desglose completo de cualquier resultado de estudios por tema. Si actualmente est\u00e1 estudiando por favor proporcione el nombre de la instituci\u00f3n y las calificaciones obtenidas en los ex\u00e1menes del curso hasta la fecha o calificaciones previstas.\n<\/p>\n<p><span class=\"wpcf7-form-control-wrap\" data-name=\"Education\"><textarea cols=\"40\" rows=\"10\" maxlength=\"2000\" class=\"wpcf7-form-control wpcf7-textarea wpcf7-validates-as-required\" aria-required=\"true\" aria-invalid=\"false\" placeholder=\"Requerido\" name=\"Education\"><\/textarea><\/span>\n<\/p>\n<p>Haga una lista de premios, becas o premios otorgados\n<\/p>\n<p><span class=\"wpcf7-form-control-wrap\" data-name=\"Awards\"><textarea cols=\"40\" rows=\"10\" maxlength=\"2000\" class=\"wpcf7-form-control wpcf7-textarea wpcf7-validates-as-required\" aria-required=\"true\" aria-invalid=\"false\" placeholder=\"Requerido\" name=\"Awards\"><\/textarea><\/span>\n<\/p>\n<h3>Legal Experiencia laboral\n<\/h3>\n<p>S\u00edrvase proporcionar una lista de la experiencia pr\u00e1ctica legal u otra experiencia relevante, por ejemplo, pr\u00e1cticas en bufetes de abogados, mini-pupillages, el trabajo voluntario, Mooting, debatir o hablar en p\u00fablico otra.\n<\/p>\n<p><span class=\"wpcf7-form-control-wrap\" data-name=\"List\"><textarea cols=\"40\" rows=\"10\" maxlength=\"2000\" class=\"wpcf7-form-control wpcf7-textarea wpcf7-validates-as-required\" aria-required=\"true\" aria-invalid=\"false\" placeholder=\"Requerido\" name=\"List\"><\/textarea><\/span>\n<\/p>\n<h4>general\n<\/h4>\n<p>\u00bfQu\u00e9 cualidades personales tiene usted lo que har\u00e1 que usted tenga \u00e9xito en el bar? (m\u00e1ximo 200 palabras)\n<\/p>\n<p><span class=\"wpcf7-form-control-wrap\" data-name=\"personal\"><textarea cols=\"40\" rows=\"10\" maxlength=\"200\" class=\"wpcf7-form-control wpcf7-textarea wpcf7-validates-as-required\" aria-required=\"true\" aria-invalid=\"false\" placeholder=\"Requerido\" name=\"personal\"><\/textarea><\/span>\n<\/p>\n<p>S\u00edrvanse proporcionar detalles de sus aficiones o intereses\n<\/p>\n<p><span class=\"wpcf7-form-control-wrap\" data-name=\"hobbies\"><textarea cols=\"40\" rows=\"10\" maxlength=\"2000\" class=\"wpcf7-form-control wpcf7-textarea wpcf7-validates-as-required\" aria-required=\"true\" aria-invalid=\"false\" placeholder=\"Requerido\" name=\"hobbies\"><\/textarea><\/span>\n<\/p>\n<h3>Monitoreo Diversidad\n<\/h3>\n<p>Esta parte del formulario es opcional y no se utiliza para la selecci\u00f3n.\n<\/p>\n<p>G\u00e9nero :\n<\/p>\n<p><span class=\"wpcf7-form-control-wrap\" data-name=\"Gender\"><span class=\"wpcf7-form-control wpcf7-radio\"><span class=\"wpcf7-list-item first\"><input type=\"radio\" name=\"Gender\" value=\"Hombre\" \/><span class=\"wpcf7-list-item-label\">Hombre<\/span><\/span><span class=\"wpcf7-list-item last\"><input type=\"radio\" name=\"Gender\" value=\"Mujer\" \/><span class=\"wpcf7-list-item-label\">Mujer<\/span><\/span><\/span><\/span>\n<\/p>\n<p>\u00bfUsted se considera que tiene una discapacidad? :\n<\/p>\n<p><span class=\"wpcf7-form-control-wrap\" data-name=\"Disability\"><span class=\"wpcf7-form-control wpcf7-radio\"><span class=\"wpcf7-list-item first\"><input type=\"radio\" name=\"Disability\" value=\"S\u00ed\" \/><span class=\"wpcf7-list-item-label\">S\u00ed<\/span><\/span><span class=\"wpcf7-list-item last\"><input type=\"radio\" name=\"Disability\" value=\"No\" \/><span class=\"wpcf7-list-item-label\">No<\/span><\/span><\/span><\/span>\n<\/p>\n<p>\u00bfC\u00f3mo describir\u00edas tu nacionalidad?\n<\/p>\n<p><span class=\"wpcf7-form-control-wrap\" data-name=\"race\"><input size=\"40\" maxlength=\"400\" class=\"wpcf7-form-control wpcf7-text wpcf7-validates-as-required\" aria-required=\"true\" aria-invalid=\"false\" placeholder=\"Requerido\" value=\"\" type=\"text\" name=\"race\" \/><\/span>\n<\/p>\n<p>Fecha de nacimiento * : <span class=\"wpcf7-form-control-wrap\" data-name=\"DOB\"><input class=\"wpcf7-form-control wpcf7-date wpcf7-validates-as-required wpcf7-validates-as-date\" aria-required=\"true\" aria-invalid=\"false\" placeholder=\"YYYY-MM-DD\" value=\"\" type=\"date\" name=\"DOB\" \/><\/span>\n<\/p>\n<h3>Otros Monitoreo\n<\/h3>\n<p><span class=\"wpcf7-form-control-wrap\" data-name=\"Aboutbsb\"><span class=\"wpcf7-form-control wpcf7-radio\"><span class=\"wpcf7-list-item first\"><input type=\"radio\" name=\"Aboutbsb\" value=\"justo pupillage\" \/><span class=\"wpcf7-list-item-label\">justo pupillage<\/span><\/span><span class=\"wpcf7-list-item\"><input type=\"radio\" name=\"Aboutbsb\" value=\"visita la Universidad\" \/><span class=\"wpcf7-list-item-label\">visita la Universidad<\/span><\/span><span class=\"wpcf7-list-item\"><input type=\"radio\" name=\"Aboutbsb\" value=\"Publicaciones\" \/><span class=\"wpcf7-list-item-label\">Publicaciones<\/span><\/span><span class=\"wpcf7-list-item\"><input type=\"radio\" name=\"Aboutbsb\" value=\"Sitio web\" \/><span class=\"wpcf7-list-item-label\">Sitio web<\/span><\/span><span class=\"wpcf7-list-item last\"><input type=\"radio\" name=\"Aboutbsb\" value=\"Directorios Otros\" \/><span class=\"wpcf7-list-item-label\">Directorios Otros<\/span><\/span><\/span><\/span>\n<\/p>\n<h3>Subir archivo\n<\/h3>\n<p>Si usted tiene un CV en formato DOC o PDF, puede subirlo y enviarlo a nosotros.\n<\/p>\n<p><span class=\"wpcf7-form-control-wrap\" data-name=\"ChooseFile\"><input size=\"40\" class=\"wpcf7-form-control wpcf7-file\" accept=\"audio\/*,video\/*,image\/*\" aria-invalid=\"false\" type=\"file\" name=\"ChooseFile\" \/><\/span>\n<\/p>\n<h3>Seguridad\n<\/h3>\n<p>Por favor escriba los caracteres de la imagen siguiente\n<\/p>\n<p><input type=\"hidden\" name=\"_wpcf7_captcha_challenge_captcha-1\" value=\"4008610173\" \/><img loading=\"lazy\" decoding=\"async\" class=\"wpcf7-form-control wpcf7-captchac wpcf7-captcha-captcha-1\" width=\"60\" height=\"20\" alt=\"captcha\" src=\"https:\/\/bsbharco.com\/wp-content\/uploads\/wpcf7_captcha\/4008610173.png\" \/>\n<\/p>\n<p><span class=\"wpcf7-form-control-wrap\" data-name=\"captcha-1\"><input size=\"40\" class=\"wpcf7-form-control wpcf7-captchar\" autocomplete=\"off\" aria-invalid=\"false\" value=\"\" type=\"text\" name=\"captcha-1\" \/><\/span>\n<\/p>\n<p><input class=\"wpcf7-form-control wpcf7-submit has-spinner\" type=\"submit\" value=\"Enviar\" \/>\n<\/p><p style=\"display: none !important;\" class=\"akismet-fields-container\" data-prefix=\"_wpcf7_ak_\"><label>&#916;<textarea name=\"_wpcf7_ak_hp_textarea\" cols=\"45\" rows=\"8\" maxlength=\"100\"><\/textarea><\/label><input type=\"hidden\" id=\"ak_js_1\" name=\"_wpcf7_ak_js\" value=\"180\"\/><script>document.getElementById( \"ak_js_1\" ).setAttribute( \"value\", ( new Date() ).getTime() );<\/script><\/p><div class=\"wpcf7-response-output\" aria-hidden=\"true\"><\/div>\n<\/form>\n<\/div>\n\n","protected":false},"excerpt":{"rendered":"<p>Brijnandan Singh Bhar &#038; Co ofrece la oportunidad de ser becario en un lugar de trabajo gratificante y lleno de desaf\u00edos. Esperamos que usted haya podido explorar otras secciones de nuestra p\u00e1gina web y haya visto los campos en los que solemos trabajar y en los que estamos especializados. Ofrecemos una combinaci\u00f3n \u00fanica de \u00e1reas [&hellip;]<\/p>\n","protected":false},"author":1,"featured_media":0,"parent":0,"menu_order":0,"comment_status":"open","ping_status":"open","template":"single-join_us.php","meta":{"_acf_changed":false,"footnotes":""},"class_list":["post-418","page","type-page","status-publish","hentry"],"acf":[],"_links":{"self":[{"href":"https:\/\/bsbharco.com\/es\/wp-json\/wp\/v2\/pages\/418","targetHints":{"allow":["GET"]}}],"collection":[{"href":"https:\/\/bsbharco.com\/es\/wp-json\/wp\/v2\/pages"}],"about":[{"href":"https:\/\/bsbharco.com\/es\/wp-json\/wp\/v2\/types\/page"}],"author":[{"embeddable":true,"href":"https:\/\/bsbharco.com\/es\/wp-json\/wp\/v2\/users\/1"}],"replies":[{"embeddable":true,"href":"https:\/\/bsbharco.com\/es\/wp-json\/wp\/v2\/comments?post=418"}],"version-history":[{"count":4,"href":"https:\/\/bsbharco.com\/es\/wp-json\/wp\/v2\/pages\/418\/revisions"}],"predecessor-version":[{"id":2344,"href":"https:\/\/bsbharco.com\/es\/wp-json\/wp\/v2\/pages\/418\/revisions\/2344"}],"wp:attachment":[{"href":"https:\/\/bsbharco.com\/es\/wp-json\/wp\/v2\/media?parent=418"}],"curies":[{"name":"wp","href":"https:\/\/api.w.org\/{rel}","templated":true}]}}