{"id":415,"date":"2014-05-22T09:12:24","date_gmt":"2014-05-22T09:12:24","guid":{"rendered":"http:\/\/192.168.1.6\/bsbharco.com\/?page_id=415"},"modified":"2014-08-22T07:56:59","modified_gmt":"2014-08-22T07:56:59","slug":"profesionales-extranjeros","status":"publish","type":"page","link":"https:\/\/bsbharco.com\/es\/profesionales-extranjeros\/","title":{"rendered":"Profesionales Extranjeros"},"content":{"rendered":"<p>En Julio de 2012, el Parlamento de Malasia aprob\u00f3 la nueva legislaci\u00f3n sobre la profesi\u00f3n jur\u00eddica.<\/p>\n<p>Dicha Ley entr\u00f3 en vigor el 20 de Septiembre de 2012.<\/p>\n<p>La nueva legislaci\u00f3n, ha allanado el camino para que bufetes y abogados extranjeros vengan a ejercer a Malasia.<\/p>\n<p>Nosotros siempre estamos buscando profesionales extranjeros que nos permitan ampliar nuestras redes legales.<\/p>\n<p>Para obtener m\u00e1s informaci\u00f3n, por favor env\u00edenos un correo electr\u00f3nico a: applications@bsbharco.com.<\/p>\n","protected":false},"excerpt":{"rendered":"<p>En Julio de 2012, el Parlamento de Malasia aprob\u00f3 la nueva legislaci\u00f3n sobre la profesi\u00f3n jur\u00eddica. Dicha Ley entr\u00f3 en vigor el 20 de Septiembre de 2012. La nueva legislaci\u00f3n, ha allanado el camino para que bufetes y abogados extranjeros vengan a ejercer a Malasia. Nosotros siempre estamos buscando profesionales extranjeros que nos permitan ampliar [&hellip;]<\/p>\n","protected":false},"author":1,"featured_media":0,"parent":0,"menu_order":0,"comment_status":"open","ping_status":"open","template":"single-join_us.php","meta":{"_acf_changed":false,"footnotes":""},"class_list":["post-415","page","type-page","status-publish","hentry"],"acf":[],"_links":{"self":[{"href":"https:\/\/bsbharco.com\/es\/wp-json\/wp\/v2\/pages\/415","targetHints":{"allow":["GET"]}}],"collection":[{"href":"https:\/\/bsbharco.com\/es\/wp-json\/wp\/v2\/pages"}],"about":[{"href":"https:\/\/bsbharco.com\/es\/wp-json\/wp\/v2\/types\/page"}],"author":[{"embeddable":true,"href":"https:\/\/bsbharco.com\/es\/wp-json\/wp\/v2\/users\/1"}],"replies":[{"embeddable":true,"href":"https:\/\/bsbharco.com\/es\/wp-json\/wp\/v2\/comments?post=415"}],"version-history":[{"count":2,"href":"https:\/\/bsbharco.com\/es\/wp-json\/wp\/v2\/pages\/415\/revisions"}],"predecessor-version":[{"id":2085,"href":"https:\/\/bsbharco.com\/es\/wp-json\/wp\/v2\/pages\/415\/revisions\/2085"}],"wp:attachment":[{"href":"https:\/\/bsbharco.com\/es\/wp-json\/wp\/v2\/media?parent=415"}],"curies":[{"name":"wp","href":"https:\/\/api.w.org\/{rel}","templated":true}]}}