{"id":413,"date":"2014-05-22T09:10:51","date_gmt":"2014-05-22T09:10:51","guid":{"rendered":"http:\/\/192.168.1.6\/bsbharco.com\/?page_id=413"},"modified":"2014-05-22T09:10:51","modified_gmt":"2014-05-22T09:10:51","slug":"profesionales-experimentados","status":"publish","type":"page","link":"https:\/\/bsbharco.com\/es\/profesionales-experimentados\/","title":{"rendered":"Profesionales Experimentados"},"content":{"rendered":"<p>Estamos buscando profesionales experimentados que quieran unirse a nuestro bufete multidisciplinar. Estos profesionales deber\u00e1n tener al menos tres a\u00f1os de experiencia en el puesto.<\/p>\n<p>&nbsp;<\/p>\n<p>Deber\u00e1n ser capaces de:<\/p>\n<p>&nbsp;<\/p>\n<p>&#8211; adaptarse a nuestros 8 principios.<\/p>\n<p>&#8211; tener conocimientos s\u00f3lidos de Derecho<\/p>\n<p>&#8211; vocalizar bien y estar muy motivados<\/p>\n<p>&#8211; ser din\u00e1micos y capaces de trabajar en equipo<\/p>\n<p>&#8211; ser capaces de asumir responsabilidades.<\/p>\n<p>&#8211; ser capaces de improvisar.<\/p>\n<p>&nbsp;<\/p>\n<p>&nbsp;<\/p>\n<p>Nosotros ofrecemos excelentes remuneraciones, gratificaciones y privilegios en funci\u00f3n de la experiencia de nuestros candidatos.<\/p>\n<p>&nbsp;<\/p>\n<p>Por favor,m\u00e1ndenos su CV a applications@bsbharco.com.<\/p>\n","protected":false},"excerpt":{"rendered":"<p>Estamos buscando profesionales experimentados que quieran unirse a nuestro bufete multidisciplinar. Estos profesionales deber\u00e1n tener al menos tres a\u00f1os de experiencia en el puesto. &nbsp; Deber\u00e1n ser capaces de: &nbsp; &#8211; adaptarse a nuestros 8 principios. &#8211; tener conocimientos s\u00f3lidos de Derecho &#8211; vocalizar bien y estar muy motivados &#8211; ser din\u00e1micos y capaces de [&hellip;]<\/p>\n","protected":false},"author":1,"featured_media":0,"parent":0,"menu_order":0,"comment_status":"open","ping_status":"open","template":"single-join_us.php","meta":{"_acf_changed":false,"footnotes":""},"class_list":["post-413","page","type-page","status-publish","hentry"],"acf":[],"_links":{"self":[{"href":"https:\/\/bsbharco.com\/es\/wp-json\/wp\/v2\/pages\/413","targetHints":{"allow":["GET"]}}],"collection":[{"href":"https:\/\/bsbharco.com\/es\/wp-json\/wp\/v2\/pages"}],"about":[{"href":"https:\/\/bsbharco.com\/es\/wp-json\/wp\/v2\/types\/page"}],"author":[{"embeddable":true,"href":"https:\/\/bsbharco.com\/es\/wp-json\/wp\/v2\/users\/1"}],"replies":[{"embeddable":true,"href":"https:\/\/bsbharco.com\/es\/wp-json\/wp\/v2\/comments?post=413"}],"version-history":[{"count":1,"href":"https:\/\/bsbharco.com\/es\/wp-json\/wp\/v2\/pages\/413\/revisions"}],"predecessor-version":[{"id":414,"href":"https:\/\/bsbharco.com\/es\/wp-json\/wp\/v2\/pages\/413\/revisions\/414"}],"wp:attachment":[{"href":"https:\/\/bsbharco.com\/es\/wp-json\/wp\/v2\/media?parent=413"}],"curies":[{"name":"wp","href":"https:\/\/api.w.org\/{rel}","templated":true}]}}