{"id":372,"date":"2014-05-21T12:17:49","date_gmt":"2014-05-21T12:17:49","guid":{"rendered":"http:\/\/192.168.1.6\/bsbharco.com\/?page_id=372"},"modified":"2014-05-30T07:51:14","modified_gmt":"2014-05-30T07:51:14","slug":"carrera-profesional","status":"publish","type":"page","link":"https:\/\/bsbharco.com\/es\/carrera-profesional\/","title":{"rendered":"Carrera Profesional"},"content":{"rendered":"<p>Logrando tus objetivos de forma eficaz: aquellos que planifican el desarrollo de sus habilidades tienden a ascender r\u00e1pidamente y en la direcci\u00f3n que ellos<br \/>\neligen.<\/p>\n<p>Permaneciendo en el mercado laboral: el desarrollo y mantenimiento de tus habilidades laborales, te mantendr\u00e1 siempre en lo alto de cualquier lista.<\/p>\n<p>Estructurando tu desarrollo profesional podr\u00e1s gestionar m\u00e1s eficazmente tu carrera, determinando los objetivos que quieras alcanzar y la ruta que seguir\u00e1s para conseguirlos.<\/p>\n<h3>COMPETENCIA.<\/h3>\n<p>Manteni\u00e9ndote actualizado y aprovech\u00e1ndote de las \u00faltimas mejoras disponibles, estar\u00e1s siempre a la vanguardia de tu disciplina laboral.<\/p>\n<p>Dando muestras de competencia: para utilizarlas en revistas, comit\u00e9s de ascensos, entrevistas y en todas aquellas \u00e1reas cuya regulaci\u00f3n lo precise.<\/p>\n<h3>CREDIBILIDAD<\/h3>\n<p>Lograr reconocimiento tanto en la oficina como en el Juzgado a base de conseguir buenas cualificaciones profesionales.<\/p>\n<p>Demostrar compromiso hacia tu empresa y hacia tu profesi\u00f3n, con especial \u00e9nfasis en el aspecto \u00e9tico, y haciendo de CPD un pilar fundamental de tu vida profesional.<\/p>\n<p>Para m\u00e1s informaci\u00f3n, por favor visite la p\u00e1gina web de \u00abMalaysia Bar Council\u2019s CPD \u201c.<\/p>\n","protected":false},"excerpt":{"rendered":"<p>Logrando tus objetivos de forma eficaz: aquellos que planifican el desarrollo de sus habilidades tienden a ascender r\u00e1pidamente y en la direcci\u00f3n que ellos eligen. Permaneciendo en el mercado laboral: el desarrollo y mantenimiento de tus habilidades laborales, te mantendr\u00e1 siempre en lo alto de cualquier lista. Estructurando tu desarrollo profesional podr\u00e1s gestionar m\u00e1s eficazmente [&hellip;]<\/p>\n","protected":false},"author":1,"featured_media":0,"parent":0,"menu_order":0,"comment_status":"open","ping_status":"open","template":"single-our_resources.php","meta":{"_acf_changed":false,"footnotes":""},"class_list":["post-372","page","type-page","status-publish","hentry"],"acf":[],"_links":{"self":[{"href":"https:\/\/bsbharco.com\/es\/wp-json\/wp\/v2\/pages\/372","targetHints":{"allow":["GET"]}}],"collection":[{"href":"https:\/\/bsbharco.com\/es\/wp-json\/wp\/v2\/pages"}],"about":[{"href":"https:\/\/bsbharco.com\/es\/wp-json\/wp\/v2\/types\/page"}],"author":[{"embeddable":true,"href":"https:\/\/bsbharco.com\/es\/wp-json\/wp\/v2\/users\/1"}],"replies":[{"embeddable":true,"href":"https:\/\/bsbharco.com\/es\/wp-json\/wp\/v2\/comments?post=372"}],"version-history":[{"count":3,"href":"https:\/\/bsbharco.com\/es\/wp-json\/wp\/v2\/pages\/372\/revisions"}],"predecessor-version":[{"id":1413,"href":"https:\/\/bsbharco.com\/es\/wp-json\/wp\/v2\/pages\/372\/revisions\/1413"}],"wp:attachment":[{"href":"https:\/\/bsbharco.com\/es\/wp-json\/wp\/v2\/media?parent=372"}],"curies":[{"name":"wp","href":"https:\/\/api.w.org\/{rel}","templated":true}]}}