{"id":366,"date":"2014-05-21T12:14:46","date_gmt":"2014-05-21T12:14:46","guid":{"rendered":"http:\/\/192.168.1.6\/bsbharco.com\/?page_id=366"},"modified":"2014-05-30T07:44:13","modified_gmt":"2014-05-30T07:44:13","slug":"archivos","status":"publish","type":"page","link":"https:\/\/bsbharco.com\/es\/archivos\/","title":{"rendered":"Archivos"},"content":{"rendered":"<p>Estamos orgullosos de saber que tenemos los mejores recursos legales del pa\u00eds, siempre en permanente crecimiento. Nuestros abogados aprovechan a diario este enorme banco de conocimientos, as\u00ed como tambi\u00e9n toda la informaci\u00f3n que se encuentra alojada en Internet. Nuestra colecci\u00f3n de revistas jur\u00eddicas y de compilaci\u00f3n de casos abarca:<\/p>\n<ul>\n<li>Accident Claims Journal<\/li>\n<li>Advanced Law Lexicon<\/li>\n<li>All England Reports<\/li>\n<li>All Malaysia Reports<\/li>\n<li>Annotated Statutes of Malaysia<\/li>\n<li>Atkins Court Forms<\/li>\n<li>Australian Law Reports<\/li>\n<li>Commonwealth Law Reports<\/li>\n<li>Cox\u2019s Criminal Law Cases<\/li>\n<li>Current Law Journal<\/li>\n<li>Halbury\u2019s Laws of England<\/li>\n<li>Law Reports \u2013 Appeal Cases<\/li>\n<li>Law Reports \u2013 Chancery Appeals<\/li>\n<li>Law Reports \u2013 Chancery Division<\/li>\n<li>Law Reports \u2013 Common Pleas<\/li>\n<li>Law Reports \u2013 Equity<\/li>\n<li>Law Reports \u2013 English &amp; Irish Appeals<\/li>\n<li>Law Reports \u2013 Exchequer Division<\/li>\n<li>Law Reports \u2013 Family Division<\/li>\n<li>Law Reports \u2013 Privy Council Appeals<\/li>\n<li>Law Reports \u2013 Probate Division<\/li>\n<li>Law Reports \u2013 Kings Bench Division<\/li>\n<li>Law Reports \u2013 Queen\u2019s Bench Division<\/li>\n<li>Law Reports \u2013 Scotch &amp; Divorce Appeals<\/li>\n<li>Lloyds Reports<\/li>\n<li>Malayan Law Journal<\/li>\n<li>Mallal\u2019s Digest<\/li>\n<li>Personal Injury Reports<\/li>\n<li>Singapore Law Reports<\/li>\n<li>The Encyclopedia of Forms and Precedents<\/li>\n<li>The Road Traffic Reports<\/li>\n<\/ul>\n<p>Varios libros de texto, referencias legales y buscadores online de casos jur\u00eddicos.<\/p>\n","protected":false},"excerpt":{"rendered":"<p>Estamos orgullosos de saber que tenemos los mejores recursos legales del pa\u00eds, siempre en permanente crecimiento. Nuestros abogados aprovechan a diario este enorme banco de conocimientos, as\u00ed como tambi\u00e9n toda la informaci\u00f3n que se encuentra alojada en Internet. Nuestra colecci\u00f3n de revistas jur\u00eddicas y de compilaci\u00f3n de casos abarca: Accident Claims Journal Advanced Law Lexicon [&hellip;]<\/p>\n","protected":false},"author":1,"featured_media":0,"parent":0,"menu_order":0,"comment_status":"open","ping_status":"open","template":"single-our_resources.php","meta":{"_acf_changed":false,"footnotes":""},"class_list":["post-366","page","type-page","status-publish","hentry"],"acf":[],"_links":{"self":[{"href":"https:\/\/bsbharco.com\/es\/wp-json\/wp\/v2\/pages\/366","targetHints":{"allow":["GET"]}}],"collection":[{"href":"https:\/\/bsbharco.com\/es\/wp-json\/wp\/v2\/pages"}],"about":[{"href":"https:\/\/bsbharco.com\/es\/wp-json\/wp\/v2\/types\/page"}],"author":[{"embeddable":true,"href":"https:\/\/bsbharco.com\/es\/wp-json\/wp\/v2\/users\/1"}],"replies":[{"embeddable":true,"href":"https:\/\/bsbharco.com\/es\/wp-json\/wp\/v2\/comments?post=366"}],"version-history":[{"count":3,"href":"https:\/\/bsbharco.com\/es\/wp-json\/wp\/v2\/pages\/366\/revisions"}],"predecessor-version":[{"id":1404,"href":"https:\/\/bsbharco.com\/es\/wp-json\/wp\/v2\/pages\/366\/revisions\/1404"}],"wp:attachment":[{"href":"https:\/\/bsbharco.com\/es\/wp-json\/wp\/v2\/media?parent=366"}],"curies":[{"name":"wp","href":"https:\/\/api.w.org\/{rel}","templated":true}]}}