{"id":363,"date":"2014-05-21T12:13:07","date_gmt":"2014-05-21T12:13:07","guid":{"rendered":"http:\/\/192.168.1.6\/bsbharco.com\/?page_id=363"},"modified":"2014-05-30T07:30:03","modified_gmt":"2014-05-30T07:30:03","slug":"nuestros-recursos","status":"publish","type":"page","link":"https:\/\/bsbharco.com\/es\/nuestros-recursos\/","title":{"rendered":"Nuestros Recursos."},"content":{"rendered":"<p>Brijnandan Singh Bhar &amp; Co est\u00e1 a la vanguardia a la hora de proporcionar los mejores servicios a nuestros clientes. Siempre buscamos estar a la \u00faltima en cuanto a tecnolog\u00eda y asuntos legales para poder as\u00ed atender de la mejor manera posible las necesidades de nuestros clientes.<\/p>\n<ul>\n<li>Publicaciones<\/li>\n<li>Archivos<\/li>\n<li>Casos:<\/li>\n<li>Consejo Privado<\/li>\n<li>Tribunal Federal<\/li>\n<li>Tribunal de Apelaci\u00f3n<\/li>\n<li>Tribunal Supremo<\/li>\n<li>Sessions Court<\/li>\n<li>Magistrates Court<\/li>\n<\/ul>\n<p>Desarrollo profesional permanente<br \/>\nEnlaces<\/p>\n","protected":false},"excerpt":{"rendered":"<p>Brijnandan Singh Bhar &amp; Co est\u00e1 a la vanguardia a la hora de proporcionar los mejores servicios a nuestros clientes. Siempre buscamos estar a la \u00faltima en cuanto a tecnolog\u00eda y asuntos legales para poder as\u00ed atender de la mejor manera posible las necesidades de nuestros clientes. Publicaciones Archivos Casos: Consejo Privado Tribunal Federal Tribunal [&hellip;]<\/p>\n","protected":false},"author":1,"featured_media":0,"parent":0,"menu_order":0,"comment_status":"open","ping_status":"open","template":"single-our_resources.php","meta":{"_acf_changed":false,"footnotes":""},"class_list":["post-363","page","type-page","status-publish","hentry"],"acf":[],"_links":{"self":[{"href":"https:\/\/bsbharco.com\/es\/wp-json\/wp\/v2\/pages\/363","targetHints":{"allow":["GET"]}}],"collection":[{"href":"https:\/\/bsbharco.com\/es\/wp-json\/wp\/v2\/pages"}],"about":[{"href":"https:\/\/bsbharco.com\/es\/wp-json\/wp\/v2\/types\/page"}],"author":[{"embeddable":true,"href":"https:\/\/bsbharco.com\/es\/wp-json\/wp\/v2\/users\/1"}],"replies":[{"embeddable":true,"href":"https:\/\/bsbharco.com\/es\/wp-json\/wp\/v2\/comments?post=363"}],"version-history":[{"count":3,"href":"https:\/\/bsbharco.com\/es\/wp-json\/wp\/v2\/pages\/363\/revisions"}],"predecessor-version":[{"id":1388,"href":"https:\/\/bsbharco.com\/es\/wp-json\/wp\/v2\/pages\/363\/revisions\/1388"}],"wp:attachment":[{"href":"https:\/\/bsbharco.com\/es\/wp-json\/wp\/v2\/media?parent=363"}],"curies":[{"name":"wp","href":"https:\/\/api.w.org\/{rel}","templated":true}]}}