{"id":267,"date":"2014-05-19T12:04:25","date_gmt":"2014-05-19T12:04:25","guid":{"rendered":"http:\/\/192.168.1.6\/bsbharco.com\/?page_id=267"},"modified":"2014-08-25T09:02:03","modified_gmt":"2014-08-25T09:02:03","slug":"asociados","status":"publish","type":"page","link":"https:\/\/bsbharco.com\/es\/asociados\/","title":{"rendered":"Asociados"},"content":{"rendered":"<div class=\"su-tabs su-tabs-style-default su-tabs-mobile-stack\" data-active=\"1\" data-scroll-offset=\"0\" data-anchor-in-url=\"no\"><div class=\"su-tabs-nav\"><span class=\"\" data-url=\"\" data-target=\"blank\" tabindex=\"0\" role=\"button\">Natasha Bhar<\/span><span class=\"\" data-url=\"\" data-target=\"blank\" tabindex=\"0\" role=\"button\">Mr Dheeraj Bhar<\/span><\/div><div class=\"su-tabs-panes\"><div class=\"su-tabs-pane su-u-clearfix su-u-trim\" data-title=\"Natasha Bhar\">\n<h2>Natasha Bhar<\/h2>\n<p><b>LLB (Hons), Barrister at Law (Middle Temple, London)<\/b><\/p>\n<p>Natasha fue admitida en la abogac\u00eda de Inglaterra y Gales el 25 de Noviembre de 2004.<\/p>\n<p>Seguidamente entr\u00f3 como becaria en James Ramsden chambers, ahora miembro integrante de la 39 Essex Street, perteneciente a la \u00e9lite del Derecho comercial y de planeamiento urban\u00edstico, al cual siguieron otros.<\/p>\n<p>Durante su estancia en chambers se benefici\u00f3 de la amplia gama de actividades comerciales, p\u00fablicas, con autoridades locales y concernientes a aspectos regulatorios con las que trabajaban. Su trabajo, entre otras cosas, incluy\u00f3 tambi\u00e9n aspectos relativos al control de la legalidad, medidas cautelares y asesoramiento de autoridades locales, as\u00ed como la preparaci\u00f3n de documentos relacionados con los Tribunales y el asesoramiento de clientes particulares en asuntos de diversa naturaleza.<\/p>\n<p>En 2006, Natasha comenz\u00f3 su etapa de becaria en el bufete de Datuk Jagjit Singh of Messrs Jagjit Singh &amp; Co.<\/p>\n<p>Particip\u00f3 en varios casos de inter\u00e9s p\u00fablico, entre los que cabe destacar el esc\u00e1ndalo de CLP Board y su director de examinaciones, as\u00ed como tambi\u00e9n el ahora famoso caso de Nirmala Bonat.<br \/>\nTambi\u00e9n tiene experiencia en el tratamiento de cuestiones disciplinaria con el Colegio de Abogados, demandas por difamaci\u00f3n y en la elaboraci\u00f3n de dict\u00e1menes para varias compa\u00f1\u00edas de seguros.<\/p>\n<p>En 2007, despu\u00e9s de ser admitida en la abogac\u00eda de Malasia, se uni\u00f3 al bufete Brijnandan Singh Bhar &amp; Co.<\/p>\n<p>Desde entonces se ha especializado en partes de lesiones, temas inmobiliarios y en asuntos de familia.<\/p>\n<p>Natasha ha obtenido el beneficio derivado de haber participado en algunos casos de gran importancia, por ejemplo:<\/p>\n<h3>Tribunal Federal<\/h3>\n<ul>\n<li>Abdul Ghaffar Md Min contra Ibrahim Yusoff &amp; Amor [2008] 5 CLJ 1<\/li>\n<\/ul>\n<h3>Tribunal Superior de Justicia<\/h3>\n<ul>\n<li>Mohd Fariz Mohd Taib &amp; Amor contra Abdul Rahim Alias &amp; Amor [2011] 10 CLJ 470; [2010] 1 LNS 596<\/li>\n<\/ul>\n<h5>Natasha forma parte de las siguientes Asociaciones:<\/h5>\n<ul>\n<li>Abogac\u00eda de Inglaterra y Gales.<\/li>\n<li>The Honourable Society of the Middle Temple.<\/li>\n<li>Abogac\u00eda de Malasia.<\/li>\n<li>Abogac\u00eda de Kuala Lumpur.<\/li>\n<li>The Malaysia Middle Temple Alumni Association<\/li>\n<\/ul>\n<p>Natasha es versado es Ingl\u00e9s, Hindi, Punjabi y malayo.<\/p>\n<div class=\"vcard_main\">\n<p>Natasha se puede contactar a trav\u00e9s de:<\/p>\n<p>correo electr\u00f3nico: <a href=\"mailto:natasha@bsbharco.com\">natasha@bsbharco.com<\/a><\/p>\n<p>tel\u00e9fono: 03 \u2013 2142 8134; 2142 8135; 2110 3586<\/p>\n<p>fax: 03 \u2013 2141 3981<\/p>\n[hcardvcard title=\u00bbNatasha se puede contactar a trav\u00e9s de:\u00bb user=\u00bbNatasha Bhar\u00bb display_vcard=true display_hcard=true]\n<\/p><\/div>\n<\/div>\n<div class=\"su-tabs-pane su-u-clearfix su-u-trim\" data-title=\"Mr Dheeraj Bhar\">\n<h2>Mr Dheeraj Bhar<\/h2>\n<p><b>MBBS (Hons), MRCS (Glasgow) FAGE, PGDipLaw (Hons), ADRg (London), MCIArb (London), Barrister at Law (Middle Temple, London)<\/b><\/p>\n<p>Dheeraj tiene un rasgo \u00fanico, con una amplia variedad de experiencias personales y profesionales en dos de los m\u00e1s nobles y buscado despu\u00e9s de los campos profesionales en el mundo .<\/p>\n<p>\u00c9l es parte de un grupo selecto de s\u00f3lo un pu\u00f1ado de personas en el mundo que son de doble cualificada en ambos campos de la cirug\u00eda y la ley.<\/p>\n<p>Se gradu\u00f3 con una matr\u00edcula de honor en Medicina por Kasturba Medical College, Manipal , tras lo cual regres\u00f3 a Londres para seguir su entrenamiento quir\u00fargico para calificar como un cirujano .<\/p>\n<p>En 2008 , Dheeraj gradu\u00f3 como Cirujano de El Colegio Real de M\u00e9dicos y Cirujanos de Glasgow como Especialista en Cirug\u00eda . \u00c9l entonces comenz\u00f3 a especializarse en Cirug\u00eda Pl\u00e1stica, Est\u00e9tica y Reconstructiva .<\/p>\n<p>En 2008 , mientras trabajaba como cirujano en el Servicio Nacional de Salud y en la pr\u00e1ctica privada en la calle m\u00e9dica m\u00e1s exclusivo del mundo , Harley Street London, Dheeraj persigui\u00f3 el Diploma de Postgrado en Derecho, que pasa con honores en 2009.<\/p>\n<p>Mientras que trabaja a tiempo completo , en 2010 se inici\u00f3 el Curso de Formaci\u00f3n Profesional Bar en Londres con la Sociedad Honor\u00edfica de Middle Temple y fue llamado a la barra de Inglaterra y Gales en 2011.<\/p>\n<p>Dheeraj entonces comenz\u00f3 pasant\u00eda en las c\u00e1maras de Soo Thien Ming y nushrah bajo la supervisi\u00f3n del Sr. Soo Thien Ming y Jubilados Juez del Tribunal Federal Datuk Seri Gopal Sri Ram.<\/p>\n<p>En 2013, Dheeraj fue llamado a la barra de Malasia y fue admitido como abogado y de procurador de la Corte Superior de Malasia .<\/p>\n<p>Dheeraj es un mediador acreditado por la Resoluci\u00f3n Alternativa de Disputas Group , Londres<\/p>\n<p>\u00c9l es un m\u00e9dico practicante de registro:<\/p>\n<p>&#8211; General Medical Council , Reino Unido;<\/p>\n<p>&#8211; Consejo M\u00e9dico de la India , la India<\/p>\n<p>Es miembro de la Barra de :<\/p>\n<p>&#8211; Inglaterra y Gales ;<\/p>\n<p>&#8211; Malasia<\/p>\n<p>Dheeraj es miembro de :<\/p>\n<p>&#8211; El Colegio Real de M\u00e9dicos y Cirujanos de Glasgow<\/p>\n<p>&#8211; Instituto de \u00c1rbitros , Londres<\/p>\n<p>&#8211; Consejo Internacional de Arbitraje Comercial<\/p>\n<p>&#8211; Asociaci\u00f3n Internacional de Abogados<\/p>\n<p>&#8211; Asociaci\u00f3n de Derecho Internacional<\/p>\n<p>&#8211; Sociedad de Derecho de la Construcci\u00f3n , Londres<\/p>\n<p>&#8211; Sociedad de Derecho de la Construcci\u00f3n , Kuala Lumpur<\/p>\n<p>&#8211; Asociaci\u00f3n Brit\u00e1nica de Deporte y Derecho, Londres<\/p>\n<p>&#8211; Asociaci\u00f3n Mundial de Derecho M\u00e9dico<\/p>\n<p>&#8211; Sociedad de Derecho M\u00e9dico-Legal , Londres<\/p>\n<p>Dheeraj es miembro de :<\/p>\n<p>&#8211; Miembro de la Academia de Educaci\u00f3n General.<\/p>\n<p>Dheeraj est\u00e1 versado en ingl\u00e9s , bahasa Malasia , hindi, punjabi y urdu .<\/p>\n<div class=\"vcard_main\">\n<p>Dheeraj puede contactarse a trav\u00e9s de:<\/p>\n<p>correo electr\u00f3nico: <a href=\"mailto:natasha@bsbharco.com\">natasha@bsbharco.com<\/a><\/p>\n<p>Tel\u00e9fono: 03-2142 8134 , 03-2110 3586 , 03-2142 8135<\/p>\n<p>Fax: 03-2141 3981<\/p>\n[hcardvcard title=\u00bbDheeraj puede contactarse a trav\u00e9s de:\u00bb user=\u00bbMr Dheeraj Bhar\u00bb display_vcard=true display_hcard=true]\n<\/p><\/div>\n<\/div><\/div><\/div>\n","protected":false},"excerpt":{"rendered":"","protected":false},"author":1,"featured_media":0,"parent":0,"menu_order":0,"comment_status":"closed","ping_status":"closed","template":"single-our_people.php","meta":{"_acf_changed":false,"footnotes":""},"class_list":["post-267","page","type-page","status-publish","hentry"],"acf":[],"_links":{"self":[{"href":"https:\/\/bsbharco.com\/es\/wp-json\/wp\/v2\/pages\/267","targetHints":{"allow":["GET"]}}],"collection":[{"href":"https:\/\/bsbharco.com\/es\/wp-json\/wp\/v2\/pages"}],"about":[{"href":"https:\/\/bsbharco.com\/es\/wp-json\/wp\/v2\/types\/page"}],"author":[{"embeddable":true,"href":"https:\/\/bsbharco.com\/es\/wp-json\/wp\/v2\/users\/1"}],"replies":[{"embeddable":true,"href":"https:\/\/bsbharco.com\/es\/wp-json\/wp\/v2\/comments?post=267"}],"version-history":[{"count":15,"href":"https:\/\/bsbharco.com\/es\/wp-json\/wp\/v2\/pages\/267\/revisions"}],"predecessor-version":[{"id":2251,"href":"https:\/\/bsbharco.com\/es\/wp-json\/wp\/v2\/pages\/267\/revisions\/2251"}],"wp:attachment":[{"href":"https:\/\/bsbharco.com\/es\/wp-json\/wp\/v2\/media?parent=267"}],"curies":[{"name":"wp","href":"https:\/\/api.w.org\/{rel}","templated":true}]}}