{"id":264,"date":"2014-05-19T12:00:46","date_gmt":"2014-05-19T12:00:46","guid":{"rendered":"http:\/\/192.168.1.6\/bsbharco.com\/?page_id=264"},"modified":"2014-08-25T11:01:42","modified_gmt":"2014-08-25T11:01:42","slug":"asociados-senior","status":"publish","type":"page","link":"https:\/\/bsbharco.com\/es\/asociados-senior\/","title":{"rendered":"Asociados Senior"},"content":{"rendered":"<div class=\"su-tabs su-tabs-style-default su-tabs-mobile-stack\" data-active=\"1\" data-scroll-offset=\"0\" data-anchor-in-url=\"no\"><div class=\"su-tabs-nav\"><span class=\"\" data-url=\"\" data-target=\"blank\" tabindex=\"0\" role=\"button\">Shailender Bhar<\/span><span class=\"\" data-url=\"\" data-target=\"blank\" tabindex=\"0\" role=\"button\">Pr\u00f3ximamente<\/span><\/div><div class=\"su-tabs-panes\"><div class=\"su-tabs-pane su-u-clearfix su-u-trim\" data-title=\"Shailender Bhar\">\n<h2>Shailender Bhar<\/h2>\n<p><b>LLB (Hons), Barrister at Law (Middle Temple, London)<\/b><\/p>\n<p><img loading=\"lazy\" decoding=\"async\" class=\"alignright size-medium wp-image-1591\" src=\"http:\/\/bsbharco.com\/wp-content\/uploads\/2013\/04\/27186_10150161206390311_5016456_n-209x300.jpg\" alt=\"27186_10150161206390311_5016456_n\" width=\"209\" height=\"300\" \/>En 2003, Shailender fue aceptado en la Asociaci\u00f3n de Abogados de Inglaterra y Gales tras completar satisfactoriamente su curso de ingreso en la Honorable Society of\u00a0 the Middle Temple.<\/p>\n<p>Posteriormente trabaj\u00f3 de becario en 4-5 Gray\u2019s Inn Square en los despachos de Timothy Straker\u00a0 y Elizabeth Appleby\u00a0 y bajo la supervisi\u00f3n de James Ramsden. \u00a0 Despu\u00e9s de finalizar su periodo de becario, Sheilander acept\u00f3 el ofrecimiento del bufete y se qued\u00f3 en calidad de abogado junior. \u00a0<\/p>\n<p> Particip\u00f3 en todas las \u00e1reas de ejercicio de 4-5 Gray\u2019s Inn Square, Shailender, especialmente en la resoluci\u00f3n de disputas comerciales, aspectos regulatorios, disciplinarios, relacionadas con los medios de comunicaci\u00f3n, deportivos y de Derecho p\u00fablico. \u00a0<\/p>\n<p> Durante su estancia en Londres, Shailender trabaj\u00f3 en los siguientes casos: \u00a0 Asesoramiento a un gran Ayuntamiento con relaci\u00f3n al contrato de mantenimiento de unos terrenos en disputa. \u00a0 <\/p>\n<p>Asistente en la defensa de unos clientes italianos involucrados en una disputa multimillonaria por un contrato de exportaci\u00f3n de ropa y otros materiales. \u00a0 <\/p>\n<p>Asistente en la mediaci\u00f3n entre la compa\u00f1\u00eda reclamante y un antiguo \u00a0 Operador del circuito de F-1 de Gran Breta\u00f1a sobre el merchandising y la gesti\u00f3n de eventos. \u00a0<\/p>\n<p> Asesoramiento a una asociaci\u00f3n local sobre una demanda multimillonariacontra una importante compa\u00f1\u00eda de canalizaci\u00f3n de gas y su contratista de ingenier\u00eda civil. \u00a0<\/p>\n<p> Asesoramiento y demanda por cuenta de un particular contra un ex abogado por negligencia profesional. \u00a0<\/p>\n<p> Asesoramiento de una compa\u00f1\u00eda de mercadeo en una potencial demanda contractual contra una empresa de correos por haber fracasado en su pol\u00edtica de env\u00edos. \u00a0<\/p>\n<p> Asistente en el asesoramiento de un promotor inmobiliario con relaci\u00f3n a una orden de embargo \u00a0 Asistente en la defensa de una mutua de pensiones, seguros de vida e hipotecas por una disputa de comisiones. <\/p>\n<p>\u00a0 Asistente en un juicio por negligencia profesional contra un antiguo futbolista de la Premier League. \u00a0 Asistente en la defensa de un entrenador de caballos por una pol\u00e9mica acerca de la tasaci\u00f3n de uno en concreto y de su pol\u00edtica de entrenamiento. <\/p>\n<p>\u00a0 Asistente en la representaci\u00f3n de la Seguridad Social brit\u00e1nica contra los \u00f3pticos por sus demandas ilegales, aprovechamientos il\u00edcitos y sobreprecios. \u00a0<\/p>\n<p> Mediador en la disputa entre una imprenta y su suministrador de materiales. \u00a0<\/p>\n<p> Asistente en una demanda por la agresi\u00f3n sexual sufrida por un empleado de una compa\u00f1\u00eda de relaciones empresariales.<\/p>\n<p> La demanda era contra una conocida empresa alemana de fabricaci\u00f3n de coches. \u00a0 En 2005, Shailender es admitido en la Asociaci\u00f3n de Abogados de Malasia. <\/p>\n<p>A partir de entonces comienza su andadura con Brijnandan Singh Bhar &amp; Co, concentr\u00e1ndose principalmente en las \u00e1reas de trabajo m\u00e1s importantes de la empresa, incluyendo da\u00f1os personales, negligencia m\u00e9dica, Derecho mercantil y asuntos tributarios. \u00a0<\/p>\n<p> Los abogados suelen pedir la opini\u00f3n de Shailender en asuntos procesales y relacionados con las costas del juicio. \u00a0<\/p>\n<p> \u00c9l tambi\u00e9n se ocupa de las apelaciones y de ser el interlocutor de los dem\u00e1s bufetes ante el Tribunal Supremo y el de Apelaciones. \u00a0 <\/p>\n<p>Shailender se encarg\u00f3 recientemente de la de una demanda multimillonaria y de car\u00e1cter colectivo contra un importante distribuidor y fabricante multinacional de lentes de contacto, la cual se sald\u00f3 satisfactoriamente a nuestro favor en 2012.<\/p>\n<p>Shailender tambi\u00e9n est\u00e1 especializado en una amplia gama de asuntos civiles,\u00a0 comerciales y de almirantazgo, entre los que se incluyen multimillonarias disputas por el bunkering de buques, por asuntos relacionados con la construcci\u00f3n as\u00ed como por temas de enriquecimiento ilegal. \u00a0 <\/p>\n<p>Shailender ha llevado numerosos casos, algunos de los cuales han salido en los medios de comunicaci\u00f3n y en informes jur\u00eddicos, entre los que se incluyen:<\/p>\n<h3>Tribunal Federal<\/h3>\n<ul>\n<li>Abdul Ghaffar Md Amin contra Ibrahim Yusoff &amp; Anor [2008] 5 CLJ<\/li>\n<\/ul>\n<h3>Tribunal de Apelaci\u00f3n<\/h3>\n<ul>\n<li>Pacific &amp; Orient Insurance Co Bhd contra Muniammah Muniandy [2011] 1 CLJ 947<\/li>\n<li>Annamalay Retnam contra Mah Chong Peng &amp; Anor [2010] 6 CLJ 487<\/li>\n<li>Sukatno contra Lee Seng Kee &amp; Anor [2009] 4 CLJ 171; [2009] 1 LNS 115<\/li>\n<li>Mohd Nor Afandi Mohamed Junus contra Rahman Shah Alang Ibrahim &amp; Anor [2008] 2 CLJ 369<\/li>\n<li>Ibrahim Yusoff &amp; Anor contra Abdul Ghaffar Md Amin [2009] 1 LNS 1383<\/li>\n<li>Azizi Amran contra Hizzam Che Hassan [2006] 2 CLJ 821; [2006] 1 LNS 24<\/li>\n<\/ul>\n<h3>Tribunal Superior de Justicia<\/h3>\n<ul>\n<li>Anum Bin Adnan &amp; Anor contra Gadong Bin Singkok [2012] MLJ 575<\/li>\n<li>Mohd Fariz Mohd Taib &amp; Anor contra Abdul Rahim Alias &amp; Anor [2011] 10 CLJ 470; [2010] 1 LNS 596<\/li>\n<li>Pacific &amp; Orient Insurance Co Bhd contra Muniammah Muniandy [2011] 9 CLJ 569; [2010] 1 LNS 1102<\/li>\n<li>Fauziah Hassan Khutoos contra Dr Ahmad Kamal Mohamed &amp; Anor [2010] 1 LNS 1576<\/li>\n<li>Adnan Idris contra Norsharina Othman [2009] 1 LNS 874<\/li>\n<li>Abdul Rahman Mohd Shariff y Anor v Mohd Fauzi Selamat [2007] 1 LNS 684<\/li>\n<\/ul>\n<h3>Posiciones de Nota<\/h3>\n<ul>\n<li>2010-Presente: Miembro del Club Rotario de Bangsar y Paul Harris<\/li>\n<li>2010-Presente: miembro del Comit\u00e9 en varios sub-comit\u00e9s del Consejo de Abogados de Malasia<\/li>\n<li>1999-2002: Presidente de la Universidad de Malasia y de Singapur Sociedad<\/li>\n<li>1999-2001: Presidente de las Sociedades de la Universidad Foro<\/li>\n<li>1999-2001: Sociedades Representante en el Comit\u00e9 de Estudiantes de la Universidad<\/li>\n<\/ul>\n<p>Shailender est\u00e1 versado en los idiomas ingl\u00e9s, bahasa Malasia, hindi, punjabi y urdu.<\/p>\n<div class=\"vcard_main\">\n<p>Shailender puede contactarse a trav\u00e9s de:<\/p>\n<p>correo electr\u00f3nico: <a href=\"mailto:shailender@bsbharco.com\">shailender@bsbharco.com<\/a> <\/p>\n<p>tel\u00e9fono: +603 2142 8134 \/ 8135; 2110 3586 <\/p>\n<p>fax: +603 2141 3981<\/p>\n[hcardvcard title=\u00bbShailender can be contacted through:\u00bb user=\u00bbShailender Bhar\u00bb display_vcard=true display_hcard=true]\n<\/p><\/div>\n<\/div>\n<div class=\"su-tabs-pane su-u-clearfix su-u-trim\" data-title=\"Pr\u00f3ximamente\">\n<p>To be announced shortly.<\/div><\/div><\/div>\n","protected":false},"excerpt":{"rendered":"","protected":false},"author":1,"featured_media":0,"parent":0,"menu_order":0,"comment_status":"open","ping_status":"open","template":"single-our_people.php","meta":{"_acf_changed":false,"footnotes":""},"class_list":["post-264","page","type-page","status-publish","hentry"],"acf":[],"_links":{"self":[{"href":"https:\/\/bsbharco.com\/es\/wp-json\/wp\/v2\/pages\/264","targetHints":{"allow":["GET"]}}],"collection":[{"href":"https:\/\/bsbharco.com\/es\/wp-json\/wp\/v2\/pages"}],"about":[{"href":"https:\/\/bsbharco.com\/es\/wp-json\/wp\/v2\/types\/page"}],"author":[{"embeddable":true,"href":"https:\/\/bsbharco.com\/es\/wp-json\/wp\/v2\/users\/1"}],"replies":[{"embeddable":true,"href":"https:\/\/bsbharco.com\/es\/wp-json\/wp\/v2\/comments?post=264"}],"version-history":[{"count":16,"href":"https:\/\/bsbharco.com\/es\/wp-json\/wp\/v2\/pages\/264\/revisions"}],"predecessor-version":[{"id":2293,"href":"https:\/\/bsbharco.com\/es\/wp-json\/wp\/v2\/pages\/264\/revisions\/2293"}],"wp:attachment":[{"href":"https:\/\/bsbharco.com\/es\/wp-json\/wp\/v2\/media?parent=264"}],"curies":[{"name":"wp","href":"https:\/\/api.w.org\/{rel}","templated":true}]}}