{"id":261,"date":"2014-05-19T11:59:00","date_gmt":"2014-05-19T11:59:00","guid":{"rendered":"http:\/\/192.168.1.6\/bsbharco.com\/?page_id=261"},"modified":"2014-08-25T10:59:44","modified_gmt":"2014-08-25T10:59:44","slug":"socios","status":"publish","type":"page","link":"https:\/\/bsbharco.com\/es\/socios\/","title":{"rendered":"Socios"},"content":{"rendered":"<div class=\"su-tabs su-tabs-style-default su-tabs-mobile-stack\" data-active=\"1\" data-scroll-offset=\"0\" data-anchor-in-url=\"no\"><div class=\"su-tabs-nav\"><span class=\"\" data-url=\"\" data-target=\"blank\" tabindex=\"0\" role=\"button\">Dato\u2019 Brijnandan Singh Bhar<\/span><span class=\"\" data-url=\"\" data-target=\"blank\" tabindex=\"0\" role=\"button\">Nimal de Silva @ Nasaruddin Nimal Abdullah<\/span><\/div><div class=\"su-tabs-panes\"><div class=\"su-tabs-pane su-u-clearfix su-u-trim\" data-title=\"Dato\u2019 Brijnandan Singh Bhar\">\n<h2>Dato\u2019 Brijnandan Singh Bhar<\/h2>\n<p><b>\u00a0DSPN (Penang), Barrister at Law (Middle Temple, London)<\/b><\/p>\n<p>Brijnandan tiene m\u00e1s de 40 a\u00f1os de experiencia en la abogac\u00eda.<\/p>\n<p>Fue aceptado en el Colegio de Abogados de Inglaterra y Gales en 1971.<\/p>\n<p>Posteriormente se uni\u00f3 al bufete de Michael Carr como becario, antes de regresar a Malasia al a\u00f1o siguiente.<\/p>\n<p>Fue admitido para ejercer la abogac\u00eda en Malasia en 1972 y debut\u00f3 en un modesto bufete especializado en Derecho Penal y casos de negligencia.<\/p>\n<p>En 1975, Brijnandan tuvo el privilegio de ser invitado al Consejo Privado del Reino Unido.<\/p>\n<p>En 1977, Brijnandan fund\u00f3 su propia empresa, especializ\u00e1ndose en las \u00e1reas de Derecho Penal y negligencias.<\/p>\n<p>Apareci\u00f3 en casos cada vez m\u00e1s importantes, que llegaron incluso a ser juzgados en el Tribunal Supremo.<\/p>\n<p>A continuaci\u00f3n, y debido a las peticiones de sus clientes, estableci\u00f3 unas cuantas oficinas en distintos estados de Malasia.<br \/>\nBrijnandan estuvo involucrado en casos que sentaron jurisprudencia en el \u00e1rea de los seguros.<\/p>\n<p>Su vasta experiencia en asuntos litigiosos civiles y comerciales le ha dado una fama tal que suele ser requerido frecuentemente por otros bufetes que buscan apoyarse en su opini\u00f3n para sus apelaciones o juicios ante los distintos Tribunales (Supremo, de Apelaci\u00f3n o Federal).<\/p>\n<p>Brijnandan ha llevado infinidad de casos, pero los m\u00e1s c\u00e9lebres son los siguientes:<\/p>\n<h3>CONSEJO PRIVADO<\/h3>\n<ul>\n<li>Yahaya Bin Mohamad contra Chin Tuan Nam [1975] 2 MLJ 117.<\/li>\n<\/ul>\n<h3>TRIBUNAL FEDERAL<\/h3>\n<ul>\n<li>Abdul Ghaffar Md Amin contra Ibrahim Yusoff &amp; Anor [2008] 5 CLJ 1<\/li>\n<li>Gooi Hock Seng contra Chuah Guat Khim [2001] 1 CLJ 583<\/li>\n<li>Teoh Kim Seng contra Hassan Mohamad &amp; Anor [1987] 2 CLJ 205<\/li>\n<\/ul>\n<h3>TRIBUNAL DE APELACI\u00d3N<\/h3>\n<ul>\n<li>Lim Gim Seah contra Lokman Talib &amp; Ors [2012] 5 CLJ 561; [2012] 1 LNS 253; [2012] MLJU 83<\/li>\n<li>Pacific &amp; Orient Insurance Co Bhd contra Muniammah Muniandy [2011] 1 CLJ 947<\/li>\n<li>Annamalay Retnam contra Mah Chong Peng &amp; Anor [2010] 6 CLJ 487; [2010] MLJU 449<\/li>\n<li>Sukatno contra Lee Seng Kee &amp; Anor [2009] 4 CLJ 171; [2009] 1 LNS 115<\/li>\n<li>Ibrahim Yusoff &amp; Anor contra Abdul Ghaffar Md Amin [2009] 1 LNS 1383<\/li>\n<li>Mohd Nor Afandi Mohamed Junus contra Rahman Shah Alang Ibrahim &amp; Anor [2008] 2 CLJ 369; [2007] 1 LNS 351<\/li>\n<li>Firstcrest Global Ltd &amp; Ors contra Indexia Assets Ltd &amp; Ors [2006] 3 CLJ 860; [2006] 1 LNS 65<\/li>\n<\/ul>\n<p>Azizi Amran contra Hizzam Che Hassan [2006] 2 CLJ 821; [2006] 1 LNS 24<\/p>\n<ul>\n<li>Noraini Omar &amp; Anor contra Rohaini Said &amp; Another Appeal [2006] 1 CLJ 895<\/li>\n<li>Karumalay Vanniyan &amp; Anor contra Ananthan Rethinam [2005] 2 CLJ 429<\/li>\n<li>Raja Guppal Ramasamy contra Sagaran Pakiam [1999] 2 CLJ 972<\/li>\n<\/ul>\n<h3>TRIBUNAL SUPREMO<\/h3>\n<ul>\n<li>Divian Michael a\/l Augustin Paes contra Mohd Falil Bin Md Amin &amp; Anor [2013] 7 MLJ 313<\/li>\n<li>Shaiful Nizam bin Ismail contra Mohd Azrul bin Rosli &amp; Anor [2013] 7 MLJ 671<\/li>\n<li>Devadass a\/l Raju contra Tham Soon Kum &amp; Ors [2013] 1 MLJ 700<\/li>\n<li>Yeow Siow Huat contra Lim Shuh Shin &amp; Anor [2012] MLJU 763<\/li>\n<li>Letchumay Palaniappan contra Mahalingam Subramaniam &amp; Anor [2012] 7 CLJ 271; [2012] 1 LNS 444; [2012] MLJU 572<\/li>\n<li>Mohd Fariz Mohd Taib &amp; Anor contra Abdul Rahim Alias &amp; Anor [2011] 10 CLJ 470; [2010] 1 LNS 596<\/li>\n<li>Pacific &amp; Orient Insurance Co Bhd contra Muniammah Muniandy [2011] 9 CLJ 569; [2010] 1 LNS 1102<\/li>\n<li>Muralitharan Naraisamy &amp; Anor contra Ahmad Nowawi Saad [2011] 1 CLJ 201; [2010] 1 LNS 151<\/li>\n<li>Fauziah Hassan Khutoos contra Dr Ahmad Kamal Mohamed &amp; Anor [2010] 1 LNS 1576<\/li>\n<li>Lee Hock Lai contra Yeoh Wah Pein [2010] 9 CLJ 586<\/li>\n<li>Adnan Idris contra Norsharina Othman [2009] 1 LNS 874<\/li>\n<li>Sarbanum Mahdi &amp; Anor contra Johnson Arul Arulsamy &amp; Ors [2009] 1 LNS 1218<\/li>\n<li>Pacific &amp; Orient Insurance Co Berhad contra Krishnan Moorthy Veerappan [2009] 1 LNS 1552<\/li>\n<li>Zainuddin Uyub contra Jalil Tumirin &amp; Anor [2009] 1 LNS 1139<\/li>\n<li>Kurnia Insurans Malaysia Berhad contra Seeralandevan Thanda Moorthy [2009] 1 LNS 1675<\/li>\n<li>Noor Afzal Ahmad contra Saifuddin Md Mokhtaruddin [2008] 1 LNS 593<\/li>\n<li>Faizal Osman contra Neelakandan Manarsamy [2008] 9 CLJ 536; [2008] 1 LNS 455<\/li>\n<li>Abdul Rahman Mohd Shariff &amp; Anor contra Mohd Fauzi Selamat [2007] 1 LNS 684<\/li>\n<li>Marimuthu Velappan contra Abdullah Ismail [2007] 1 CLJ 436<\/li>\n<li>Anchur Tang Velaitham &amp; Anor contra Lee Yu Hwang [2007] 1 LNS 328<\/li>\n<li>Yeoh Loh Huat contra Chan Huan Seng [2006] 6 CLJ 142; [2003] 1 LNS 693<\/li>\n<li>Azizi Amran contra Hizzam Che Hassan [2003] 7 CLJ 509; [2003] 1 LNS 437<\/li>\n<li>Loh Hee Thuan contra Mohd Zani Abdullah [2003] 1 CLJ 410<\/li>\n<li>Tan Tok Nam And Ors contra Pan Global Insurance Sdn Bhd [2002] 1 LNS 155<\/li>\n<li>Goh Sook Kim &amp; Satu Lagi contra Lee Weng Kooi &amp; Yang Lain [2001] 7 CLJ 324<\/li>\n<li>Mohamad Mat Amin &amp; Ors contra Mohd Rabu Ihsan [2002] 5 CLJ 47<\/li>\n<li>Karumalay Vanniyan &amp; Anor contra Ananthan Rethinam [2001] 1 LNS 80<\/li>\n<li>Mohd Ismail Mukri contra Annadorai Narayansamy [2001] 1 LNS 62<\/li>\n<li>Mohd Zin Abdullah contra Aznizal Rajari [2001] 1 CLJ 672<\/li>\n<li>Tan Kim Swee contra Pegawai Pentadbir Pusaka Harta Pusaka Norazmi Ahmad [2001] 1 CLJ 719<\/li>\n<li>Murugasan Kuppusamy &amp; Anor contra Chiew Eng Chai [2000] 1 CLJ 42<\/li>\n<li>Kerajaan Negeri Kedah contra Sobri Bin Salleh [2000] 8 CLJ 256; [1997] 1 LNS 564<\/li>\n<li>Lee Hock Lai contra Yeoh Wah Pein [1998] 1 LNS 364<\/li>\n<li>Lee Yee Yew contra United Oriental Assurance Sdn Bhd &amp; Another Case [1998] 4 CLJ 763<\/li>\n<li>Raja Guppal Ramasamy contra Sagaran Pakiam [1998] 5 CLJ 656<\/li>\n<li>Halimah Bte Abdullah Dan Satu Lagi contra Yusof Bin Darus [1997] 1 LNS 205<\/li>\n<li>Ewe Thuan Khay &amp; Tan Suak Wak contra Mathuran Narayanan [1997] 3 CLJ 903<\/li>\n<li>Salleh Fauzi Bin Hassan Mutahi &amp; Anor contra Muhammad Tarmizi Bin Pandak Ismail [1996] 1 LNS 36<\/li>\n<li>Md Saad Bin Kassim contra Tan Siew Looi &amp; Anor [1996] 1 LNS 382<\/li>\n<li>Abdul Halim Bin Ibrahim contra Kilang Beras Hanafi &amp; Anak-Anak Sdn Bhd [1995] 1 LNS 431<\/li>\n<li>Lee Ewe Teik contra Ariffin Hussain [1990] 1 CLJ 191<\/li>\n<li>Kuppusamy L. Sundarajoo contra Nithanathan Muniandy [1990] 1 CLJ 1148<\/li>\n<li>Anuar Bin Mat Amin contra Abdullah Bin Mohd Zain [1989] 1 LNS 74<\/li>\n<li>Dewaramah Ellapin contra Ibrahim Abdul Hamid &amp; Anor [1989] 1 CLJ 18<\/li>\n<li>Hassam Bin Mohamad &amp; Anor contra Teoh Kim Seng [1986] 1 LNS 53<\/li>\n<li>Tan Goon Gan contra Ang Teik Beng [1984] 1 CLJ 388<\/li>\n<li>QBE Insurance Ltd contra Hashim Bin Abdul &amp; Anor [1980] 1 LNS 157<\/li>\n<li>Mohamed Hanif &amp; Anor contra Chin Ah Bah [1973] 1 LNS 91<\/li>\n<\/ul>\n<p>Se puede poner en contacto con Brijnandan de las siguientes maneras:<\/p>\n<div class=\"vcard_main\">\n<p>Correo electr\u00f3nico: <a href=\"mailto:brijnandan@bsbharco.com\">brijnandan@bsbharco.com<\/a><\/p>\n<p>Tel\u00e9fonos: 03 \u2013 2142 8134 \/ 8135; 2110 3586<br \/>\n04 \u2013 229 2984; 229 3025<\/p>\n<p>Fax: 03 \u2013 2141 3981; 04 \u2013 229 2985<\/p>\n[hcardvcard title=\u00bbBrijnandan Bhar can be contacted through:\u00bb user=\u00bbBrijnandan Singh Bhar\u00bb display_vcard=true display_hcard=true]\n<\/p><\/div>\n<\/div>\n<div class=\"su-tabs-pane su-u-clearfix su-u-trim\" data-title=\"Nimal de Silva @ Nasaruddin Nimal Abdullah\">\n<h2>Nimal de Silva @ Nasaruddin Nimal Abdullah<\/h2>\n<p><b>Barrister at Law (Lincoln\u2019s Inn, London)<\/b><\/p>\n<p>Nimal est\u00e1 en activo desde hace m\u00e1s de 30 a\u00f1os.<\/p>\n<p>\u00c9l forma parte de la Honorable Society of Lincoln\u00b4s Inn.<\/p>\n<p>Fue admitido en la abogac\u00eda de Inglaterra y Gales en 1983.<\/p>\n<p>Antes de ello, Nimal colabor\u00f3 con ilustres abogados de Londres,<\/p>\n<p>especialmente con Julian Lee, un penalista de reconocido prestigio en Offenbach &amp; Co.<\/p>\n<p>Nimal aprovech\u00f3 su oportunidad y ayud\u00f3 en una serie de casos de perfil alto, como el de los asesinatos en el Old Bailey o en otros de tr\u00e1fico de drogas, por citar tan solo algunos de ellos.<\/p>\n<p>Su buen desempe\u00f1o en esta serie de casos, le vali\u00f3 las felicitaciones personales de Sir\u00a0 Peter Jackson (juez del Tribunal Supremo de Inglaterra) , Rudi Fortson (del bufete londinense Bedford Row Chambers) y de Roderick Price (del 187 Fleet Street Chambers). Todos ellos reputados miembros de la abogac\u00eda inglesa.<\/p>\n<p>Nimal entonces decidi\u00f3 retornar a Malasia, trabajando primeramente para Karpal Singh &amp; Co., especialista en Derecho Penal y Constitucional.<\/p>\n<p>Durante su estancia en Karpal Singh &amp; Co., represent\u00f3 a clientes en casos que fueron portada frecuente de diarios nacionales.<\/p>\n<p>Sus conocimientos se extienden tambi\u00e9n al \u00e1rea castrense y a las medidas cautelares.<\/p>\n<p>Nimal se uni\u00f3 a Brijnandan Singh Bhar &amp; Co hace m\u00e1s de 25 a\u00f1os.<\/p>\n<p>Fue aqu\u00ed donde desarroll\u00f3 su pasi\u00f3n por el Derecho Penal y sobre todo por los casos relacionados con la negligencia.<\/p>\n<p>Nimal se convirti\u00f3 en socio de la empresa, gestionando desde entonces la oficina de Alor Setar. Es considerado uno de los pilares sobre los que se asienta el \u00e9xito de BSB &amp; Co.<\/p>\n<p>Es un reputado experto en juicios por paraplejia, muertes prematuras, en la valoraci\u00f3n de pruebas como causa de lesiones y en casos de negaci\u00f3n de responsabilidad.<\/p>\n<p>La capacidad de Nimal para simplificar complejas tramas en otras m\u00e1s sencillas pero igualmente v\u00e1lidas\u00a0 causa asombro hasta entre las mentes m\u00e1s brillantes.<\/p>\n<p>Su experiencia abarca cientos de casos, entre los que podemos citar:<\/p>\n<ul>\n<li>Yusman b Mohd Yusoff v Zaidi b Isa y 2 Ors [2012] 1 PIR 438<\/li>\n<li>Hassim b Hashim v Mohd Azwar b Ayob [2012] 1 PIR 337<\/li>\n<li>Hamize Isa v Mohamad Azhar Saad [2009] 1 LNS 1604<\/li>\n<li>Kerajaan Negeri Kedah v Sobri Bin Salleh [2000] 8 CLJ 256; [1997] 1 LNS 564<\/li>\n<li>Jamail Bin Mat Diah v KS Abd Samad A \/ L Sahul Hamid [1994] MLJU 406<\/li>\n<li>Fiscal v Chiong Cheng Wah [1988] 2 CLJ; [1988] 3 MLJ 56<\/li>\n<div class=\"vcard_main\">\n<p>Nimal puede contactarse a trav\u00e9s de:<\/p>\n<p>Correo electr\u00f3nico: <a href=\"mailto:nimal@bsbharco.com\">nimal@bsbharco.com<\/a><\/p>\n<p>Tel\u00e9fono: 04 \u2013 7313 732; 7313 037<\/p>\n<p>Fax: 04 \u2013 7317 129<br \/>\n[hcardvcard title=\u00bbNimal Abdullah can be contacted through:\u00bb user=\u00bbNimal de Silva @ Nasaruddin Nimal Abdullah\u00bb display_vcard=true display_hcard=true]\n<\/p><\/div>\n<\/div><\/div><\/div>\n","protected":false},"excerpt":{"rendered":"","protected":false},"author":1,"featured_media":0,"parent":0,"menu_order":0,"comment_status":"open","ping_status":"open","template":"single-our_people.php","meta":{"_acf_changed":false,"footnotes":""},"class_list":["post-261","page","type-page","status-publish","hentry"],"acf":[],"_links":{"self":[{"href":"https:\/\/bsbharco.com\/es\/wp-json\/wp\/v2\/pages\/261","targetHints":{"allow":["GET"]}}],"collection":[{"href":"https:\/\/bsbharco.com\/es\/wp-json\/wp\/v2\/pages"}],"about":[{"href":"https:\/\/bsbharco.com\/es\/wp-json\/wp\/v2\/types\/page"}],"author":[{"embeddable":true,"href":"https:\/\/bsbharco.com\/es\/wp-json\/wp\/v2\/users\/1"}],"replies":[{"embeddable":true,"href":"https:\/\/bsbharco.com\/es\/wp-json\/wp\/v2\/comments?post=261"}],"version-history":[{"count":12,"href":"https:\/\/bsbharco.com\/es\/wp-json\/wp\/v2\/pages\/261\/revisions"}],"predecessor-version":[{"id":2290,"href":"https:\/\/bsbharco.com\/es\/wp-json\/wp\/v2\/pages\/261\/revisions\/2290"}],"wp:attachment":[{"href":"https:\/\/bsbharco.com\/es\/wp-json\/wp\/v2\/media?parent=261"}],"curies":[{"name":"wp","href":"https:\/\/api.w.org\/{rel}","templated":true}]}}