{"id":197,"date":"2014-04-25T05:54:25","date_gmt":"2014-04-25T05:54:25","guid":{"rendered":"http:\/\/localhost\/bsbharco.com\/?page_id=197"},"modified":"2014-05-30T11:50:51","modified_gmt":"2014-05-30T11:50:51","slug":"sample-page","status":"publish","type":"page","link":"https:\/\/bsbharco.com\/es\/","title":{"rendered":"Casa"},"content":{"rendered":"<h1>Introducci\u00f3n<\/h1>\n<p>Somos un despacho de abogados de primera l\u00ednea, pionero en nuestro sector y de gran tradici\u00f3n que posee representaci\u00f3n en las principales ciudades de Malasia. A trav\u00e9s de nuestras oficinas en Kuala Lumpur, Penang y Kedah, hemos conseguido un despliegue estrat\u00e9gico que nos permite cubrir todos los servicios jur\u00eddicos que el cliente precise, tanto en el \u00e1mbito contencioso como en el no contencioso.<\/p>\n<p>Proporcionamos insuperables e innovadores servicios jur\u00eddicos que est\u00e1n a la par con los est\u00e1ndares internacionales y adem\u00e1s mantenemos importantes v\u00ednculos con otras empresas alrededor del mundo, especialmente en Reino Unido, Estados Unidos de Am\u00e9rica, India, Singapur y Mauricio.<\/p>\n<p>Estamos siempre a la vanguardia de los casos m\u00e1s complejos: aquellos en los que est\u00e1n involucrados empresas multinacionales, gobiernos, entidades p\u00fablicas y privadas o simples particulares.<\/p>\n<p>Nos caracterizamos por nuestra representaci\u00f3n legal de calidad, excelente servicio, efectividad y eficacia. \u00c9ste es nuestro ADN.<\/p>\n<p>Somos Brijnandan Singh Bhar &#038; Co.<\/p>\n","protected":false},"excerpt":{"rendered":"<p>Introducci\u00f3n Somos un despacho de abogados de primera l\u00ednea, pionero en nuestro sector y de gran tradici\u00f3n que posee representaci\u00f3n en las principales ciudades de Malasia. A trav\u00e9s de nuestras oficinas en Kuala Lumpur, Penang y Kedah, hemos conseguido un despliegue estrat\u00e9gico que nos permite cubrir todos los servicios jur\u00eddicos que el cliente precise, tanto [&hellip;]<\/p>\n","protected":false},"author":1,"featured_media":0,"parent":0,"menu_order":0,"comment_status":"open","ping_status":"open","template":"","meta":{"_acf_changed":false,"footnotes":""},"class_list":["post-197","page","type-page","status-publish","hentry"],"acf":[],"_links":{"self":[{"href":"https:\/\/bsbharco.com\/es\/wp-json\/wp\/v2\/pages\/197","targetHints":{"allow":["GET"]}}],"collection":[{"href":"https:\/\/bsbharco.com\/es\/wp-json\/wp\/v2\/pages"}],"about":[{"href":"https:\/\/bsbharco.com\/es\/wp-json\/wp\/v2\/types\/page"}],"author":[{"embeddable":true,"href":"https:\/\/bsbharco.com\/es\/wp-json\/wp\/v2\/users\/1"}],"replies":[{"embeddable":true,"href":"https:\/\/bsbharco.com\/es\/wp-json\/wp\/v2\/comments?post=197"}],"version-history":[{"count":4,"href":"https:\/\/bsbharco.com\/es\/wp-json\/wp\/v2\/pages\/197\/revisions"}],"predecessor-version":[{"id":1436,"href":"https:\/\/bsbharco.com\/es\/wp-json\/wp\/v2\/pages\/197\/revisions\/1436"}],"wp:attachment":[{"href":"https:\/\/bsbharco.com\/es\/wp-json\/wp\/v2\/media?parent=197"}],"curies":[{"name":"wp","href":"https:\/\/api.w.org\/{rel}","templated":true}]}}