{"id":1395,"date":"2014-05-30T07:39:46","date_gmt":"2014-05-30T07:39:46","guid":{"rendered":"http:\/\/www.veomit.com\/test\/bsb\/?page_id=1395"},"modified":"2014-07-12T13:02:50","modified_gmt":"2014-07-12T13:02:50","slug":"sobre-nosotros","status":"publish","type":"page","link":"https:\/\/bsbharco.com\/es\/sobre-nosotros\/","title":{"rendered":"Sobre Nosotros"},"content":{"rendered":"<p>Brijnandan Singh Bhar &#038; Co combina un excelente dominio en todas las \u00e1reas del Derecho con una adaptaci\u00f3n perfecta a las necesidades jur\u00eddicas del cliente.<\/p>\n<p>Nuestra fortaleza reside en nuestro compromiso por ofrecer servicios con visi\u00f3n de futuro y que vayan un paso m\u00e1s all\u00e1 de las necesidades de nuestros clientes.<\/p>\n<p>La honestidad con nuestros principios fundacionales no est\u00e1 re\u00f1ida con la innovaci\u00f3n y con un ambiente laboral moderno donde la diversidad y la accesibilidad juegan un papel fundamental.<\/p>\n<p>La naturaleza de nuestras pr\u00e1cticas ha ido evolucionando hasta convertirse en algo multidisciplinar y multijurisdiccional, acorde a las necesidades cambiantes de los mercados jur\u00eddicos.<\/p>\n<p>Los miembros de Brijnandan Singh Bhar &#038; Co  poseen una gran experiencia  tanto como abogados como en calidad de asesores jur\u00eddicos. Nuestra amplia cartera de clientes incluye a compa\u00f1\u00edas privadas, agencias gubernamentales, compa\u00f1\u00edas de seguros, ONGs, sindicatos, asociaciones docentes, autoridades sanitarias y a simples particulares.<\/p>\n<p>Tambi\u00e9n somos conocidos por emprender obras de caridad para particulares y para organizaciones de inter\u00e9s p\u00fablico a trav\u00e9s de nuestros proyectos de servicio comunitario.<\/p>\n","protected":false},"excerpt":{"rendered":"<p>Brijnandan Singh Bhar &#038; Co combina un excelente dominio en todas las \u00e1reas del Derecho con una adaptaci\u00f3n perfecta a las necesidades jur\u00eddicas del cliente. Nuestra fortaleza reside en nuestro compromiso por ofrecer servicios con visi\u00f3n de futuro y que vayan un paso m\u00e1s all\u00e1 de las necesidades de nuestros clientes. La honestidad con nuestros [&hellip;]<\/p>\n","protected":false},"author":1,"featured_media":0,"parent":0,"menu_order":0,"comment_status":"open","ping_status":"open","template":"single-about_us.php","meta":{"_acf_changed":false,"footnotes":""},"class_list":["post-1395","page","type-page","status-publish","hentry"],"acf":[],"_links":{"self":[{"href":"https:\/\/bsbharco.com\/es\/wp-json\/wp\/v2\/pages\/1395","targetHints":{"allow":["GET"]}}],"collection":[{"href":"https:\/\/bsbharco.com\/es\/wp-json\/wp\/v2\/pages"}],"about":[{"href":"https:\/\/bsbharco.com\/es\/wp-json\/wp\/v2\/types\/page"}],"author":[{"embeddable":true,"href":"https:\/\/bsbharco.com\/es\/wp-json\/wp\/v2\/users\/1"}],"replies":[{"embeddable":true,"href":"https:\/\/bsbharco.com\/es\/wp-json\/wp\/v2\/comments?post=1395"}],"version-history":[{"count":2,"href":"https:\/\/bsbharco.com\/es\/wp-json\/wp\/v2\/pages\/1395\/revisions"}],"predecessor-version":[{"id":1880,"href":"https:\/\/bsbharco.com\/es\/wp-json\/wp\/v2\/pages\/1395\/revisions\/1880"}],"wp:attachment":[{"href":"https:\/\/bsbharco.com\/es\/wp-json\/wp\/v2\/media?parent=1395"}],"curies":[{"name":"wp","href":"https:\/\/api.w.org\/{rel}","templated":true}]}}