{"id":1135,"date":"2014-05-29T05:51:25","date_gmt":"2014-05-29T05:51:25","guid":{"rendered":"http:\/\/www.veomit.com\/test\/bsb\/?page_id=1135"},"modified":"2014-08-22T09:49:04","modified_gmt":"2014-08-22T09:49:04","slug":"rsc","status":"publish","type":"page","link":"https:\/\/bsbharco.com\/es\/rsc\/","title":{"rendered":"RSC"},"content":{"rendered":"<p>En Brijnandan Singh Bhar &amp; Co nos comprometemos a llevar nuestro\u00a0 negocio de una forma que no est\u00e9 re\u00f1ida con nuestros valores.<\/p>\n<p>Nuestras iniciativas de responsabilidad corporativa encarnan a la perfecci\u00f3n nuestros valores demostrando lo interiorizados que est\u00e1n \u00e9stos cuando nos relacionamos con nuestros clientes y comunidades.<\/p>\n<p>Destinamos nuestro apoyo y recursos a aquellas materias en las cuales podemos lograr un mayor impacto. Este compromiso no solo beneficia a los distintos grupos de inter\u00e9s con los que trabajamos, sino que adem\u00e1s proporciona un desarrollo profesional y personal a nuestra gente, as\u00ed como oportunidades para fortalecer los lazos con la comunidad y nuestros clientes.<\/p>\n<p>Nuestras iniciativas de responsabilidad corporativa se centran en las siguientes \u00e1reas:<\/p>\n<ul>\n<li>Pro bono.<\/li>\n<li>Interacci\u00f3n con la comunidad.<\/li>\n<li>Sostenibilidad medioambiental<\/li>\n<li>Diversidad.<\/li>\n<p><a href=\"http:\/\/bsbharco.com\/corporate-sociales-responsibility\/pro-bono\/\"> Pro Bono <\/a> -Para m\u00e1s de 35 a\u00f1os, nos hemos dado acceso y asesoramiento jur\u00eddico gratuito a los desfavorecidos y los miembros vulnerables de la sociedad que de otro modo ser\u00eda inalcanzable y continuamos haci\u00e9ndolo.<br \/>\n<a href=\"http:\/\/bsbharco.com\/corporate-sociales-responsibility\/community-interaction\/\"> Interacci\u00f3n Comunidad <\/a> -Nosotros contin\u00faan fomentar la buena voluntad dentro de las comunidades en las que vivimos y trabajamos y esperamos hacer una diferencia positiva.<br \/>\n<a href=\"http:\/\/bsbharco.com\/corporate-social-responsibility\/environmental-sustainability\/\">Environmental -Hacemos Trabajos Sostenibilidad <\/a> para minimizar nuestra huella de carbono, a minimizar el uso de recursos y participar con nuestros proveedores para reducir su impacto ambiental.<br \/>\nDiversidad <a href=\"http:\/\/bsbharco.com\/corporate-sociales-responsibility\/diversity\/\"> <\/a> -Igualdad, la diversidad y la inclusi\u00f3n son fundamentales para nuestro negocio y para este fin, estamos comprometidos a reclutar, desarrollar y retener a los profesionales m\u00e1s talentosos.<\/p>\n","protected":false},"excerpt":{"rendered":"<p>En Brijnandan Singh Bhar &amp; Co nos comprometemos a llevar nuestro\u00a0 negocio de una forma que no est\u00e9 re\u00f1ida con nuestros valores. Nuestras iniciativas de responsabilidad corporativa encarnan a la perfecci\u00f3n nuestros valores demostrando lo interiorizados que est\u00e1n \u00e9stos cuando nos relacionamos con nuestros clientes y comunidades. Destinamos nuestro apoyo y recursos a aquellas materias [&hellip;]<\/p>\n","protected":false},"author":1,"featured_media":0,"parent":0,"menu_order":0,"comment_status":"open","ping_status":"open","template":"single-csr.php","meta":{"_acf_changed":false,"footnotes":""},"class_list":["post-1135","page","type-page","status-publish","hentry"],"acf":[],"_links":{"self":[{"href":"https:\/\/bsbharco.com\/es\/wp-json\/wp\/v2\/pages\/1135","targetHints":{"allow":["GET"]}}],"collection":[{"href":"https:\/\/bsbharco.com\/es\/wp-json\/wp\/v2\/pages"}],"about":[{"href":"https:\/\/bsbharco.com\/es\/wp-json\/wp\/v2\/types\/page"}],"author":[{"embeddable":true,"href":"https:\/\/bsbharco.com\/es\/wp-json\/wp\/v2\/users\/1"}],"replies":[{"embeddable":true,"href":"https:\/\/bsbharco.com\/es\/wp-json\/wp\/v2\/comments?post=1135"}],"version-history":[{"count":3,"href":"https:\/\/bsbharco.com\/es\/wp-json\/wp\/v2\/pages\/1135\/revisions"}],"predecessor-version":[{"id":2133,"href":"https:\/\/bsbharco.com\/es\/wp-json\/wp\/v2\/pages\/1135\/revisions\/2133"}],"wp:attachment":[{"href":"https:\/\/bsbharco.com\/es\/wp-json\/wp\/v2\/media?parent=1135"}],"curies":[{"name":"wp","href":"https:\/\/api.w.org\/{rel}","templated":true}]}}